{"id":9781,"date":"2025-09-03T16:38:15","date_gmt":"2025-09-03T20:38:15","guid":{"rendered":"https:\/\/medicblood.org\/?page_id=9781"},"modified":"2025-09-29T10:46:48","modified_gmt":"2025-09-29T14:46:48","slug":"promos-and-incentives","status":"publish","type":"page","link":"https:\/\/medicblood.org\/es\/promos-and-incentives\/","title":{"rendered":"Promociones e incentivos"},"content":{"rendered":"<div class=\"wp-block-stackable-columns stk-block-columns stk-block stk-5776a8c\" data-block-id=\"5776a8c\"><div class=\"stk-row stk-inner-blocks stk-block-content stk-content-align stk-5776a8c-column\">\n<div class=\"wp-block-stackable-column stk-block-column stk-column stk-block stk-542f6c3\" data-v=\"4\" data-block-id=\"542f6c3\"><div class=\"stk-column-wrapper stk-block-column__content stk-container stk-542f6c3-container stk--no-background stk--no-padding\"><div class=\"stk-block-content stk-inner-blocks stk-542f6c3-inner-blocks\">\n<div class=\"wp-block-stackable-columns stk-block-columns stk-block stk-a03a4c1\" data-block-id=\"a03a4c1\"><div class=\"stk-row stk-inner-blocks stk-block-content stk-content-align stk-a03a4c1-column\">\n<div class=\"wp-block-stackable-column stk-block-column stk-column stk-block stk-0ac56a0\" data-v=\"4\" data-block-id=\"0ac56a0\"><div class=\"stk-column-wrapper stk-block-column__content stk-container stk-0ac56a0-container stk--no-background stk--no-padding\"><div class=\"stk-block-content stk-inner-blocks stk-0ac56a0-inner-blocks\">\n<div class=\"wp-block-stackable-posts stk-block-posts stk--has-container stk-block stk-1b3033e is-style-default\" data-v=\"2\" data-block-id=\"1b3033e\"><style>.stk-1b3033e {--stk-columns:3 !important;}.stk-1b3033e .stk-img-wrapper{width:100% !important;}<\/style><div class=\"stk-inner-blocks stk-content-align stk-1b3033e-column\"><div class=\"stk-block-posts__items\"><div class=\"stk-block-posts__item\"><div class=\"stk-container stk-1b3033e-container stk-hover-parent\"><article><a href=\"https:\/\/medicblood.org\/es\/april-incentives-2\/\" class=\"stk-block-posts__image-link\"><figure class=\"stk-img-wrapper stk-image--shape-stretch\"><img loading=\"lazy\" decoding=\"async\" width=\"800\" height=\"533\" src=\"https:\/\/medicblood.org\/wp-content\/uploads\/2026\/03\/SooakyMnt2026-800-x-533-px.png\" class=\"attachment-full size-full wp-post-image\" alt=\"\" srcset=\"https:\/\/medicblood.org\/wp-content\/uploads\/2026\/03\/SooakyMnt2026-800-x-533-px.png 800w, https:\/\/medicblood.org\/wp-content\/uploads\/2026\/03\/SooakyMnt2026-800-x-533-px-300x200.png 300w, https:\/\/medicblood.org\/wp-content\/uploads\/2026\/03\/SooakyMnt2026-800-x-533-px-768x512.png 768w, https:\/\/medicblood.org\/wp-content\/uploads\/2026\/03\/SooakyMnt2026-800-x-533-px-18x12.png 18w\" sizes=\"auto, (max-width: 800px) 100vw, 800px\" \/><\/figure><\/a><h3 class=\"stk-block-posts__title\"><a href='https:\/\/medicblood.org\/es\/april-incentives-2\/'>Incentivos de abril<\/a><\/h3><div class=\"stk-block-posts__excerpt\"><p>Todos los incentivos est\u00e1n sujetos a disponibilidad.<\/p>\n<\/div><a class=\"stk-block-posts__readmore\" href=\"https:\/\/medicblood.org\/es\/april-incentives-2\/\">Continuar leyendo<\/a><\/article><\/div><\/div><div class=\"stk-block-posts__item\"><div class=\"stk-container stk-1b3033e-container stk-hover-parent\"><article><a href=\"https:\/\/medicblood.org\/es\/march-incentives-2\/\" class=\"stk-block-posts__image-link\"><figure class=\"stk-img-wrapper stk-image--shape-stretch\"><img loading=\"lazy\" decoding=\"async\" width=\"800\" height=\"533\" src=\"https:\/\/medicblood.org\/wp-content\/uploads\/2026\/03\/OrangeTshirt-800-x-533-px.png\" class=\"attachment-full size-full wp-post-image\" alt=\"\" srcset=\"https:\/\/medicblood.org\/wp-content\/uploads\/2026\/03\/OrangeTshirt-800-x-533-px.png 800w, https:\/\/medicblood.org\/wp-content\/uploads\/2026\/03\/OrangeTshirt-800-x-533-px-300x200.png 300w, https:\/\/medicblood.org\/wp-content\/uploads\/2026\/03\/OrangeTshirt-800-x-533-px-768x512.png 768w, https:\/\/medicblood.org\/wp-content\/uploads\/2026\/03\/OrangeTshirt-800-x-533-px-18x12.png 18w\" sizes=\"auto, (max-width: 800px) 100vw, 800px\" \/><\/figure><\/a><h3 class=\"stk-block-posts__title\"><a href='https:\/\/medicblood.org\/es\/march-incentives-2\/'>Incentivos de marzo<\/a><\/h3><div class=\"stk-block-posts__excerpt\"><p>Todos los incentivos est\u00e1n sujetos a disponibilidad.<\/p>\n<\/div><a class=\"stk-block-posts__readmore\" href=\"https:\/\/medicblood.org\/es\/march-incentives-2\/\">Continuar leyendo<\/a><\/article><\/div><\/div><div class=\"stk-block-posts__item\"><div class=\"stk-container stk-1b3033e-container stk-hover-parent\"><article><a href=\"https:\/\/medicblood.org\/es\/february-incentives-2\/\" class=\"stk-block-posts__image-link\"><figure class=\"stk-img-wrapper stk-image--shape-stretch\"><img loading=\"lazy\" decoding=\"async\" width=\"800\" height=\"533\" src=\"https:\/\/medicblood.org\/wp-content\/uploads\/2026\/02\/Lifesaving-State-800-x-533-px.jpg\" class=\"attachment-full size-full wp-post-image\" alt=\"\" srcset=\"https:\/\/medicblood.org\/wp-content\/uploads\/2026\/02\/Lifesaving-State-800-x-533-px.jpg 800w, https:\/\/medicblood.org\/wp-content\/uploads\/2026\/02\/Lifesaving-State-800-x-533-px-300x200.jpg 300w, https:\/\/medicblood.org\/wp-content\/uploads\/2026\/02\/Lifesaving-State-800-x-533-px-768x512.jpg 768w, https:\/\/medicblood.org\/wp-content\/uploads\/2026\/02\/Lifesaving-State-800-x-533-px-18x12.jpg 18w\" sizes=\"auto, (max-width: 800px) 100vw, 800px\" \/><\/figure><\/a><h3 class=\"stk-block-posts__title\"><a href='https:\/\/medicblood.org\/es\/february-incentives-2\/'>Incentivos de febrero<\/a><\/h3><div class=\"stk-block-posts__excerpt\"><p>Todos los incentivos est\u00e1n sujetos a disponibilidad.<\/p>\n<\/div><a class=\"stk-block-posts__readmore\" href=\"https:\/\/medicblood.org\/es\/february-incentives-2\/\">Continuar leyendo<\/a><\/article><\/div><\/div><div class=\"stk-block-posts__item\"><div class=\"stk-container stk-1b3033e-container stk-hover-parent\"><article><a href=\"https:\/\/medicblood.org\/es\/roll-up-your-sleeve\/\" class=\"stk-block-posts__image-link\"><figure class=\"stk-img-wrapper stk-image--shape-stretch\"><img loading=\"lazy\" decoding=\"async\" width=\"800\" height=\"533\" src=\"https:\/\/medicblood.org\/wp-content\/uploads\/2026\/01\/RUYS26-800-x-533-px.png\" class=\"attachment-full size-full wp-post-image\" alt=\"\" srcset=\"https:\/\/medicblood.org\/wp-content\/uploads\/2026\/01\/RUYS26-800-x-533-px.png 800w, https:\/\/medicblood.org\/wp-content\/uploads\/2026\/01\/RUYS26-800-x-533-px-300x200.png 300w, https:\/\/medicblood.org\/wp-content\/uploads\/2026\/01\/RUYS26-800-x-533-px-768x512.png 768w, https:\/\/medicblood.org\/wp-content\/uploads\/2026\/01\/RUYS26-800-x-533-px-18x12.png 18w\" sizes=\"auto, (max-width: 800px) 100vw, 800px\" \/><\/figure><\/a><h3 class=\"stk-block-posts__title\"><a href='https:\/\/medicblood.org\/es\/roll-up-your-sleeve\/'>Arrem\u00e1ngate<\/a><\/h3><div class=\"stk-block-posts__excerpt\"><p>\u00a1Arrem\u00e1ngate para ayudar a salvar vidas! MEDIC se ha asociado con WATE 6 On Your Side, Food City y GSM Rentals para la Semana \u00abArrem\u00e1ngate\u00bb. Del 19 al 23 de enero, los donantes recibir\u00e1n una sudadera de edici\u00f3n especial, una participaci\u00f3n en el sorteo de una tarjeta de regalo de Food City de $500 y una participaci\u00f3n en un sorteo...<\/p>\n<\/div><a class=\"stk-block-posts__readmore\" href=\"https:\/\/medicblood.org\/es\/roll-up-your-sleeve\/\">Continuar leyendo<\/a><\/article><\/div><\/div><div class=\"stk-block-posts__item\"><div class=\"stk-container stk-1b3033e-container stk-hover-parent\"><article><a href=\"https:\/\/medicblood.org\/es\/january-incentives-2\/\" class=\"stk-block-posts__image-link\"><figure class=\"stk-img-wrapper stk-image--shape-stretch\"><img loading=\"lazy\" decoding=\"async\" width=\"800\" height=\"533\" src=\"https:\/\/medicblood.org\/wp-content\/uploads\/2026\/01\/2025-Blood-donor-month-800-x-533-px.jpg\" class=\"attachment-full size-full wp-post-image\" alt=\"Start your year off as a hero. January is National Blood Donor Month.\" srcset=\"https:\/\/medicblood.org\/wp-content\/uploads\/2026\/01\/2025-Blood-donor-month-800-x-533-px.jpg 800w, https:\/\/medicblood.org\/wp-content\/uploads\/2026\/01\/2025-Blood-donor-month-800-x-533-px-300x200.jpg 300w, https:\/\/medicblood.org\/wp-content\/uploads\/2026\/01\/2025-Blood-donor-month-800-x-533-px-768x512.jpg 768w, https:\/\/medicblood.org\/wp-content\/uploads\/2026\/01\/2025-Blood-donor-month-800-x-533-px-18x12.jpg 18w\" sizes=\"auto, (max-width: 800px) 100vw, 800px\" \/><\/figure><\/a><h3 class=\"stk-block-posts__title\"><a href='https:\/\/medicblood.org\/es\/january-incentives-2\/'>Incentivos de enero<\/a><\/h3><div class=\"stk-block-posts__excerpt\"><p>Todos los incentivos est\u00e1n sujetos a disponibilidad.<\/p>\n<\/div><a class=\"stk-block-posts__readmore\" href=\"https:\/\/medicblood.org\/es\/january-incentives-2\/\">Continuar leyendo<\/a><\/article><\/div><\/div><div class=\"stk-block-posts__item\"><div class=\"stk-container stk-1b3033e-container stk-hover-parent\"><article><a href=\"https:\/\/medicblood.org\/es\/december-incentives-2\/\" class=\"stk-block-posts__image-link\"><\/a><h3 class=\"stk-block-posts__title\"><a href='https:\/\/medicblood.org\/es\/december-incentives-2\/'>Incentivos de diciembre<\/a><\/h3><div class=\"stk-block-posts__excerpt\"><p>Todos los incentivos est\u00e1n sujetos a disponibilidad.<\/p>\n<\/div><a class=\"stk-block-posts__readmore\" href=\"https:\/\/medicblood.org\/es\/december-incentives-2\/\">Continuar leyendo<\/a><\/article><\/div><\/div><\/div><div class=\"stk-inner-blocks\">\n<div class=\"wp-block-stackable-pagination stk-block-pagination stk-block stk-4753cd1\" data-block-id=\"4753cd1\"><style>.stk-4753cd1 .stk-button{background:var(--theme-palette-color-8, #ffffff) !important;}.stk-4753cd1 .stk-button__inner-text{color:var(--theme-palette-color-3, #454545) !important;}<\/style><div class=\"has-text-align-center stk-block-content stk-button-group\"><span title=\"P\u00e1gina 1\" aria-current=\"page\" class=\"stk-button is-active\"><span class=\"stk-button__inner-text\">1<\/span><\/span><a title=\"P\u00e1gina 2\" href=\"?stk-query-0-page=2\" class=\"stk-button\"><span class=\"stk-button__inner-text\">2<\/span><\/a><a aria-hidden=\"true\" class=\"stk-button dots\"><span class=\"stk-button__inner-text\">\u2026<\/span><\/a><a title=\"P\u00e1gina 4\" href=\"?stk-query-0-page=4\" class=\"stk-button\"><span class=\"stk-button__inner-text\">4<\/span><\/a><a title=\"P\u00e1gina siguiente\" rel=\"prev\" href=\"?stk-query-0-page=2\" class=\"stk-button next\"><span class=\"stk-button__inner-text\">Siguiente<\/span><\/a><\/div><\/div>\n<\/div><\/div><\/div>\n<\/div><\/div><\/div>\n<\/div><\/div>\n<\/div><\/div><\/div>\n<\/div><\/div>","protected":false},"excerpt":{"rendered":"","protected":false},"author":1,"featured_media":0,"parent":0,"menu_order":0,"comment_status":"closed","ping_status":"closed","template":"","meta":{"om_disable_all_campaigns":false,"footnotes":""},"class_list":["post-9781","page","type-page","status-publish","hentry"],"blocksy_meta":[],"yoast_head":"<!-- This site is optimized with the Yoast SEO plugin v27.4 - https:\/\/yoast.com\/product\/yoast-seo-wordpress\/ -->\n<title>Promos and Incentives - Medic Blood<\/title>\n<meta name=\"robots\" content=\"index, follow, max-snippet:-1, max-image-preview:large, max-video-preview:-1\" \/>\n<link rel=\"canonical\" href=\"https:\/\/medicblood.org\/es\/promos-and-incentives\/\" \/>\n<meta property=\"og:locale\" content=\"es_MX\" \/>\n<meta property=\"og:type\" content=\"article\" \/>\n<meta property=\"og:title\" content=\"Promos and Incentives - Medic Blood\" \/>\n<meta property=\"og:url\" content=\"https:\/\/medicblood.org\/es\/promos-and-incentives\/\" \/>\n<meta property=\"og:site_name\" content=\"Medic Blood\" \/>\n<meta property=\"article:publisher\" content=\"https:\/\/www.facebook.com\/medicblood\/\" \/>\n<meta property=\"article:modified_time\" content=\"2025-09-29T14:46:48+00:00\" \/>\n<meta name=\"twitter:card\" content=\"summary_large_image\" \/>\n<meta name=\"twitter:site\" content=\"@MEDICblood\" \/>\n<script type=\"application\/ld+json\" class=\"yoast-schema-graph\">{\"@context\":\"https:\\\/\\\/schema.org\",\"@graph\":[{\"@type\":\"WebPage\",\"@id\":\"https:\\\/\\\/medicblood.org\\\/promos-and-incentives\\\/\",\"url\":\"https:\\\/\\\/medicblood.org\\\/promos-and-incentives\\\/\",\"name\":\"Promos and Incentives - Medic Blood\",\"isPartOf\":{\"@id\":\"https:\\\/\\\/medicblood.org\\\/#website\"},\"datePublished\":\"2025-09-03T20:38:15+00:00\",\"dateModified\":\"2025-09-29T14:46:48+00:00\",\"breadcrumb\":{\"@id\":\"https:\\\/\\\/medicblood.org\\\/promos-and-incentives\\\/#breadcrumb\"},\"inLanguage\":\"es\",\"potentialAction\":[{\"@type\":\"ReadAction\",\"target\":[\"https:\\\/\\\/medicblood.org\\\/promos-and-incentives\\\/\"]}]},{\"@type\":\"BreadcrumbList\",\"@id\":\"https:\\\/\\\/medicblood.org\\\/promos-and-incentives\\\/#breadcrumb\",\"itemListElement\":[{\"@type\":\"ListItem\",\"position\":1,\"name\":\"Home\",\"item\":\"https:\\\/\\\/medicblood.org\\\/\"},{\"@type\":\"ListItem\",\"position\":2,\"name\":\"Promos and Incentives\"}]},{\"@type\":\"WebSite\",\"@id\":\"https:\\\/\\\/medicblood.org\\\/#website\",\"url\":\"https:\\\/\\\/medicblood.org\\\/\",\"name\":\"Medic Blood\",\"description\":\"MEDIC Regional Blood Center\",\"publisher\":{\"@id\":\"https:\\\/\\\/medicblood.org\\\/#organization\"},\"potentialAction\":[{\"@type\":\"SearchAction\",\"target\":{\"@type\":\"EntryPoint\",\"urlTemplate\":\"https:\\\/\\\/medicblood.org\\\/?s={search_term_string}\"},\"query-input\":{\"@type\":\"PropertyValueSpecification\",\"valueRequired\":true,\"valueName\":\"search_term_string\"}}],\"inLanguage\":\"es\"},{\"@type\":\"Organization\",\"@id\":\"https:\\\/\\\/medicblood.org\\\/#organization\",\"name\":\"Medic Blood\",\"url\":\"https:\\\/\\\/medicblood.org\\\/\",\"logo\":{\"@type\":\"ImageObject\",\"inLanguage\":\"es\",\"@id\":\"https:\\\/\\\/medicblood.org\\\/#\\\/schema\\\/logo\\\/image\\\/\",\"url\":\"https:\\\/\\\/medicblood.org\\\/wp-content\\\/uploads\\\/2025\\\/06\\\/medic_blood_logo_transparent.png\",\"contentUrl\":\"https:\\\/\\\/medicblood.org\\\/wp-content\\\/uploads\\\/2025\\\/06\\\/medic_blood_logo_transparent.png\",\"width\":350,\"height\":114,\"caption\":\"Medic Blood\"},\"image\":{\"@id\":\"https:\\\/\\\/medicblood.org\\\/#\\\/schema\\\/logo\\\/image\\\/\"},\"sameAs\":[\"https:\\\/\\\/www.facebook.com\\\/medicblood\\\/\",\"https:\\\/\\\/x.com\\\/MEDICblood\",\"https:\\\/\\\/www.instagram.com\\\/medicbloodcenter\\\/\"]}]}<\/script>\n<!-- \/ Yoast SEO plugin. -->","yoast_head_json":{"title":"Promociones e incentivos - Medic Blood","robots":{"index":"index","follow":"follow","max-snippet":"max-snippet:-1","max-image-preview":"max-image-preview:large","max-video-preview":"max-video-preview:-1"},"canonical":"https:\/\/medicblood.org\/es\/promos-and-incentives\/","og_locale":"es_MX","og_type":"article","og_title":"Promos and Incentives - Medic Blood","og_url":"https:\/\/medicblood.org\/es\/promos-and-incentives\/","og_site_name":"Medic Blood","article_publisher":"https:\/\/www.facebook.com\/medicblood\/","article_modified_time":"2025-09-29T14:46:48+00:00","twitter_card":"summary_large_image","twitter_site":"@MEDICblood","schema":{"@context":"https:\/\/schema.org","@graph":[{"@type":"WebPage","@id":"https:\/\/medicblood.org\/promos-and-incentives\/","url":"https:\/\/medicblood.org\/promos-and-incentives\/","name":"Promociones e incentivos - Medic Blood","isPartOf":{"@id":"https:\/\/medicblood.org\/#website"},"datePublished":"2025-09-03T20:38:15+00:00","dateModified":"2025-09-29T14:46:48+00:00","breadcrumb":{"@id":"https:\/\/medicblood.org\/promos-and-incentives\/#breadcrumb"},"inLanguage":"es","potentialAction":[{"@type":"ReadAction","target":["https:\/\/medicblood.org\/promos-and-incentives\/"]}]},{"@type":"BreadcrumbList","@id":"https:\/\/medicblood.org\/promos-and-incentives\/#breadcrumb","itemListElement":[{"@type":"ListItem","position":1,"name":"Home","item":"https:\/\/medicblood.org\/"},{"@type":"ListItem","position":2,"name":"Promos and Incentives"}]},{"@type":"WebSite","@id":"https:\/\/medicblood.org\/#website","url":"https:\/\/medicblood.org\/","name":"Sangre medicinal","description":"Centro Regional de Sangre MEDIC","publisher":{"@id":"https:\/\/medicblood.org\/#organization"},"potentialAction":[{"@type":"SearchAction","target":{"@type":"EntryPoint","urlTemplate":"https:\/\/medicblood.org\/?s={search_term_string}"},"query-input":{"@type":"PropertyValueSpecification","valueRequired":true,"valueName":"search_term_string"}}],"inLanguage":"es"},{"@type":"Organization","@id":"https:\/\/medicblood.org\/#organization","name":"Sangre medicinal","url":"https:\/\/medicblood.org\/","logo":{"@type":"ImageObject","inLanguage":"es","@id":"https:\/\/medicblood.org\/#\/schema\/logo\/image\/","url":"https:\/\/medicblood.org\/wp-content\/uploads\/2025\/06\/medic_blood_logo_transparent.png","contentUrl":"https:\/\/medicblood.org\/wp-content\/uploads\/2025\/06\/medic_blood_logo_transparent.png","width":350,"height":114,"caption":"Medic Blood"},"image":{"@id":"https:\/\/medicblood.org\/#\/schema\/logo\/image\/"},"sameAs":["https:\/\/www.facebook.com\/medicblood\/","https:\/\/x.com\/MEDICblood","https:\/\/www.instagram.com\/medicbloodcenter\/"]}]}},"_links":{"self":[{"href":"https:\/\/medicblood.org\/es\/wp-json\/wp\/v2\/pages\/9781","targetHints":{"allow":["GET"]}}],"collection":[{"href":"https:\/\/medicblood.org\/es\/wp-json\/wp\/v2\/pages"}],"about":[{"href":"https:\/\/medicblood.org\/es\/wp-json\/wp\/v2\/types\/page"}],"author":[{"embeddable":true,"href":"https:\/\/medicblood.org\/es\/wp-json\/wp\/v2\/users\/1"}],"replies":[{"embeddable":true,"href":"https:\/\/medicblood.org\/es\/wp-json\/wp\/v2\/comments?post=9781"}],"version-history":[{"count":7,"href":"https:\/\/medicblood.org\/es\/wp-json\/wp\/v2\/pages\/9781\/revisions"}],"predecessor-version":[{"id":9800,"href":"https:\/\/medicblood.org\/es\/wp-json\/wp\/v2\/pages\/9781\/revisions\/9800"}],"wp:attachment":[{"href":"https:\/\/medicblood.org\/es\/wp-json\/wp\/v2\/media?parent=9781"}],"curies":[{"name":"wp","href":"https:\/\/api.w.org\/{rel}","templated":true}]}}