{"id":9762,"date":"2025-09-03T12:31:56","date_gmt":"2025-09-03T16:31:56","guid":{"rendered":"https:\/\/medicblood.org\/?page_id=9762"},"modified":"2025-09-03T16:23:50","modified_gmt":"2025-09-03T20:23:50","slug":"donor-app","status":"publish","type":"page","link":"https:\/\/medicblood.org\/es\/donor-app\/","title":{"rendered":"Aplicaci\u00f3n para donantes"},"content":{"rendered":"<div class=\"wp-block-stackable-columns alignfull stk-block-columns stk-block stk-ef250dc\" data-block-id=\"ef250dc\"><style>.stk-ef250dc {margin-bottom:0px !important;}<\/style><div class=\"stk-row stk-inner-blocks stk-block-content stk-content-align stk-ef250dc-column alignfull\">\n<div class=\"wp-block-stackable-column stk-block-column stk-column stk-block stk-fcfddda\" data-v=\"4\" data-block-id=\"fcfddda\"><div class=\"stk-column-wrapper stk-block-column__content stk-container stk-fcfddda-container stk--no-background stk--no-padding\"><div class=\"stk-block-content stk-inner-blocks stk-fcfddda-inner-blocks\">\n<div class=\"wp-block-stackable-columns stk-block-columns stk-block stk-1649680\" data-block-id=\"1649680\"><style>.stk-1649680 {margin-bottom:0px !important;}.stk-1649680-column{max-width:1290px !important;min-width:auto !important;--stk-columns-spacing:var(--stk--preset--spacing--60, 2.25rem) !important;}<\/style><div class=\"stk-row stk-inner-blocks stk-block-content stk-content-align stk-1649680-column\">\n<div class=\"wp-block-stackable-column stk-block-column stk-column stk-block stk-4157f56\" data-v=\"4\" data-block-id=\"4157f56\"><style>.stk-4157f56-container{margin-top:var(--stk--preset--spacing--80, 5.06rem) !important;margin-right:var(--stk--preset--spacing--80, 5.06rem) !important;margin-bottom:var(--stk--preset--spacing--80, 5.06rem) !important;margin-left:var(--stk--preset--spacing--80, 5.06rem) !important;}<\/style><div class=\"stk-column-wrapper stk-block-column__content stk-container stk-4157f56-container stk--no-background stk--no-padding\"><div class=\"stk-block-content stk-inner-blocks stk-4157f56-inner-blocks\">\n<div class=\"wp-block-stackable-heading stk-block-heading stk-block-heading--v2 stk-block stk-0917bd6\" id=\"donate-smarter-track-easier-save-lives\" data-block-id=\"0917bd6\"><style>.stk-0917bd6 .stk-block-heading__bottom-line{height:4px !important;width:140px !important;background-color:var(--theme-palette-color-1, #be1e2d) !important;margin-top:10px !important;margin-left:0 !important;margin-right:auto !important;}.stk-0917bd6 {margin-bottom:0px !important;}<\/style><h4 class=\"stk-block-heading__text has-text-align-left\">Dona de forma m\u00e1s inteligente. Realiza un seguimiento m\u00e1s f\u00e1cil. Salva vidas.<\/h4><div class=\"stk-block-heading__bottom-line\"><\/div><\/div>\n\n\n\n<div class=\"wp-block-stackable-columns stk-block-columns stk-block stk-7c97cb5\" data-block-id=\"7c97cb5\"><style>.stk-7c97cb5 {margin-bottom:var(--stk--preset--spacing--80, 5.06rem) !important;}<\/style><div class=\"stk-row stk-inner-blocks stk-block-content stk-content-align stk-7c97cb5-column\">\n<div class=\"wp-block-stackable-column stk-block-column stk-column stk-block stk-9848712\" data-v=\"4\" data-block-id=\"9848712\"><style>@media screen and (min-width:690px){.stk-9848712 {flex:var(--stk-flex-grow, 1) 1 calc(75% - var(--stk-column-gap, 0px) * 1 \/ 2 ) !important;}}<\/style><div class=\"stk-column-wrapper stk-block-column__content stk-container stk-9848712-container stk--no-background stk--no-padding\"><div class=\"stk-block-content stk-inner-blocks stk-9848712-inner-blocks\">\n<div class=\"wp-block-stackable-text stk-block-text stk-block stk-0348fdc\" data-block-id=\"0348fdc\"><p class=\"stk-block-text__text\"><strong>La nueva aplicaci\u00f3n MEDIC Donor App facilita las donaciones, en cualquier momento y en cualquier lugar.<\/strong><\/p><\/div>\n\n\n\n<div class=\"wp-block-stackable-text stk-block-text stk-block stk-45e2e20\" data-block-id=\"45e2e20\"><p class=\"stk-block-text__text\">Grandes noticias de&nbsp;<strong>Centro Regional de Sangre MEDIC<\/strong>\u2014nuestro nuevo&nbsp;<strong>Aplicaci\u00f3n para donantes<\/strong>&nbsp;\u00a1Ya est\u00e1 aqu\u00ed! Con solo unos pocos toques en tu tel\u00e9fono inteligente, puedes:<\/p><\/div>\n\n\n\n<ul class=\"wp-block-list\">\n<li>Programe sus citas para donar<\/li>\n\n\n\n<li>Sigue tu historial de donaciones<\/li>\n\n\n\n<li>Ver recompensas y requisitos<\/li>\n\n\n\n<li>Mant\u00e9ngase conectado con los eventos de MEDIC<\/li>\n<\/ul>\n\n\n\n<div class=\"wp-block-stackable-text stk-block-text stk-block stk-e077f64\" data-block-id=\"e077f64\"><p class=\"stk-block-text__text\">Nunca ha sido tan f\u00e1cil apoyar a tu comunidad y salvar vidas.<\/p><\/div>\n\n\n\n<div class=\"wp-block-stackable-text stk-block-text stk-block stk-f8d7af3\" data-block-id=\"f8d7af3\"><p class=\"stk-block-text__text\">Descarga hoy mismo la aplicaci\u00f3n MEDIC Donor y haz que tu pr\u00f3xima donaci\u00f3n sea sencilla, inteligente y sin estr\u00e9s.<\/p><\/div>\n\n\n\n<div class=\"wp-block-stackable-button-group stk-block-button-group stk-block stk-3079652\" data-block-id=\"3079652\"><div class=\"stk-row stk-inner-blocks stk-block-content stk-button-group\">\n<div class=\"wp-block-stackable-button stk-block-button stk-block stk-d4118f1\" data-block-id=\"d4118f1\"><style>.stk-d4118f1 .stk-button{padding-right:var(--stk--preset--spacing--50, 1.5rem) !important;padding-left:var(--stk--preset--spacing--50, 1.5rem) !important;border-top-left-radius:var(--stk--preset--border-radius--xx-large, 32px) !important;border-top-right-radius:var(--stk--preset--border-radius--xx-large, 32px) !important;border-bottom-right-radius:var(--stk--preset--border-radius--xx-large, 32px) !important;border-bottom-left-radius:var(--stk--preset--border-radius--xx-large, 32px) !important;}<\/style><a class=\"stk-link stk-button stk--hover-effect-darken\" href=\"https:\/\/qrco.de\/bdFDGd\" target=\"_blank\" rel=\"noreferrer noopener\"><span class=\"stk-button__inner-text\">Descargar la aplicaci\u00f3n<\/span><\/a><\/div>\n<\/div><\/div>\n<\/div><\/div><\/div>\n\n\n\n<div class=\"wp-block-stackable-column stk-block-column stk-column stk-block stk-70d62d6\" data-v=\"4\" data-block-id=\"70d62d6\"><style>@media screen and (min-width:690px){.stk-70d62d6 {flex:var(--stk-flex-grow, 1) 1 calc(25% - var(--stk-column-gap, 0px) * 1 \/ 2 ) !important;}}<\/style><div class=\"stk-column-wrapper stk-block-column__content stk-container stk-70d62d6-container stk--no-background stk--no-padding\"><div class=\"stk-block-content stk-inner-blocks stk-70d62d6-inner-blocks\">\n<div class=\"wp-block-stackable-carousel stk-block-carousel stk--is-fade stk--arrows-justify-space-between stk--arrows-align-center stk-block stk-a225618\" data-slides-to-show=\"\" data-block-id=\"a225618\"><div class=\"stk-block-carousel__content-wrapper\"><div class=\"stk-row stk-inner-blocks stk-block-content stk-block-carousel__slider-wrapper stk-content-align stk-a225618-column\"><div class=\"stk-block-carousel__slider\" role=\"list\" data-autoplay=\"4000\" data-label-slide-of=\"Slide %%d of %%d\">\n<div class=\"wp-block-stackable-column stk-block-column stk-column stk-block stk-25b4c0d\" data-v=\"4\" data-block-id=\"25b4c0d\"><div class=\"stk-column-wrapper stk-block-column__content stk-container stk-25b4c0d-container stk--no-background stk--no-padding\"><div class=\"stk-block-content stk-inner-blocks stk-25b4c0d-inner-blocks\">\n<div class=\"wp-block-stackable-image stk-block-image stk-block stk-2f3e87c\" data-block-id=\"2f3e87c\"><figure><span class=\"stk-img-wrapper stk-image--shape-stretch\"><img loading=\"lazy\" decoding=\"async\" class=\"stk-img wp-image-9763\" src=\"https:\/\/medicblood.org\/wp-content\/uploads\/2025\/09\/iphone_app_medic.jpg\" width=\"616\" height=\"1265\" srcset=\"https:\/\/medicblood.org\/wp-content\/uploads\/2025\/09\/iphone_app_medic.jpg 616w, https:\/\/medicblood.org\/wp-content\/uploads\/2025\/09\/iphone_app_medic-146x300.jpg 146w, https:\/\/medicblood.org\/wp-content\/uploads\/2025\/09\/iphone_app_medic-499x1024.jpg 499w\" sizes=\"auto, (max-width: 616px) 100vw, 616px\" \/><\/span><\/figure><\/div>\n<\/div><\/div><\/div>\n\n\n\n<div class=\"wp-block-stackable-column stk-block-column stk-column stk-block stk-7e60dec\" data-v=\"4\" data-block-id=\"7e60dec\"><div class=\"stk-column-wrapper stk-block-column__content stk-container stk-7e60dec-container stk--no-background stk--no-padding\"><div class=\"stk-block-content stk-inner-blocks stk-7e60dec-inner-blocks\">\n<div class=\"wp-block-stackable-image stk-block-image stk-block stk-a6af0aa\" data-block-id=\"a6af0aa\"><figure><span class=\"stk-img-wrapper stk-image--shape-stretch\"><img loading=\"lazy\" decoding=\"async\" class=\"stk-img wp-image-9771\" src=\"https:\/\/medicblood.org\/wp-content\/uploads\/2025\/09\/iphone_app_02.jpg\" width=\"616\" height=\"1265\" srcset=\"https:\/\/medicblood.org\/wp-content\/uploads\/2025\/09\/iphone_app_02.jpg 616w, https:\/\/medicblood.org\/wp-content\/uploads\/2025\/09\/iphone_app_02-146x300.jpg 146w, https:\/\/medicblood.org\/wp-content\/uploads\/2025\/09\/iphone_app_02-499x1024.jpg 499w\" sizes=\"auto, (max-width: 616px) 100vw, 616px\" \/><\/span><\/figure><\/div>\n<\/div><\/div><\/div>\n\n\n\n<div class=\"wp-block-stackable-column stk-block-column stk-column stk-block stk-a757271\" data-v=\"4\" data-block-id=\"a757271\"><div class=\"stk-column-wrapper stk-block-column__content stk-container stk-a757271-container stk--no-background stk--no-padding\"><div class=\"stk-block-content stk-inner-blocks stk-a757271-inner-blocks\">\n<div class=\"wp-block-stackable-image stk-block-image stk-block stk-46d0430\" data-block-id=\"46d0430\"><figure><span class=\"stk-img-wrapper stk-image--shape-stretch\"><img loading=\"lazy\" decoding=\"async\" class=\"stk-img wp-image-9773\" src=\"https:\/\/medicblood.org\/wp-content\/uploads\/2025\/09\/iphone_app_03.jpg\" width=\"616\" height=\"1265\" srcset=\"https:\/\/medicblood.org\/wp-content\/uploads\/2025\/09\/iphone_app_03.jpg 616w, https:\/\/medicblood.org\/wp-content\/uploads\/2025\/09\/iphone_app_03-146x300.jpg 146w, https:\/\/medicblood.org\/wp-content\/uploads\/2025\/09\/iphone_app_03-499x1024.jpg 499w\" sizes=\"auto, (max-width: 616px) 100vw, 616px\" \/><\/span><\/figure><\/div>\n<\/div><\/div><\/div>\n<\/div><\/div><\/div><\/div>\n<\/div><\/div><\/div>\n<\/div><\/div>\n<\/div><\/div><\/div>\n<\/div><\/div>\n<\/div><\/div><\/div>\n<\/div><\/div>","protected":false},"excerpt":{"rendered":"<p>Donate Smarter. Track Easier. Save Lives. The new MEDIC Donor App makes giving simple\u2014anytime, anywhere. Big news from&nbsp;MEDIC Regional Blood Center\u2014our brand-new&nbsp;Donor App&nbsp;is here! With just a few taps on your smartphone, you can: It\u2019s never been easier to support your community and save lives. Download the MEDIC Donor App today and make your next [&hellip;]<\/p>\n","protected":false},"author":1,"featured_media":0,"parent":0,"menu_order":0,"comment_status":"closed","ping_status":"open","template":"","meta":{"om_disable_all_campaigns":false,"footnotes":""},"class_list":["post-9762","page","type-page","status-publish","hentry"],"blocksy_meta":{"has_hero_section":"default","content_style_source":"inherit","vertical_spacing_source":"custom","content_area_spacing":"none","styles_descriptor":{"styles":{"desktop":"","tablet":"","mobile":""},"google_fonts":[],"version":6},"hero_section":"type-2","page_title_bg_type":"custom_image","custom_hero_background":{"attachment_id":238,"url":"https:\/\/medicblood.org\/wp-content\/uploads\/2025\/07\/header_bkg-1024x382.jpg"},"pageTitlePadding":{"state":1,"values":[{"value":"25","unit":"px"},{"value":"auto","unit":""},{"value":"25","unit":"px"},{"value":"auto","unit":""}],"custom":""},"pageTitleOverlay":{"background_type":"color","background_pattern":"type-1","background_image":{"attachment_id":null,"x":0,"y":0},"gradient":"linear-gradient(135deg,rgba(6,147,227,1) 0%,rgb(155,81,224) 100%)","background_repeat":"repeat","background_size":"auto","background_attachment":"scroll","patternColor":{"default":{"color":"#e5e7ea"}},"overlayColor":{"default":{"color":"CT_CSS_SKIP_RULE"}},"backgroundColor":{"default":{"color":"var(--theme-palette-color-1)"}}},"hero_alignment2":"start","pageTitleFontColor":{"default":{"color":"var(--theme-palette-color-8)"}},"hero_height":"200px","hero_elements":[{"id":"custom_title","enabled":true,"heading_tag":"h1","title":"Inicio","__id":"mhuxjFCVdBkJt-FljBfp2"},{"id":"custom_description","enabled":false,"description_visibility":{"desktop":true,"tablet":true,"mobile":false},"__id":"hi096LoiRzfnNS1lBKLAr"},{"id":"custom_meta","enabled":false,"meta_elements":[{"id":"author","enabled":true,"label":"By","has_author_avatar":"yes","avatar_size":25},{"id":"post_date","enabled":true,"label":"On","date_format_source":"default","date_format":"M j, Y"},{"id":"updated_date","enabled":false,"label":"On","date_format_source":"default","date_format":"M j, Y"},{"id":"categories","enabled":false,"label":"In","style":"simple"},{"id":"comments","enabled":true}],"page_meta_elements":{"joined":true,"articles_count":true,"comments":true},"__id":"4b1cwZ1kLZJ-j85_xG2lY"},{"id":"breadcrumbs","enabled":false,"__id":"r3kFEXLsh1BcRNyNYuHRQ"},{"id":"content-block","enabled":false,"__id":"yk5fVOSwgYWUzOM9onelN"}]},"yoast_head":"<!-- This site is optimized with the Yoast SEO plugin v27.4 - https:\/\/yoast.com\/product\/yoast-seo-wordpress\/ -->\n<title>Donor App - Medic Blood<\/title>\n<meta name=\"robots\" content=\"index, follow, max-snippet:-1, max-image-preview:large, max-video-preview:-1\" \/>\n<link rel=\"canonical\" href=\"https:\/\/medicblood.org\/es\/donor-app\/\" \/>\n<meta property=\"og:locale\" content=\"es_MX\" \/>\n<meta property=\"og:type\" content=\"article\" \/>\n<meta property=\"og:title\" content=\"Donor App - Medic Blood\" \/>\n<meta property=\"og:description\" content=\"Donate Smarter. Track Easier. Save Lives. The new MEDIC Donor App makes giving simple\u2014anytime, anywhere. Big news from&nbsp;MEDIC Regional Blood Center\u2014our brand-new&nbsp;Donor App&nbsp;is here! With just a few taps on your smartphone, you can: It\u2019s never been easier to support your community and save lives. Download the MEDIC Donor App today and make your next [&hellip;]\" \/>\n<meta property=\"og:url\" content=\"https:\/\/medicblood.org\/es\/donor-app\/\" \/>\n<meta property=\"og:site_name\" content=\"Medic Blood\" \/>\n<meta property=\"article:publisher\" content=\"https:\/\/www.facebook.com\/medicblood\/\" \/>\n<meta property=\"article:modified_time\" content=\"2025-09-03T20:23:50+00:00\" \/>\n<meta property=\"og:image\" content=\"https:\/\/medicblood.org\/wp-content\/uploads\/2025\/09\/iphone_app_medic.jpg\" \/>\n<meta name=\"twitter:card\" content=\"summary_large_image\" \/>\n<meta name=\"twitter:site\" content=\"@MEDICblood\" \/>\n<script type=\"application\/ld+json\" class=\"yoast-schema-graph\">{\"@context\":\"https:\\\/\\\/schema.org\",\"@graph\":[{\"@type\":\"WebPage\",\"@id\":\"https:\\\/\\\/medicblood.org\\\/donor-app\\\/\",\"url\":\"https:\\\/\\\/medicblood.org\\\/donor-app\\\/\",\"name\":\"Donor App - Medic Blood\",\"isPartOf\":{\"@id\":\"https:\\\/\\\/medicblood.org\\\/#website\"},\"primaryImageOfPage\":{\"@id\":\"https:\\\/\\\/medicblood.org\\\/donor-app\\\/#primaryimage\"},\"image\":{\"@id\":\"https:\\\/\\\/medicblood.org\\\/donor-app\\\/#primaryimage\"},\"thumbnailUrl\":\"https:\\\/\\\/medicblood.org\\\/wp-content\\\/uploads\\\/2025\\\/09\\\/iphone_app_medic.jpg\",\"datePublished\":\"2025-09-03T16:31:56+00:00\",\"dateModified\":\"2025-09-03T20:23:50+00:00\",\"breadcrumb\":{\"@id\":\"https:\\\/\\\/medicblood.org\\\/donor-app\\\/#breadcrumb\"},\"inLanguage\":\"es\",\"potentialAction\":[{\"@type\":\"ReadAction\",\"target\":[\"https:\\\/\\\/medicblood.org\\\/donor-app\\\/\"]}]},{\"@type\":\"ImageObject\",\"inLanguage\":\"es\",\"@id\":\"https:\\\/\\\/medicblood.org\\\/donor-app\\\/#primaryimage\",\"url\":\"https:\\\/\\\/medicblood.org\\\/wp-content\\\/uploads\\\/2025\\\/09\\\/iphone_app_medic.jpg\",\"contentUrl\":\"https:\\\/\\\/medicblood.org\\\/wp-content\\\/uploads\\\/2025\\\/09\\\/iphone_app_medic.jpg\"},{\"@type\":\"BreadcrumbList\",\"@id\":\"https:\\\/\\\/medicblood.org\\\/donor-app\\\/#breadcrumb\",\"itemListElement\":[{\"@type\":\"ListItem\",\"position\":1,\"name\":\"Home\",\"item\":\"https:\\\/\\\/medicblood.org\\\/\"},{\"@type\":\"ListItem\",\"position\":2,\"name\":\"Donor App\"}]},{\"@type\":\"WebSite\",\"@id\":\"https:\\\/\\\/medicblood.org\\\/#website\",\"url\":\"https:\\\/\\\/medicblood.org\\\/\",\"name\":\"Medic Blood\",\"description\":\"MEDIC Regional Blood Center\",\"publisher\":{\"@id\":\"https:\\\/\\\/medicblood.org\\\/#organization\"},\"potentialAction\":[{\"@type\":\"SearchAction\",\"target\":{\"@type\":\"EntryPoint\",\"urlTemplate\":\"https:\\\/\\\/medicblood.org\\\/?s={search_term_string}\"},\"query-input\":{\"@type\":\"PropertyValueSpecification\",\"valueRequired\":true,\"valueName\":\"search_term_string\"}}],\"inLanguage\":\"es\"},{\"@type\":\"Organization\",\"@id\":\"https:\\\/\\\/medicblood.org\\\/#organization\",\"name\":\"Medic Blood\",\"url\":\"https:\\\/\\\/medicblood.org\\\/\",\"logo\":{\"@type\":\"ImageObject\",\"inLanguage\":\"es\",\"@id\":\"https:\\\/\\\/medicblood.org\\\/#\\\/schema\\\/logo\\\/image\\\/\",\"url\":\"https:\\\/\\\/medicblood.org\\\/wp-content\\\/uploads\\\/2025\\\/06\\\/medic_blood_logo_transparent.png\",\"contentUrl\":\"https:\\\/\\\/medicblood.org\\\/wp-content\\\/uploads\\\/2025\\\/06\\\/medic_blood_logo_transparent.png\",\"width\":350,\"height\":114,\"caption\":\"Medic Blood\"},\"image\":{\"@id\":\"https:\\\/\\\/medicblood.org\\\/#\\\/schema\\\/logo\\\/image\\\/\"},\"sameAs\":[\"https:\\\/\\\/www.facebook.com\\\/medicblood\\\/\",\"https:\\\/\\\/x.com\\\/MEDICblood\",\"https:\\\/\\\/www.instagram.com\\\/medicbloodcenter\\\/\"]}]}<\/script>\n<!-- \/ Yoast SEO plugin. -->","yoast_head_json":{"title":"Aplicaci\u00f3n para donantes - Medic Blood","robots":{"index":"index","follow":"follow","max-snippet":"max-snippet:-1","max-image-preview":"max-image-preview:large","max-video-preview":"max-video-preview:-1"},"canonical":"https:\/\/medicblood.org\/es\/donor-app\/","og_locale":"es_MX","og_type":"article","og_title":"Donor App - Medic Blood","og_description":"Donate Smarter. Track Easier. Save Lives. The new MEDIC Donor App makes giving simple\u2014anytime, anywhere. Big news from&nbsp;MEDIC Regional Blood Center\u2014our brand-new&nbsp;Donor App&nbsp;is here! With just a few taps on your smartphone, you can: It\u2019s never been easier to support your community and save lives. Download the MEDIC Donor App today and make your next [&hellip;]","og_url":"https:\/\/medicblood.org\/es\/donor-app\/","og_site_name":"Medic Blood","article_publisher":"https:\/\/www.facebook.com\/medicblood\/","article_modified_time":"2025-09-03T20:23:50+00:00","og_image":[{"url":"https:\/\/medicblood.org\/wp-content\/uploads\/2025\/09\/iphone_app_medic.jpg","type":"","width":"","height":""}],"twitter_card":"summary_large_image","twitter_site":"@MEDICblood","schema":{"@context":"https:\/\/schema.org","@graph":[{"@type":"WebPage","@id":"https:\/\/medicblood.org\/donor-app\/","url":"https:\/\/medicblood.org\/donor-app\/","name":"Aplicaci\u00f3n para donantes - Medic Blood","isPartOf":{"@id":"https:\/\/medicblood.org\/#website"},"primaryImageOfPage":{"@id":"https:\/\/medicblood.org\/donor-app\/#primaryimage"},"image":{"@id":"https:\/\/medicblood.org\/donor-app\/#primaryimage"},"thumbnailUrl":"https:\/\/medicblood.org\/wp-content\/uploads\/2025\/09\/iphone_app_medic.jpg","datePublished":"2025-09-03T16:31:56+00:00","dateModified":"2025-09-03T20:23:50+00:00","breadcrumb":{"@id":"https:\/\/medicblood.org\/donor-app\/#breadcrumb"},"inLanguage":"es","potentialAction":[{"@type":"ReadAction","target":["https:\/\/medicblood.org\/donor-app\/"]}]},{"@type":"ImageObject","inLanguage":"es","@id":"https:\/\/medicblood.org\/donor-app\/#primaryimage","url":"https:\/\/medicblood.org\/wp-content\/uploads\/2025\/09\/iphone_app_medic.jpg","contentUrl":"https:\/\/medicblood.org\/wp-content\/uploads\/2025\/09\/iphone_app_medic.jpg"},{"@type":"BreadcrumbList","@id":"https:\/\/medicblood.org\/donor-app\/#breadcrumb","itemListElement":[{"@type":"ListItem","position":1,"name":"Home","item":"https:\/\/medicblood.org\/"},{"@type":"ListItem","position":2,"name":"Donor App"}]},{"@type":"WebSite","@id":"https:\/\/medicblood.org\/#website","url":"https:\/\/medicblood.org\/","name":"Sangre medicinal","description":"Centro Regional de Sangre MEDIC","publisher":{"@id":"https:\/\/medicblood.org\/#organization"},"potentialAction":[{"@type":"SearchAction","target":{"@type":"EntryPoint","urlTemplate":"https:\/\/medicblood.org\/?s={search_term_string}"},"query-input":{"@type":"PropertyValueSpecification","valueRequired":true,"valueName":"search_term_string"}}],"inLanguage":"es"},{"@type":"Organization","@id":"https:\/\/medicblood.org\/#organization","name":"Sangre medicinal","url":"https:\/\/medicblood.org\/","logo":{"@type":"ImageObject","inLanguage":"es","@id":"https:\/\/medicblood.org\/#\/schema\/logo\/image\/","url":"https:\/\/medicblood.org\/wp-content\/uploads\/2025\/06\/medic_blood_logo_transparent.png","contentUrl":"https:\/\/medicblood.org\/wp-content\/uploads\/2025\/06\/medic_blood_logo_transparent.png","width":350,"height":114,"caption":"Medic Blood"},"image":{"@id":"https:\/\/medicblood.org\/#\/schema\/logo\/image\/"},"sameAs":["https:\/\/www.facebook.com\/medicblood\/","https:\/\/x.com\/MEDICblood","https:\/\/www.instagram.com\/medicbloodcenter\/"]}]}},"_links":{"self":[{"href":"https:\/\/medicblood.org\/es\/wp-json\/wp\/v2\/pages\/9762","targetHints":{"allow":["GET"]}}],"collection":[{"href":"https:\/\/medicblood.org\/es\/wp-json\/wp\/v2\/pages"}],"about":[{"href":"https:\/\/medicblood.org\/es\/wp-json\/wp\/v2\/types\/page"}],"author":[{"embeddable":true,"href":"https:\/\/medicblood.org\/es\/wp-json\/wp\/v2\/users\/1"}],"replies":[{"embeddable":true,"href":"https:\/\/medicblood.org\/es\/wp-json\/wp\/v2\/comments?post=9762"}],"version-history":[{"count":9,"href":"https:\/\/medicblood.org\/es\/wp-json\/wp\/v2\/pages\/9762\/revisions"}],"predecessor-version":[{"id":9778,"href":"https:\/\/medicblood.org\/es\/wp-json\/wp\/v2\/pages\/9762\/revisions\/9778"}],"wp:attachment":[{"href":"https:\/\/medicblood.org\/es\/wp-json\/wp\/v2\/media?parent=9762"}],"curies":[{"name":"wp","href":"https:\/\/api.w.org\/{rel}","templated":true}]}}