{"id":9719,"date":"2025-09-02T15:42:24","date_gmt":"2025-09-02T19:42:24","guid":{"rendered":"https:\/\/medicblood.org\/?page_id=9719"},"modified":"2025-11-03T15:49:24","modified_gmt":"2025-11-03T20:49:24","slug":"news","status":"publish","type":"page","link":"https:\/\/medicblood.org\/es\/news\/","title":{"rendered":"Noticias"},"content":{"rendered":"<div class=\"wp-block-stackable-columns stk-block-columns stk-block stk-5776a8c\" data-block-id=\"5776a8c\"><div class=\"stk-row stk-inner-blocks stk-block-content stk-content-align stk-5776a8c-column\">\n<div class=\"wp-block-stackable-column stk-block-column stk-column stk-block stk-542f6c3\" data-v=\"4\" data-block-id=\"542f6c3\"><div class=\"stk-column-wrapper stk-block-column__content stk-container stk-542f6c3-container stk--no-background stk--no-padding\"><div class=\"stk-block-content stk-inner-blocks stk-542f6c3-inner-blocks\">\n<div class=\"wp-block-stackable-columns stk-block-columns stk-block stk-a03a4c1\" data-block-id=\"a03a4c1\"><div class=\"stk-row stk-inner-blocks stk-block-content stk-content-align stk-a03a4c1-column\">\n<div class=\"wp-block-stackable-column stk-block-column stk-column stk-block stk-0ac56a0\" data-v=\"4\" data-block-id=\"0ac56a0\"><div class=\"stk-column-wrapper stk-block-column__content stk-container stk-0ac56a0-container stk--no-background stk--no-padding\"><div class=\"stk-block-content stk-inner-blocks stk-0ac56a0-inner-blocks\">\n<div class=\"wp-block-stackable-posts stk-block-posts stk--has-container stk-block stk-1b3033e is-style-default\" data-v=\"2\" data-block-id=\"1b3033e\"><style>.stk-1b3033e {--stk-columns:3 !important;}.stk-1b3033e .stk-img-wrapper{width:100% !important;}@media screen and (max-width:689px){.stk-1b3033e {--stk-columns:1 !important;}}<\/style><div class=\"stk-inner-blocks stk-content-align stk-1b3033e-column\"><div class=\"stk-block-posts__items\"><div class=\"stk-block-posts__item\"><div class=\"stk-container stk-1b3033e-container stk-hover-parent\"><article><a href=\"https:\/\/medicblood.org\/es\/platelet-program-changes\/\" class=\"stk-block-posts__image-link\"><figure class=\"stk-img-wrapper stk-image--shape-stretch\"><img loading=\"lazy\" decoding=\"async\" width=\"800\" height=\"533\" src=\"https:\/\/medicblood.org\/wp-content\/uploads\/2026\/01\/2026plts-800-x-533-px.png\" class=\"attachment-full size-full wp-post-image\" alt=\"\" srcset=\"https:\/\/medicblood.org\/wp-content\/uploads\/2026\/01\/2026plts-800-x-533-px.png 800w, https:\/\/medicblood.org\/wp-content\/uploads\/2026\/01\/2026plts-800-x-533-px-300x200.png 300w, https:\/\/medicblood.org\/wp-content\/uploads\/2026\/01\/2026plts-800-x-533-px-768x512.png 768w, https:\/\/medicblood.org\/wp-content\/uploads\/2026\/01\/2026plts-800-x-533-px-18x12.png 18w\" sizes=\"auto, (max-width: 800px) 100vw, 800px\" \/><\/figure><\/a><h3 class=\"stk-block-posts__title\"><a href='https:\/\/medicblood.org\/es\/platelet-program-changes\/'>Cambios en el programa de plaquetas<\/a><\/h3><div class=\"stk-block-posts__excerpt\"><p>A partir del 1 de enero de 2026, los donantes de plaquetas recibir\u00e1n una tarjeta de regalo electr\u00f3nica $50 tras su donaci\u00f3n. El IRS aument\u00f3 el l\u00edmite de recompensas de $600 a $2000 para 2026. Con este cambio, los donantes no deber\u00edan alcanzar el l\u00edmite. Por lo tanto, no ser\u00e1 necesario emitir un formulario 1099. A continuaci\u00f3n se presentan las nuevas directrices del programa que se aplicar\u00e1n...<\/p>\n<\/div><a class=\"stk-block-posts__readmore\" href=\"https:\/\/medicblood.org\/es\/platelet-program-changes\/\">Continuar leyendo<\/a><\/article><\/div><\/div><div class=\"stk-block-posts__item\"><div class=\"stk-container stk-1b3033e-container stk-hover-parent\"><article><a href=\"https:\/\/medicblood.org\/es\/medicpass-now-avaliable\/\" class=\"stk-block-posts__image-link\"><figure class=\"stk-img-wrapper stk-image--shape-stretch\"><img loading=\"lazy\" decoding=\"async\" width=\"800\" height=\"533\" src=\"https:\/\/medicblood.org\/wp-content\/uploads\/2025\/10\/PASS-800-x-533-px.png\" class=\"attachment-full size-full wp-post-image\" alt=\"\" srcset=\"https:\/\/medicblood.org\/wp-content\/uploads\/2025\/10\/PASS-800-x-533-px.png 800w, https:\/\/medicblood.org\/wp-content\/uploads\/2025\/10\/PASS-800-x-533-px-300x200.png 300w, https:\/\/medicblood.org\/wp-content\/uploads\/2025\/10\/PASS-800-x-533-px-768x512.png 768w\" sizes=\"auto, (max-width: 800px) 100vw, 800px\" \/><\/figure><\/a><h3 class=\"stk-block-posts__title\"><a href='https:\/\/medicblood.org\/es\/medicpass-now-avaliable\/'>MEDICPASS ya est\u00e1 disponible<\/a><\/h3><div class=\"stk-block-posts__excerpt\"><p>MEDICPASS permite a los donantes cumplimentar su cuestionario el d\u00eda de su cita, antes de llegar a trav\u00e9s de su smartphone u ordenador. Haga clic aqu\u00ed para obtener m\u00e1s informaci\u00f3n.<\/p>\n<\/div><a class=\"stk-block-posts__readmore\" href=\"https:\/\/medicblood.org\/es\/medicpass-now-avaliable\/\">Continuar leyendo<\/a><\/article><\/div><\/div><div class=\"stk-block-posts__item\"><div class=\"stk-container stk-1b3033e-container stk-hover-parent\"><article><a href=\"https:\/\/medicblood.org\/es\/request-a-tour-of-medic\/\" class=\"stk-block-posts__image-link\"><figure class=\"stk-img-wrapper stk-image--shape-stretch\"><img loading=\"lazy\" decoding=\"async\" width=\"800\" height=\"533\" src=\"https:\/\/medicblood.org\/wp-content\/uploads\/2025\/09\/Tour-Request-Card_featured_image.jpg\" class=\"attachment-full size-full wp-post-image\" alt=\"\" srcset=\"https:\/\/medicblood.org\/wp-content\/uploads\/2025\/09\/Tour-Request-Card_featured_image.jpg 800w, https:\/\/medicblood.org\/wp-content\/uploads\/2025\/09\/Tour-Request-Card_featured_image-300x200.jpg 300w, https:\/\/medicblood.org\/wp-content\/uploads\/2025\/09\/Tour-Request-Card_featured_image-768x512.jpg 768w\" sizes=\"auto, (max-width: 800px) 100vw, 800px\" \/><\/figure><\/a><h3 class=\"stk-block-posts__title\"><a href='https:\/\/medicblood.org\/es\/request-a-tour-of-medic\/'>Solicite una visita a MEDIC<\/a><\/h3><div class=\"stk-block-posts__excerpt\"><p>Haga clic aqu\u00ed para solicitar una visita<\/p>\n<\/div><a class=\"stk-block-posts__readmore\" href=\"https:\/\/medicblood.org\/es\/request-a-tour-of-medic\/\">Continuar leyendo<\/a><\/article><\/div><\/div><div class=\"stk-block-posts__item\"><div class=\"stk-container stk-1b3033e-container stk-hover-parent\"><article><a href=\"https:\/\/medicblood.org\/es\/ailor-ave-renovations\/\" class=\"stk-block-posts__image-link\"><figure class=\"stk-img-wrapper stk-image--shape-stretch\"><img loading=\"lazy\" decoding=\"async\" width=\"800\" height=\"533\" src=\"https:\/\/medicblood.org\/wp-content\/uploads\/2025\/09\/ailor_ave_featured_image.png\" class=\"attachment-full size-full wp-post-image\" alt=\"\" srcset=\"https:\/\/medicblood.org\/wp-content\/uploads\/2025\/09\/ailor_ave_featured_image.png 800w, https:\/\/medicblood.org\/wp-content\/uploads\/2025\/09\/ailor_ave_featured_image-300x200.png 300w, https:\/\/medicblood.org\/wp-content\/uploads\/2025\/09\/ailor_ave_featured_image-768x512.png 768w\" sizes=\"auto, (max-width: 800px) 100vw, 800px\" \/><\/figure><\/a><h3 class=\"stk-block-posts__title\"><a href='https:\/\/medicblood.org\/es\/ailor-ave-renovations\/'>Renovaci\u00f3n de la avenida Ailor<\/a><\/h3><a class=\"stk-block-posts__readmore\" href=\"https:\/\/medicblood.org\/es\/ailor-ave-renovations\/\">Continuar leyendo<\/a><\/article><\/div><\/div><div class=\"stk-block-posts__item\"><div class=\"stk-container stk-1b3033e-container stk-hover-parent\"><article><a href=\"https:\/\/medicblood.org\/es\/volunteer-with-us\/\" class=\"stk-block-posts__image-link\"><figure class=\"stk-img-wrapper stk-image--shape-stretch\"><img loading=\"lazy\" decoding=\"async\" width=\"800\" height=\"533\" src=\"https:\/\/medicblood.org\/wp-content\/uploads\/2025\/06\/volunteers_needed.jpg\" class=\"attachment-full size-full wp-post-image\" alt=\"\" srcset=\"https:\/\/medicblood.org\/wp-content\/uploads\/2025\/06\/volunteers_needed.jpg 800w, https:\/\/medicblood.org\/wp-content\/uploads\/2025\/06\/volunteers_needed-300x200.jpg 300w, https:\/\/medicblood.org\/wp-content\/uploads\/2025\/06\/volunteers_needed-768x512.jpg 768w\" sizes=\"auto, (max-width: 800px) 100vw, 800px\" \/><\/figure><\/a><h3 class=\"stk-block-posts__title\"><a href='https:\/\/medicblood.org\/es\/volunteer-with-us\/'>Hazte voluntario con nosotros<\/a><\/h3><div class=\"stk-block-posts__excerpt\"><p>Cada donaci\u00f3n a MEDIC cuenta una historia de esperanza, y detr\u00e1s de cada una hay un equipo de personas comprometidas que lo hacen posible.<\/p>\n<\/div><a class=\"stk-block-posts__readmore\" href=\"https:\/\/medicblood.org\/es\/volunteer-with-us\/\">Continuar leyendo<\/a><\/article><\/div><\/div><div class=\"stk-block-posts__item\"><div class=\"stk-container stk-1b3033e-container stk-hover-parent\"><article><a href=\"https:\/\/medicblood.org\/es\/important-update-regarding-medic-donor-cards\/\" class=\"stk-block-posts__image-link\"><figure class=\"stk-img-wrapper stk-image--shape-stretch\"><img loading=\"lazy\" decoding=\"async\" width=\"800\" height=\"533\" src=\"https:\/\/medicblood.org\/wp-content\/uploads\/2025\/06\/medic_donor_app_screen.jpg\" class=\"attachment-full size-full wp-post-image\" alt=\"\" srcset=\"https:\/\/medicblood.org\/wp-content\/uploads\/2025\/06\/medic_donor_app_screen.jpg 800w, https:\/\/medicblood.org\/wp-content\/uploads\/2025\/06\/medic_donor_app_screen-300x200.jpg 300w, https:\/\/medicblood.org\/wp-content\/uploads\/2025\/06\/medic_donor_app_screen-768x512.jpg 768w\" sizes=\"auto, (max-width: 800px) 100vw, 800px\" \/><\/figure><\/a><h3 class=\"stk-block-posts__title\"><a href='https:\/\/medicblood.org\/es\/important-update-regarding-medic-donor-cards\/'>Actualizaci\u00f3n importante sobre las tarjetas de donante MEDIC<\/a><\/h3><div class=\"stk-block-posts__excerpt\"><p>MEDIC comenzar\u00e1 a retirar gradualmente la tarjeta f\u00edsica de membres\u00eda en julio. Obtenga m\u00e1s informaci\u00f3n sobre c\u00f3mo acceder a la informaci\u00f3n de su cuenta MEDIC hoy mismo.<\/p>\n<\/div><a class=\"stk-block-posts__readmore\" href=\"https:\/\/medicblood.org\/es\/important-update-regarding-medic-donor-cards\/\">Continuar leyendo<\/a><\/article><\/div><\/div><\/div><div class=\"stk-inner-blocks\">\n<div class=\"wp-block-stackable-pagination stk-block-pagination stk-block stk-7c370be\" data-block-id=\"7c370be\"><style>.stk-7c370be .stk-button{background:var(--theme-palette-color-8, #ffffff) !important;}.stk-7c370be .stk-button__inner-text{color:var(--theme-palette-color-3, #454545) !important;}<\/style><div class=\"has-text-align-center stk-block-content stk-button-group\"><span title=\"P\u00e1gina 1\" aria-current=\"page\" class=\"stk-button is-active\"><span class=\"stk-button__inner-text\">1<\/span><\/span><\/div><\/div>\n<\/div><\/div><\/div>\n<\/div><\/div><\/div>\n<\/div><\/div>\n<\/div><\/div><\/div>\n<\/div><\/div>","protected":false},"excerpt":{"rendered":"","protected":false},"author":1,"featured_media":0,"parent":0,"menu_order":0,"comment_status":"closed","ping_status":"closed","template":"","meta":{"om_disable_all_campaigns":false,"footnotes":""},"class_list":["post-9719","page","type-page","status-publish","hentry"],"blocksy_meta":[],"yoast_head":"<!-- This site is optimized with the Yoast SEO plugin v27.4 - https:\/\/yoast.com\/product\/yoast-seo-wordpress\/ -->\n<title>News - Medic Blood<\/title>\n<meta name=\"robots\" content=\"index, follow, max-snippet:-1, max-image-preview:large, max-video-preview:-1\" \/>\n<link rel=\"canonical\" href=\"https:\/\/medicblood.org\/es\/news\/\" \/>\n<meta property=\"og:locale\" content=\"es_MX\" \/>\n<meta property=\"og:type\" content=\"article\" \/>\n<meta property=\"og:title\" content=\"News - Medic Blood\" \/>\n<meta property=\"og:url\" content=\"https:\/\/medicblood.org\/es\/news\/\" \/>\n<meta property=\"og:site_name\" content=\"Medic Blood\" \/>\n<meta property=\"article:publisher\" content=\"https:\/\/www.facebook.com\/medicblood\/\" \/>\n<meta property=\"article:modified_time\" content=\"2025-11-03T20:49:24+00:00\" \/>\n<meta name=\"twitter:card\" content=\"summary_large_image\" \/>\n<meta name=\"twitter:site\" content=\"@MEDICblood\" \/>\n<meta name=\"twitter:label1\" content=\"Tiempo de lectura\" \/>\n\t<meta name=\"twitter:data1\" content=\"1 minuto\" \/>\n<script type=\"application\/ld+json\" class=\"yoast-schema-graph\">{\"@context\":\"https:\\\/\\\/schema.org\",\"@graph\":[{\"@type\":\"WebPage\",\"@id\":\"https:\\\/\\\/medicblood.org\\\/news\\\/\",\"url\":\"https:\\\/\\\/medicblood.org\\\/news\\\/\",\"name\":\"News - Medic Blood\",\"isPartOf\":{\"@id\":\"https:\\\/\\\/medicblood.org\\\/#website\"},\"datePublished\":\"2025-09-02T19:42:24+00:00\",\"dateModified\":\"2025-11-03T20:49:24+00:00\",\"breadcrumb\":{\"@id\":\"https:\\\/\\\/medicblood.org\\\/news\\\/#breadcrumb\"},\"inLanguage\":\"es\",\"potentialAction\":[{\"@type\":\"ReadAction\",\"target\":[\"https:\\\/\\\/medicblood.org\\\/news\\\/\"]}]},{\"@type\":\"BreadcrumbList\",\"@id\":\"https:\\\/\\\/medicblood.org\\\/news\\\/#breadcrumb\",\"itemListElement\":[{\"@type\":\"ListItem\",\"position\":1,\"name\":\"Home\",\"item\":\"https:\\\/\\\/medicblood.org\\\/\"},{\"@type\":\"ListItem\",\"position\":2,\"name\":\"News\"}]},{\"@type\":\"WebSite\",\"@id\":\"https:\\\/\\\/medicblood.org\\\/#website\",\"url\":\"https:\\\/\\\/medicblood.org\\\/\",\"name\":\"Medic Blood\",\"description\":\"MEDIC Regional Blood Center\",\"publisher\":{\"@id\":\"https:\\\/\\\/medicblood.org\\\/#organization\"},\"potentialAction\":[{\"@type\":\"SearchAction\",\"target\":{\"@type\":\"EntryPoint\",\"urlTemplate\":\"https:\\\/\\\/medicblood.org\\\/?s={search_term_string}\"},\"query-input\":{\"@type\":\"PropertyValueSpecification\",\"valueRequired\":true,\"valueName\":\"search_term_string\"}}],\"inLanguage\":\"es\"},{\"@type\":\"Organization\",\"@id\":\"https:\\\/\\\/medicblood.org\\\/#organization\",\"name\":\"Medic Blood\",\"url\":\"https:\\\/\\\/medicblood.org\\\/\",\"logo\":{\"@type\":\"ImageObject\",\"inLanguage\":\"es\",\"@id\":\"https:\\\/\\\/medicblood.org\\\/#\\\/schema\\\/logo\\\/image\\\/\",\"url\":\"https:\\\/\\\/medicblood.org\\\/wp-content\\\/uploads\\\/2025\\\/06\\\/medic_blood_logo_transparent.png\",\"contentUrl\":\"https:\\\/\\\/medicblood.org\\\/wp-content\\\/uploads\\\/2025\\\/06\\\/medic_blood_logo_transparent.png\",\"width\":350,\"height\":114,\"caption\":\"Medic Blood\"},\"image\":{\"@id\":\"https:\\\/\\\/medicblood.org\\\/#\\\/schema\\\/logo\\\/image\\\/\"},\"sameAs\":[\"https:\\\/\\\/www.facebook.com\\\/medicblood\\\/\",\"https:\\\/\\\/x.com\\\/MEDICblood\",\"https:\\\/\\\/www.instagram.com\\\/medicbloodcenter\\\/\"]}]}<\/script>\n<!-- \/ Yoast SEO plugin. -->","yoast_head_json":{"title":"Noticias - Medic Blood","robots":{"index":"index","follow":"follow","max-snippet":"max-snippet:-1","max-image-preview":"max-image-preview:large","max-video-preview":"max-video-preview:-1"},"canonical":"https:\/\/medicblood.org\/es\/news\/","og_locale":"es_MX","og_type":"article","og_title":"News - Medic Blood","og_url":"https:\/\/medicblood.org\/es\/news\/","og_site_name":"Medic Blood","article_publisher":"https:\/\/www.facebook.com\/medicblood\/","article_modified_time":"2025-11-03T20:49:24+00:00","twitter_card":"summary_large_image","twitter_site":"@MEDICblood","twitter_misc":{"Tiempo de lectura":"1 minuto"},"schema":{"@context":"https:\/\/schema.org","@graph":[{"@type":"WebPage","@id":"https:\/\/medicblood.org\/news\/","url":"https:\/\/medicblood.org\/news\/","name":"Noticias - Medic Blood","isPartOf":{"@id":"https:\/\/medicblood.org\/#website"},"datePublished":"2025-09-02T19:42:24+00:00","dateModified":"2025-11-03T20:49:24+00:00","breadcrumb":{"@id":"https:\/\/medicblood.org\/news\/#breadcrumb"},"inLanguage":"es","potentialAction":[{"@type":"ReadAction","target":["https:\/\/medicblood.org\/news\/"]}]},{"@type":"BreadcrumbList","@id":"https:\/\/medicblood.org\/news\/#breadcrumb","itemListElement":[{"@type":"ListItem","position":1,"name":"Home","item":"https:\/\/medicblood.org\/"},{"@type":"ListItem","position":2,"name":"News"}]},{"@type":"WebSite","@id":"https:\/\/medicblood.org\/#website","url":"https:\/\/medicblood.org\/","name":"Sangre medicinal","description":"Centro Regional de Sangre MEDIC","publisher":{"@id":"https:\/\/medicblood.org\/#organization"},"potentialAction":[{"@type":"SearchAction","target":{"@type":"EntryPoint","urlTemplate":"https:\/\/medicblood.org\/?s={search_term_string}"},"query-input":{"@type":"PropertyValueSpecification","valueRequired":true,"valueName":"search_term_string"}}],"inLanguage":"es"},{"@type":"Organization","@id":"https:\/\/medicblood.org\/#organization","name":"Sangre medicinal","url":"https:\/\/medicblood.org\/","logo":{"@type":"ImageObject","inLanguage":"es","@id":"https:\/\/medicblood.org\/#\/schema\/logo\/image\/","url":"https:\/\/medicblood.org\/wp-content\/uploads\/2025\/06\/medic_blood_logo_transparent.png","contentUrl":"https:\/\/medicblood.org\/wp-content\/uploads\/2025\/06\/medic_blood_logo_transparent.png","width":350,"height":114,"caption":"Medic Blood"},"image":{"@id":"https:\/\/medicblood.org\/#\/schema\/logo\/image\/"},"sameAs":["https:\/\/www.facebook.com\/medicblood\/","https:\/\/x.com\/MEDICblood","https:\/\/www.instagram.com\/medicbloodcenter\/"]}]}},"_links":{"self":[{"href":"https:\/\/medicblood.org\/es\/wp-json\/wp\/v2\/pages\/9719","targetHints":{"allow":["GET"]}}],"collection":[{"href":"https:\/\/medicblood.org\/es\/wp-json\/wp\/v2\/pages"}],"about":[{"href":"https:\/\/medicblood.org\/es\/wp-json\/wp\/v2\/types\/page"}],"author":[{"embeddable":true,"href":"https:\/\/medicblood.org\/es\/wp-json\/wp\/v2\/users\/1"}],"replies":[{"embeddable":true,"href":"https:\/\/medicblood.org\/es\/wp-json\/wp\/v2\/comments?post=9719"}],"version-history":[{"count":8,"href":"https:\/\/medicblood.org\/es\/wp-json\/wp\/v2\/pages\/9719\/revisions"}],"predecessor-version":[{"id":10091,"href":"https:\/\/medicblood.org\/es\/wp-json\/wp\/v2\/pages\/9719\/revisions\/10091"}],"wp:attachment":[{"href":"https:\/\/medicblood.org\/es\/wp-json\/wp\/v2\/media?parent=9719"}],"curies":[{"name":"wp","href":"https:\/\/api.w.org\/{rel}","templated":true}]}}