{"id":8337,"date":"2025-09-02T14:40:50","date_gmt":"2025-09-02T18:40:50","guid":{"rendered":"https:\/\/medicblood.org\/?page_id=8337"},"modified":"2026-03-23T14:00:40","modified_gmt":"2026-03-23T18:00:40","slug":"patient-support-program","status":"publish","type":"page","link":"https:\/\/medicblood.org\/es\/patient-support-program\/","title":{"rendered":"Programa de apoyo a los pacientes"},"content":{"rendered":"<div class=\"wp-block-stackable-columns alignfull stk-block-columns stk-block stk-ef250dc\" data-block-id=\"ef250dc\"><style>.stk-ef250dc {margin-bottom:0px !important;}<\/style><div class=\"stk-row stk-inner-blocks stk-block-content stk-content-align stk-ef250dc-column alignfull\">\n<div class=\"wp-block-stackable-column stk-block-column stk-column stk-block stk-fcfddda\" data-v=\"4\" data-block-id=\"fcfddda\"><div class=\"stk-column-wrapper stk-block-column__content stk-container stk-fcfddda-container stk--no-background stk--no-padding\"><div class=\"stk-block-content stk-inner-blocks stk-fcfddda-inner-blocks\">\n<div class=\"wp-block-stackable-columns stk-block-columns stk-block stk-1649680\" data-block-id=\"1649680\"><style>.stk-1649680 {margin-bottom:var(--stk--preset--spacing--none, 0px) !important;}.stk-1649680-column{--stk-columns-spacing:var(--stk--preset--spacing--60, 2.25rem) !important;}<\/style><div class=\"stk-row stk-inner-blocks stk-block-content stk-content-align stk-1649680-column\">\n<div class=\"wp-block-stackable-column stk-block-column stk-column stk-block stk-4157f56\" data-v=\"4\" data-block-id=\"4157f56\"><style>.stk-4157f56-container{margin-top:var(--stk--preset--spacing--80, 5.06rem) !important;margin-right:var(--stk--preset--spacing--80, 5.06rem) !important;margin-bottom:var(--stk--preset--spacing--80, 5.06rem) !important;margin-left:var(--stk--preset--spacing--80, 5.06rem) !important;}.stk-4157f56 {margin-bottom:var(--stk--preset--spacing--80, 5.06rem) !important;}<\/style><div class=\"stk-column-wrapper stk-block-column__content stk-container stk-4157f56-container stk--no-background stk--no-padding\"><div class=\"stk-block-content stk-inner-blocks stk-4157f56-inner-blocks\">\n<div class=\"wp-block-stackable-heading stk-block-heading stk-block-heading--v2 stk-block stk-8f6f2df\" id=\"strong-the-patient-support-program-is-replacing-the-medic-replacement-program-strong\" data-block-id=\"8f6f2df\"><h4 class=\"stk-block-heading__text\"><strong>El Programa de Apoyo al Paciente sustituye al Programa de Reemplazo MEDIC.<\/strong><\/h4><\/div>\n\n\n\n<div class=\"wp-block-stackable-text stk-block-text stk-block stk-1bd7564\" data-block-id=\"1bd7564\"><p class=\"stk-block-text__text\">El Programa de Apoyo al Paciente permite a amigos, familiares y miembros de la comunidad donar su cr\u00e9dito de membres\u00eda MEDIC a un paciente que recibe sangre. Estos cr\u00e9ditos se utilizan para ayudar a compensar los gastos de procesamiento de sangre del hospital.<\/p><\/div>\n\n\n\n<div class=\"wp-block-stackable-columns stk-block-columns stk-block stk-af2a076\" data-block-id=\"af2a076\"><div class=\"stk-row stk-inner-blocks stk-block-content stk-content-align stk-af2a076-column\">\n<div class=\"wp-block-stackable-column stk-block-column stk-column stk-block stk-029bff4\" data-v=\"4\" data-block-id=\"029bff4\"><div class=\"stk-column-wrapper stk-block-column__content stk-container stk-029bff4-container stk--no-background stk--no-padding\"><div class=\"stk-block-content stk-inner-blocks stk-029bff4-inner-blocks\">\n<div class=\"wp-block-stackable-heading stk-block-heading stk-block-heading--v2 stk-block stk-bff15ce\" id=\"strong-how-it-works-strong\" data-block-id=\"bff15ce\"><style>.stk-bff15ce .stk-block-heading__bottom-line{height:4px !important;background-color:var(--theme-palette-color-1, #be1e2d) !important;margin-top:10px !important;}.stk-bff15ce {margin-bottom:0px !important;}<\/style><h4 class=\"stk-block-heading__text\"><strong>C\u00f3mo funciona<\/strong><\/h4><div class=\"stk-block-heading__bottom-line\"><\/div><\/div>\n\n\n\n<div class=\"wp-block-stackable-text stk-block-text stk-block stk-964b667\" data-block-id=\"964b667\"><p class=\"stk-block-text__text\">Los familiares y amigos pueden organizar una campa\u00f1a de donaci\u00f3n de sangre para que el paciente que recibe sangre obtenga cr\u00e9ditos. El personal de MEDIC se encargar\u00e1 de planificar la log\u00edstica de la campa\u00f1a. Se puede organizar m\u00e1s de una campa\u00f1a para una misma persona. Una vez finalizada la campa\u00f1a o campa\u00f1as, el personal de MEDIC procesar\u00e1 las donaciones y a\u00f1adir\u00e1 los cr\u00e9ditos a la cuenta del paciente.<\/p><\/div>\n\n\n\n<div class=\"wp-block-stackable-text stk-block-text stk-block stk-dce67ec\" data-block-id=\"dce67ec\"><style>.stk-dce67ec {margin-bottom:0px !important;}<\/style><p class=\"stk-block-text__text\">Aspectos a tener en cuenta:<\/p><\/div>\n\n\n\n<ol class=\"wp-block-list\">\n<li>Los donantes de sangre DEBEN notificar al personal de MEDIC que est\u00e1n donando para el paciente.&nbsp;<\/li>\n\n\n\n<li>Las donaciones para apoyar a los pacientes pueden realizarse en cualquier unidad m\u00f3vil o en cualquiera de los centros de donaci\u00f3n de MEDIC.&nbsp;<\/li>\n\n\n\n<li><strong>Los cr\u00e9ditos de membres\u00eda no son transferibles despu\u00e9s de 30 d\u00edas. <\/strong><\/li>\n<\/ol>\n\n\n\n<div class=\"wp-block-stackable-heading stk-block-heading stk-block-heading--v2 stk-block stk-2188f7a\" id=\"strong-what-is-a-credit-strong\" data-block-id=\"2188f7a\"><style>.stk-2188f7a .stk-block-heading__bottom-line{height:4px !important;background-color:var(--theme-palette-color-1, #be1e2d) !important;margin-top:10px !important;}.stk-2188f7a {margin-bottom:0px !important;}<\/style><h4 class=\"stk-block-heading__text\"><strong>\u00bfQu\u00e9 es un cr\u00e9dito?<\/strong><\/h4><div class=\"stk-block-heading__bottom-line\"><\/div><\/div>\n\n\n\n<div class=\"wp-block-stackable-text stk-block-text stk-block stk-4221097\" data-block-id=\"4221097\"><p class=\"stk-block-text__text\">Un cr\u00e9dito es una cobertura monetaria de $15 para ayudar a cubrir la tarifa de procesamiento de sangre del hospital por unidad de sangre. MEDIC no cubre los gastos hospitalarios ni las tarifas de los productos sangu\u00edneos. Si un miembro de MEDIC o un paciente que recibe cr\u00e9ditos recibe sangre en un hospital, es responsabilidad del paciente o de su familia notificar a MEDIC el uso de la sangre. Si un paciente utiliza sangre de un hospital en&nbsp;<a href=\"https:\/\/medicblood.org\/es\/our-service-area\/\" data-type=\"page\" data-id=\"332\" target=\"_blank\" rel=\"noreferrer noopener\">\u00c1rea de servicio de MEDIC<\/a>, El personal de MEDIC se pondr\u00e1 en contacto con el hospital para obtener informaci\u00f3n sobre el uso. Una vez confirmada esta informaci\u00f3n, el paciente recibir\u00e1 un cheque por $15 por cada cr\u00e9dito en su cuenta MEDIC. Si el paciente utiliza sangre en un hospital fuera del \u00e1rea de servicio de MEDIC, el paciente o su familia DEBER\u00c1N proporcionar una copia detallada de la factura del hospital del paciente en la que se indiquen los productos sangu\u00edneos utilizados antes de que se pueda emitir el cheque. A continuaci\u00f3n, el paciente recibir\u00e1 $15 por cada cr\u00e9dito.<\/p><\/div>\n\n\n\n<div class=\"wp-block-stackable-text stk-block-text stk-block stk-d8e3e5d\" data-block-id=\"d8e3e5d\"><style>.stk-d8e3e5d {margin-bottom:0px !important;}<\/style><p class=\"stk-block-text__text\">Aspectos a tener en cuenta:<\/p><\/div>\n\n\n\n<ol class=\"wp-block-list\">\n<li>MEDIC solo cubre la tarifa de procesamiento de productos sangu\u00edneos de $15 para pacientes que no son miembros.<\/li>\n\n\n\n<li>MEDIC no cubre los gastos hospitalarios ni los costos de los productos sangu\u00edneos de los pacientes que no son miembros.<\/li>\n\n\n\n<li>En el caso de los pacientes fallecidos, MEDIC mantendr\u00e1 abierta la cuenta del paciente durante seis meses. Transcurrido ese plazo, MEDIC \u201ccerrar\u00e1\u201d la cuenta y enviar\u00e1 un cheque a la familia del paciente por el saldo restante.<\/li>\n<\/ol>\n\n\n\n<div class=\"wp-block-stackable-text stk-block-text stk-block stk-de60f17\" data-block-id=\"de60f17\"><p class=\"stk-block-text__text\">Consulte los documentos que figuran a continuaci\u00f3n para obtener m\u00e1s informaci\u00f3n. Si tiene alguna pregunta, p\u00f3ngase en contacto con Kim Berrier en kberrier@medicblood.org.<\/p><\/div>\n\n\n\n<div class=\"wp-block-stackable-button-group stk-block-button-group stk-block stk-8fda74a\" data-block-id=\"8fda74a\"><style>.stk-8fda74a .stk-button-group{flex-direction:column !important;align-items:flex-start !important;}.stk-8fda74a .stk-block{flex-basis:auto !important;}.stk-8fda74a .stk-inner-blocks{row-gap:16px !important;}<\/style><div class=\"stk-row stk-inner-blocks stk-block-content stk-button-group\">\n<div class=\"wp-block-stackable-button stk-block-button stk-block stk-d87fe30\" data-block-id=\"d87fe30\"><style>.stk-d87fe30 .stk-button{padding-right:var(--stk--preset--spacing--60, 2.25rem) !important;padding-left:var(--stk--preset--spacing--60, 2.25rem) !important;border-top-left-radius:var(--stk--preset--border-radius--full, 9999px) !important;border-top-right-radius:var(--stk--preset--border-radius--full, 9999px) !important;border-bottom-right-radius:var(--stk--preset--border-radius--full, 9999px) !important;border-bottom-left-radius:var(--stk--preset--border-radius--full, 9999px) !important;}<\/style><a class=\"stk-link stk-button stk--hover-effect-darken\" href=\"https:\/\/medicblood.org\/wp-content\/uploads\/2026\/03\/Patient-Support-Program-Information-Sheet-2026.docx\" title=\"Hoja informativa del Programa de Apoyo al Paciente 2026\" target=\"_blank\" rel=\"noreferrer noopener\"><span class=\"stk-button__inner-text\">Hoja Informativa del Programa de Apoyo al Paciente<\/span><\/a><\/div>\n\n\n\n<div class=\"wp-block-stackable-button stk-block-button stk-block stk-e8afad7\" data-block-id=\"e8afad7\"><style>.stk-e8afad7 .stk-button{padding-right:var(--stk--preset--spacing--60, 2.25rem) !important;padding-left:var(--stk--preset--spacing--60, 2.25rem) !important;border-top-left-radius:var(--stk--preset--border-radius--full, 9999px) !important;border-top-right-radius:var(--stk--preset--border-radius--full, 9999px) !important;border-bottom-right-radius:var(--stk--preset--border-radius--full, 9999px) !important;border-bottom-left-radius:var(--stk--preset--border-radius--full, 9999px) !important;}<\/style><a class=\"stk-link stk-button stk--hover-effect-darken\" href=\"https:\/\/medicblood.org\/wp-content\/uploads\/2026\/03\/Patient-Support-Consent-Form-2026.docx\" title=\"Formulario de consentimiento del Programa de Apoyo al Paciente 2026\" target=\"_blank\" rel=\"noreferrer noopener\"><span class=\"stk-button__inner-text\">Formulario de Consentimiento para el Programa de Apoyo al Paciente<\/span><\/a><\/div>\n\n\n\n<div class=\"wp-block-stackable-button stk-block-button stk-block stk-d99b359\" data-block-id=\"d99b359\"><style>.stk-d99b359 .stk-button{padding-right:var(--stk--preset--spacing--60, 2.25rem) !important;padding-left:var(--stk--preset--spacing--60, 2.25rem) !important;border-top-left-radius:var(--stk--preset--border-radius--full, 9999px) !important;border-top-right-radius:var(--stk--preset--border-radius--full, 9999px) !important;border-bottom-right-radius:var(--stk--preset--border-radius--full, 9999px) !important;border-bottom-left-radius:var(--stk--preset--border-radius--full, 9999px) !important;}<\/style><a class=\"stk-link stk-button stk--hover-effect-darken\" href=\"https:\/\/medicblood.org\/wp-content\/uploads\/2026\/03\/Patient-Support-Payment-Process-2026-1.docx\" title=\"Formulario de consentimiento del Programa de Apoyo al Paciente 2026\" target=\"_blank\" rel=\"noreferrer noopener\"><span class=\"stk-button__inner-text\">Proceso de Pago del Programa de Apoyo al Paciente<\/span><\/a><\/div>\n<\/div><\/div>\n<\/div><\/div><\/div>\n\n\n\n<div class=\"wp-block-stackable-column stk-block-column stk-column stk-block stk-8a26aa7\" data-v=\"4\" data-block-id=\"8a26aa7\"><div class=\"stk-column-wrapper stk-block-column__content stk-container stk-8a26aa7-container stk--no-background stk--no-padding\"><div class=\"stk-block-content stk-inner-blocks stk-8a26aa7-inner-blocks\">\n<div class=\"wp-block-stackable-image stk-block-image stk-block stk-c3999bc\" data-block-id=\"c3999bc\"><figure><span class=\"stk-img-wrapper stk-image--shape-stretch\"><img loading=\"lazy\" decoding=\"async\" class=\"stk-img wp-image-8338\" src=\"https:\/\/medicblood.org\/wp-content\/uploads\/2025\/09\/inset_patient_support.jpg\" width=\"1200\" height=\"1221\" srcset=\"https:\/\/medicblood.org\/wp-content\/uploads\/2025\/09\/inset_patient_support.jpg 1200w, https:\/\/medicblood.org\/wp-content\/uploads\/2025\/09\/inset_patient_support-295x300.jpg 295w, https:\/\/medicblood.org\/wp-content\/uploads\/2025\/09\/inset_patient_support-1006x1024.jpg 1006w, https:\/\/medicblood.org\/wp-content\/uploads\/2025\/09\/inset_patient_support-768x781.jpg 768w\" sizes=\"auto, (max-width: 1200px) 100vw, 1200px\" \/><\/span><\/figure><\/div>\n<\/div><\/div><\/div>\n<\/div><\/div>\n\n\n\n<h4 class=\"wp-block-heading\"><strong>Contactos de MEDIC:<\/strong><\/h4>\n\n\n\n<p><strong>Totales de cr\u00e9dito\/pagos:<\/strong><br>Kim Berrier, kberrier@medicblood.org<\/p>\n\n\n\n<p><strong>MEDIC Contrataci\u00f3n de personal:<\/strong><br>Alicia Carver, acarver@medicblood.org<br>Chris Phipps, cphipps@medicblood.org<br>Audrey Swanson, aswanson@medicblood.org<br>Jessica Tharp, jtharp@medicblood.org<br><strong>*Tenga en cuenta que el personal de reclutamiento no tiene acceso a revisar los totales de cr\u00e9dito ni ninguna informaci\u00f3n relacionada con los pagos y las fechas de pago.<\/strong><\/p>\n<\/div><\/div><\/div>\n<\/div><\/div>\n<\/div><\/div><\/div>\n<\/div><\/div>\n\n\n\n<p><\/p>","protected":false},"excerpt":{"rendered":"<p>The Patient Support Program is replacing the MEDIC Replacement Program. The Patient Support Program allows friends, family, and community members to donate their MEDIC membership credit to a patient receiving blood. These credits are used to help offset the hospital\u2019s blood processing fees. How it works Family and friends may host a blood drive for [&hellip;]<\/p>\n","protected":false},"author":1,"featured_media":0,"parent":0,"menu_order":0,"comment_status":"closed","ping_status":"closed","template":"","meta":{"om_disable_all_campaigns":false,"footnotes":""},"class_list":["post-8337","page","type-page","status-publish","hentry"],"blocksy_meta":{"has_hero_section":"default","content_style_source":"inherit","vertical_spacing_source":"custom","content_area_spacing":"none","styles_descriptor":{"styles":{"desktop":"","tablet":"","mobile":""},"google_fonts":[],"version":6},"hero_section":"type-2","page_title_bg_type":"custom_image","custom_hero_background":{"attachment_id":238,"url":"https:\/\/medicblood.org\/wp-content\/uploads\/2025\/07\/header_bkg-1024x382.jpg"},"pageTitlePadding":{"state":1,"values":[{"value":"25","unit":"px"},{"value":"auto","unit":""},{"value":"25","unit":"px"},{"value":"auto","unit":""}],"custom":""},"pageTitleOverlay":{"background_type":"color","background_pattern":"type-1","background_image":{"attachment_id":null,"x":0,"y":0},"gradient":"linear-gradient(135deg,rgba(6,147,227,1) 0%,rgb(155,81,224) 100%)","background_repeat":"repeat","background_size":"auto","background_attachment":"scroll","patternColor":{"default":{"color":"#e5e7ea"}},"overlayColor":{"default":{"color":"CT_CSS_SKIP_RULE"}},"backgroundColor":{"default":{"color":"var(--theme-palette-color-1)"}}},"hero_alignment2":"start","pageTitleFontColor":{"default":{"color":"var(--theme-palette-color-8)"}},"hero_height":"200px","hero_elements":[{"id":"custom_title","enabled":true,"heading_tag":"h1","title":"Inicio","__id":"mhuxjFCVdBkJt-FljBfp2"},{"id":"custom_description","enabled":false,"description_visibility":{"desktop":true,"tablet":true,"mobile":false},"__id":"hi096LoiRzfnNS1lBKLAr"},{"id":"custom_meta","enabled":false,"meta_elements":[{"id":"author","enabled":true,"label":"By","has_author_avatar":"yes","avatar_size":25},{"id":"post_date","enabled":true,"label":"On","date_format_source":"default","date_format":"M j, Y"},{"id":"updated_date","enabled":false,"label":"On","date_format_source":"default","date_format":"M j, Y"},{"id":"categories","enabled":false,"label":"In","style":"simple"},{"id":"comments","enabled":true}],"page_meta_elements":{"joined":true,"articles_count":true,"comments":true},"__id":"4b1cwZ1kLZJ-j85_xG2lY"},{"id":"breadcrumbs","enabled":false,"__id":"r3kFEXLsh1BcRNyNYuHRQ"},{"id":"content-block","enabled":false,"__id":"yk5fVOSwgYWUzOM9onelN"}]},"yoast_head":"<!-- This site is optimized with the Yoast SEO plugin v27.4 - https:\/\/yoast.com\/product\/yoast-seo-wordpress\/ -->\n<title>Patient Support Program - Medic Blood<\/title>\n<meta name=\"robots\" content=\"index, follow, max-snippet:-1, max-image-preview:large, max-video-preview:-1\" \/>\n<link rel=\"canonical\" href=\"https:\/\/medicblood.org\/es\/patient-support-program\/\" \/>\n<meta property=\"og:locale\" content=\"es_MX\" \/>\n<meta property=\"og:type\" content=\"article\" \/>\n<meta property=\"og:title\" content=\"Patient Support Program - Medic Blood\" \/>\n<meta property=\"og:description\" content=\"The Patient Support Program is replacing the MEDIC Replacement Program. The Patient Support Program allows friends, family, and community members to donate their MEDIC membership credit to a patient receiving blood. These credits are used to help offset the hospital\u2019s blood processing fees. How it works Family and friends may host a blood drive for [&hellip;]\" \/>\n<meta property=\"og:url\" content=\"https:\/\/medicblood.org\/es\/patient-support-program\/\" \/>\n<meta property=\"og:site_name\" content=\"Medic Blood\" \/>\n<meta property=\"article:publisher\" content=\"https:\/\/www.facebook.com\/medicblood\/\" \/>\n<meta property=\"article:modified_time\" content=\"2026-03-23T18:00:40+00:00\" \/>\n<meta property=\"og:image\" content=\"https:\/\/medicblood.org\/wp-content\/uploads\/2025\/09\/inset_patient_support.jpg\" \/>\n\t<meta property=\"og:image:width\" content=\"1200\" \/>\n\t<meta property=\"og:image:height\" content=\"1221\" \/>\n\t<meta property=\"og:image:type\" content=\"image\/jpeg\" \/>\n<meta name=\"twitter:card\" content=\"summary_large_image\" \/>\n<meta name=\"twitter:site\" content=\"@MEDICblood\" \/>\n<meta name=\"twitter:label1\" content=\"Tiempo de lectura\" \/>\n\t<meta name=\"twitter:data1\" content=\"3 minutos\" \/>\n<script type=\"application\/ld+json\" class=\"yoast-schema-graph\">{\"@context\":\"https:\\\/\\\/schema.org\",\"@graph\":[{\"@type\":\"WebPage\",\"@id\":\"https:\\\/\\\/medicblood.org\\\/patient-support-program\\\/\",\"url\":\"https:\\\/\\\/medicblood.org\\\/patient-support-program\\\/\",\"name\":\"Patient Support Program - Medic Blood\",\"isPartOf\":{\"@id\":\"https:\\\/\\\/medicblood.org\\\/#website\"},\"primaryImageOfPage\":{\"@id\":\"https:\\\/\\\/medicblood.org\\\/patient-support-program\\\/#primaryimage\"},\"image\":{\"@id\":\"https:\\\/\\\/medicblood.org\\\/patient-support-program\\\/#primaryimage\"},\"thumbnailUrl\":\"https:\\\/\\\/medicblood.org\\\/wp-content\\\/uploads\\\/2025\\\/09\\\/inset_patient_support.jpg\",\"datePublished\":\"2025-09-02T18:40:50+00:00\",\"dateModified\":\"2026-03-23T18:00:40+00:00\",\"breadcrumb\":{\"@id\":\"https:\\\/\\\/medicblood.org\\\/patient-support-program\\\/#breadcrumb\"},\"inLanguage\":\"es\",\"potentialAction\":[{\"@type\":\"ReadAction\",\"target\":[\"https:\\\/\\\/medicblood.org\\\/patient-support-program\\\/\"]}]},{\"@type\":\"ImageObject\",\"inLanguage\":\"es\",\"@id\":\"https:\\\/\\\/medicblood.org\\\/patient-support-program\\\/#primaryimage\",\"url\":\"https:\\\/\\\/medicblood.org\\\/wp-content\\\/uploads\\\/2025\\\/09\\\/inset_patient_support.jpg\",\"contentUrl\":\"https:\\\/\\\/medicblood.org\\\/wp-content\\\/uploads\\\/2025\\\/09\\\/inset_patient_support.jpg\"},{\"@type\":\"BreadcrumbList\",\"@id\":\"https:\\\/\\\/medicblood.org\\\/patient-support-program\\\/#breadcrumb\",\"itemListElement\":[{\"@type\":\"ListItem\",\"position\":1,\"name\":\"Home\",\"item\":\"https:\\\/\\\/medicblood.org\\\/\"},{\"@type\":\"ListItem\",\"position\":2,\"name\":\"Patient Support Program\"}]},{\"@type\":\"WebSite\",\"@id\":\"https:\\\/\\\/medicblood.org\\\/#website\",\"url\":\"https:\\\/\\\/medicblood.org\\\/\",\"name\":\"Medic Blood\",\"description\":\"MEDIC Regional Blood Center\",\"publisher\":{\"@id\":\"https:\\\/\\\/medicblood.org\\\/#organization\"},\"potentialAction\":[{\"@type\":\"SearchAction\",\"target\":{\"@type\":\"EntryPoint\",\"urlTemplate\":\"https:\\\/\\\/medicblood.org\\\/?s={search_term_string}\"},\"query-input\":{\"@type\":\"PropertyValueSpecification\",\"valueRequired\":true,\"valueName\":\"search_term_string\"}}],\"inLanguage\":\"es\"},{\"@type\":\"Organization\",\"@id\":\"https:\\\/\\\/medicblood.org\\\/#organization\",\"name\":\"Medic Blood\",\"url\":\"https:\\\/\\\/medicblood.org\\\/\",\"logo\":{\"@type\":\"ImageObject\",\"inLanguage\":\"es\",\"@id\":\"https:\\\/\\\/medicblood.org\\\/#\\\/schema\\\/logo\\\/image\\\/\",\"url\":\"https:\\\/\\\/medicblood.org\\\/wp-content\\\/uploads\\\/2025\\\/06\\\/medic_blood_logo_transparent.png\",\"contentUrl\":\"https:\\\/\\\/medicblood.org\\\/wp-content\\\/uploads\\\/2025\\\/06\\\/medic_blood_logo_transparent.png\",\"width\":350,\"height\":114,\"caption\":\"Medic Blood\"},\"image\":{\"@id\":\"https:\\\/\\\/medicblood.org\\\/#\\\/schema\\\/logo\\\/image\\\/\"},\"sameAs\":[\"https:\\\/\\\/www.facebook.com\\\/medicblood\\\/\",\"https:\\\/\\\/x.com\\\/MEDICblood\",\"https:\\\/\\\/www.instagram.com\\\/medicbloodcenter\\\/\"]}]}<\/script>\n<!-- \/ Yoast SEO plugin. -->","yoast_head_json":{"title":"Programa de apoyo al paciente - Medic Blood","robots":{"index":"index","follow":"follow","max-snippet":"max-snippet:-1","max-image-preview":"max-image-preview:large","max-video-preview":"max-video-preview:-1"},"canonical":"https:\/\/medicblood.org\/es\/patient-support-program\/","og_locale":"es_MX","og_type":"article","og_title":"Patient Support Program - Medic Blood","og_description":"The Patient Support Program is replacing the MEDIC Replacement Program. The Patient Support Program allows friends, family, and community members to donate their MEDIC membership credit to a patient receiving blood. These credits are used to help offset the hospital\u2019s blood processing fees. How it works Family and friends may host a blood drive for [&hellip;]","og_url":"https:\/\/medicblood.org\/es\/patient-support-program\/","og_site_name":"Medic Blood","article_publisher":"https:\/\/www.facebook.com\/medicblood\/","article_modified_time":"2026-03-23T18:00:40+00:00","og_image":[{"width":1200,"height":1221,"url":"https:\/\/medicblood.org\/wp-content\/uploads\/2025\/09\/inset_patient_support.jpg","type":"image\/jpeg"}],"twitter_card":"summary_large_image","twitter_site":"@MEDICblood","twitter_misc":{"Tiempo de lectura":"3 minutos"},"schema":{"@context":"https:\/\/schema.org","@graph":[{"@type":"WebPage","@id":"https:\/\/medicblood.org\/patient-support-program\/","url":"https:\/\/medicblood.org\/patient-support-program\/","name":"Programa de apoyo al paciente - Medic Blood","isPartOf":{"@id":"https:\/\/medicblood.org\/#website"},"primaryImageOfPage":{"@id":"https:\/\/medicblood.org\/patient-support-program\/#primaryimage"},"image":{"@id":"https:\/\/medicblood.org\/patient-support-program\/#primaryimage"},"thumbnailUrl":"https:\/\/medicblood.org\/wp-content\/uploads\/2025\/09\/inset_patient_support.jpg","datePublished":"2025-09-02T18:40:50+00:00","dateModified":"2026-03-23T18:00:40+00:00","breadcrumb":{"@id":"https:\/\/medicblood.org\/patient-support-program\/#breadcrumb"},"inLanguage":"es","potentialAction":[{"@type":"ReadAction","target":["https:\/\/medicblood.org\/patient-support-program\/"]}]},{"@type":"ImageObject","inLanguage":"es","@id":"https:\/\/medicblood.org\/patient-support-program\/#primaryimage","url":"https:\/\/medicblood.org\/wp-content\/uploads\/2025\/09\/inset_patient_support.jpg","contentUrl":"https:\/\/medicblood.org\/wp-content\/uploads\/2025\/09\/inset_patient_support.jpg"},{"@type":"BreadcrumbList","@id":"https:\/\/medicblood.org\/patient-support-program\/#breadcrumb","itemListElement":[{"@type":"ListItem","position":1,"name":"Home","item":"https:\/\/medicblood.org\/"},{"@type":"ListItem","position":2,"name":"Patient Support Program"}]},{"@type":"WebSite","@id":"https:\/\/medicblood.org\/#website","url":"https:\/\/medicblood.org\/","name":"Sangre medicinal","description":"Centro Regional de Sangre MEDIC","publisher":{"@id":"https:\/\/medicblood.org\/#organization"},"potentialAction":[{"@type":"SearchAction","target":{"@type":"EntryPoint","urlTemplate":"https:\/\/medicblood.org\/?s={search_term_string}"},"query-input":{"@type":"PropertyValueSpecification","valueRequired":true,"valueName":"search_term_string"}}],"inLanguage":"es"},{"@type":"Organization","@id":"https:\/\/medicblood.org\/#organization","name":"Sangre medicinal","url":"https:\/\/medicblood.org\/","logo":{"@type":"ImageObject","inLanguage":"es","@id":"https:\/\/medicblood.org\/#\/schema\/logo\/image\/","url":"https:\/\/medicblood.org\/wp-content\/uploads\/2025\/06\/medic_blood_logo_transparent.png","contentUrl":"https:\/\/medicblood.org\/wp-content\/uploads\/2025\/06\/medic_blood_logo_transparent.png","width":350,"height":114,"caption":"Medic Blood"},"image":{"@id":"https:\/\/medicblood.org\/#\/schema\/logo\/image\/"},"sameAs":["https:\/\/www.facebook.com\/medicblood\/","https:\/\/x.com\/MEDICblood","https:\/\/www.instagram.com\/medicbloodcenter\/"]}]}},"_links":{"self":[{"href":"https:\/\/medicblood.org\/es\/wp-json\/wp\/v2\/pages\/8337","targetHints":{"allow":["GET"]}}],"collection":[{"href":"https:\/\/medicblood.org\/es\/wp-json\/wp\/v2\/pages"}],"about":[{"href":"https:\/\/medicblood.org\/es\/wp-json\/wp\/v2\/types\/page"}],"author":[{"embeddable":true,"href":"https:\/\/medicblood.org\/es\/wp-json\/wp\/v2\/users\/1"}],"replies":[{"embeddable":true,"href":"https:\/\/medicblood.org\/es\/wp-json\/wp\/v2\/comments?post=8337"}],"version-history":[{"count":27,"href":"https:\/\/medicblood.org\/es\/wp-json\/wp\/v2\/pages\/8337\/revisions"}],"predecessor-version":[{"id":10410,"href":"https:\/\/medicblood.org\/es\/wp-json\/wp\/v2\/pages\/8337\/revisions\/10410"}],"wp:attachment":[{"href":"https:\/\/medicblood.org\/es\/wp-json\/wp\/v2\/media?parent=8337"}],"curies":[{"name":"wp","href":"https:\/\/api.w.org\/{rel}","templated":true}]}}