{"id":8252,"date":"2025-08-20T07:36:10","date_gmt":"2025-08-20T11:36:10","guid":{"rendered":"https:\/\/medicblood.org\/?page_id=8252"},"modified":"2025-08-20T07:37:10","modified_gmt":"2025-08-20T11:37:10","slug":"donor-responsibilities","status":"publish","type":"page","link":"https:\/\/medicblood.org\/es\/donor-responsibilities\/","title":{"rendered":"Responsabilidades de los donantes"},"content":{"rendered":"<div class=\"wp-block-stackable-columns alignfull stk-block-columns stk-block stk-ef250dc\" data-block-id=\"ef250dc\"><style>.stk-ef250dc {margin-bottom:0px !important;}<\/style><div class=\"stk-row stk-inner-blocks stk-block-content stk-content-align stk-ef250dc-column alignfull\">\n<div class=\"wp-block-stackable-column stk-block-column stk-column stk-block stk-fcfddda\" data-v=\"4\" data-block-id=\"fcfddda\"><div class=\"stk-column-wrapper stk-block-column__content stk-container stk-fcfddda-container stk--no-background stk--no-padding\"><div class=\"stk-block-content stk-inner-blocks stk-fcfddda-inner-blocks\">\n<div class=\"wp-block-stackable-columns stk-block-columns stk-block stk-1649680\" data-block-id=\"1649680\"><style>.stk-1649680 {margin-bottom:0px !important;}.stk-1649680-column{--stk-columns-spacing:var(--stk--preset--spacing--60, 2.25rem) !important;}<\/style><div class=\"stk-row stk-inner-blocks stk-block-content stk-content-align stk-1649680-column\">\n<div class=\"wp-block-stackable-column stk-block-column stk-column stk-block stk-4157f56\" data-v=\"4\" data-block-id=\"4157f56\"><style>.stk-4157f56-container{margin-top:var(--stk--preset--spacing--80, 5.06rem) !important;margin-right:var(--stk--preset--spacing--80, 5.06rem) !important;margin-bottom:var(--stk--preset--spacing--80, 5.06rem) !important;margin-left:var(--stk--preset--spacing--80, 5.06rem) !important;}<\/style><div class=\"stk-column-wrapper stk-block-column__content stk-container stk-4157f56-container stk--no-background stk--no-padding\"><div class=\"stk-block-content stk-inner-blocks stk-4157f56-inner-blocks\">\n<div class=\"wp-block-stackable-columns stk-block-columns stk-block stk-0a0e7f2\" data-block-id=\"0a0e7f2\"><style>.stk-0a0e7f2 {margin-bottom:var(--stk--preset--spacing--80, 5.06rem) !important;}<\/style><div class=\"stk-row stk-inner-blocks stk-block-content stk-content-align stk-0a0e7f2-column\">\n<div class=\"wp-block-stackable-column stk-block-column stk-column stk-block stk-e75809d\" data-v=\"4\" data-block-id=\"e75809d\"><div class=\"stk-column-wrapper stk-block-column__content stk-container stk-e75809d-container stk--no-background stk--no-padding\"><div class=\"stk-block-content stk-inner-blocks stk-e75809d-inner-blocks\">\n<div class=\"wp-block-stackable-heading stk-block-heading stk-block-heading--v2 stk-block stk-3b1252f\" id=\"consideration-and-respect\" data-block-id=\"3b1252f\"><style>.stk-3b1252f .stk-block-heading__bottom-line{height:4px !important;width:360px !important;background-color:var(--theme-palette-color-1, #be1e2d) !important;margin-top:10px !important;}<\/style><h3 class=\"stk-block-heading__text\">Consideraci\u00f3n y respeto<\/h3><div class=\"stk-block-heading__bottom-line\"><\/div><\/div>\n\n\n\n<div class=\"wp-block-stackable-text stk-block-text stk-block stk-700faeb\" data-block-id=\"700faeb\"><p class=\"stk-block-text__text\">Los donantes son responsables de ser considerados y respetuosos con los dem\u00e1s donantes y con el personal de MEDIC, manteniendo un lenguaje y una conducta civilizados durante sus interacciones. <\/p><\/div>\n\n\n\n<div class=\"wp-block-stackable-text stk-block-text stk-block stk-e9344f0\" data-block-id=\"e9344f0\"><p class=\"stk-block-text__text\">MEDIC no tolera ning\u00fan tipo de abuso o acoso hacia otros donantes o hacia el personal de sus centros de recolecci\u00f3n. <\/p><\/div>\n\n\n\n<div class=\"wp-block-stackable-text stk-block-text stk-block stk-1be8d7d\" data-block-id=\"1be8d7d\"><p class=\"stk-block-text__text\">No se permite el ingreso a personas bajo la influencia de drogas o alcohol. MEDIC es un entorno libre de tabaco y cigarrillos electr\u00f3nicos. <\/p><\/div>\n\n\n\n<div class=\"wp-block-stackable-text stk-block-text stk-block stk-380e760\" data-block-id=\"380e760\"><p class=\"stk-block-text__text\">Los responsables de MEDIC tienen la facultad discrecional de pedir a un donante que vuelva en otra fecha o de rechazarlo definitivamente por su comportamiento. <\/p><\/div>\n\n\n\n<div class=\"wp-block-stackable-text stk-block-text stk-block stk-780e6a3\" data-block-id=\"780e6a3\"><p class=\"stk-block-text__text\">Higiene del donante: Se espera que los donantes mantengan una higiene personal adecuada. Si se detecta alg\u00fan problema de higiene, se abordar\u00e1 y se le pedir\u00e1 al donante que vuelva otro d\u00eda o, en su caso, se le podr\u00e1 excluir de forma permanente.<\/p><\/div>\n\n\n\n<p class=\"has-palette-color-5-color has-text-color has-link-color wp-elements-2c6160ea668395a300afa87d90fc6af7\">Vigente a partir de septiembre de 2024.<\/p>\n<\/div><\/div><\/div>\n<\/div><\/div>\n<\/div><\/div><\/div>\n<\/div><\/div>\n<\/div><\/div><\/div>\n<\/div><\/div>","protected":false},"excerpt":{"rendered":"<p>Consideration and Respect Donors are responsible for being considerate and respectful of other donors and MEDIC&#8217;s staff by maintaining civil language and conduct during their interactions. MEDIC does not tolerate any form of abuse or harassment of other donors or staff at its collection sites. Persons under the influence of drugs or alcohol are not [&hellip;]<\/p>\n","protected":false},"author":1,"featured_media":0,"parent":0,"menu_order":0,"comment_status":"closed","ping_status":"open","template":"","meta":{"om_disable_all_campaigns":false,"footnotes":""},"class_list":["post-8252","page","type-page","status-publish","hentry"],"blocksy_meta":{"has_hero_section":"default","content_style_source":"inherit","vertical_spacing_source":"custom","content_area_spacing":"none","styles_descriptor":{"styles":{"desktop":"","tablet":"","mobile":""},"google_fonts":[],"version":6},"hero_section":"type-2","page_title_bg_type":"custom_image","custom_hero_background":{"attachment_id":238,"url":"https:\/\/medicblood.org\/wp-content\/uploads\/2025\/07\/header_bkg-1024x382.jpg"},"pageTitlePadding":{"state":1,"values":[{"value":"25","unit":"px"},{"value":"auto","unit":""},{"value":"25","unit":"px"},{"value":"auto","unit":""}],"custom":""},"pageTitleOverlay":{"background_type":"color","background_pattern":"type-1","background_image":{"attachment_id":null,"x":0,"y":0},"gradient":"linear-gradient(135deg,rgba(6,147,227,1) 0%,rgb(155,81,224) 100%)","background_repeat":"repeat","background_size":"auto","background_attachment":"scroll","patternColor":{"default":{"color":"#e5e7ea"}},"overlayColor":{"default":{"color":"CT_CSS_SKIP_RULE"}},"backgroundColor":{"default":{"color":"var(--theme-palette-color-1)"}}},"hero_alignment2":"start","pageTitleFontColor":{"default":{"color":"var(--theme-palette-color-8)"}},"hero_height":"200px","hero_elements":[{"id":"custom_title","enabled":true,"heading_tag":"h1","title":"Inicio","__id":"mhuxjFCVdBkJt-FljBfp2"},{"id":"custom_description","enabled":false,"description_visibility":{"desktop":true,"tablet":true,"mobile":false},"__id":"hi096LoiRzfnNS1lBKLAr"},{"id":"custom_meta","enabled":false,"meta_elements":[{"id":"author","enabled":true,"label":"By","has_author_avatar":"yes","avatar_size":25},{"id":"post_date","enabled":true,"label":"On","date_format_source":"default","date_format":"M j, Y"},{"id":"updated_date","enabled":false,"label":"On","date_format_source":"default","date_format":"M j, Y"},{"id":"categories","enabled":false,"label":"In","style":"simple"},{"id":"comments","enabled":true}],"page_meta_elements":{"joined":true,"articles_count":true,"comments":true},"__id":"4b1cwZ1kLZJ-j85_xG2lY"},{"id":"breadcrumbs","enabled":false,"__id":"r3kFEXLsh1BcRNyNYuHRQ"},{"id":"content-block","enabled":false,"__id":"yk5fVOSwgYWUzOM9onelN"}]},"yoast_head":"<!-- This site is optimized with the Yoast SEO plugin v27.4 - https:\/\/yoast.com\/product\/yoast-seo-wordpress\/ -->\n<title>Donor Responsibilities - Medic Blood<\/title>\n<meta name=\"robots\" content=\"index, follow, max-snippet:-1, max-image-preview:large, max-video-preview:-1\" \/>\n<link rel=\"canonical\" href=\"https:\/\/medicblood.org\/es\/donor-responsibilities\/\" \/>\n<meta property=\"og:locale\" content=\"es_MX\" \/>\n<meta property=\"og:type\" content=\"article\" \/>\n<meta property=\"og:title\" content=\"Donor Responsibilities - Medic Blood\" \/>\n<meta property=\"og:description\" content=\"Consideration and Respect Donors are responsible for being considerate and respectful of other donors and MEDIC&#8217;s staff by maintaining civil language and conduct during their interactions. MEDIC does not tolerate any form of abuse or harassment of other donors or staff at its collection sites. Persons under the influence of drugs or alcohol are not [&hellip;]\" \/>\n<meta property=\"og:url\" content=\"https:\/\/medicblood.org\/es\/donor-responsibilities\/\" \/>\n<meta property=\"og:site_name\" content=\"Medic Blood\" \/>\n<meta property=\"article:publisher\" content=\"https:\/\/www.facebook.com\/medicblood\/\" \/>\n<meta property=\"article:modified_time\" content=\"2025-08-20T11:37:10+00:00\" \/>\n<meta name=\"twitter:card\" content=\"summary_large_image\" \/>\n<meta name=\"twitter:site\" content=\"@MEDICblood\" \/>\n<meta name=\"twitter:label1\" content=\"Tiempo de lectura\" \/>\n\t<meta name=\"twitter:data1\" content=\"1 minuto\" \/>\n<script type=\"application\/ld+json\" class=\"yoast-schema-graph\">{\"@context\":\"https:\\\/\\\/schema.org\",\"@graph\":[{\"@type\":\"WebPage\",\"@id\":\"https:\\\/\\\/medicblood.org\\\/donor-responsibilities\\\/\",\"url\":\"https:\\\/\\\/medicblood.org\\\/donor-responsibilities\\\/\",\"name\":\"Donor Responsibilities - Medic Blood\",\"isPartOf\":{\"@id\":\"https:\\\/\\\/medicblood.org\\\/#website\"},\"datePublished\":\"2025-08-20T11:36:10+00:00\",\"dateModified\":\"2025-08-20T11:37:10+00:00\",\"breadcrumb\":{\"@id\":\"https:\\\/\\\/medicblood.org\\\/donor-responsibilities\\\/#breadcrumb\"},\"inLanguage\":\"es\",\"potentialAction\":[{\"@type\":\"ReadAction\",\"target\":[\"https:\\\/\\\/medicblood.org\\\/donor-responsibilities\\\/\"]}]},{\"@type\":\"BreadcrumbList\",\"@id\":\"https:\\\/\\\/medicblood.org\\\/donor-responsibilities\\\/#breadcrumb\",\"itemListElement\":[{\"@type\":\"ListItem\",\"position\":1,\"name\":\"Home\",\"item\":\"https:\\\/\\\/medicblood.org\\\/\"},{\"@type\":\"ListItem\",\"position\":2,\"name\":\"Donor Responsibilities\"}]},{\"@type\":\"WebSite\",\"@id\":\"https:\\\/\\\/medicblood.org\\\/#website\",\"url\":\"https:\\\/\\\/medicblood.org\\\/\",\"name\":\"Medic Blood\",\"description\":\"MEDIC Regional Blood Center\",\"publisher\":{\"@id\":\"https:\\\/\\\/medicblood.org\\\/#organization\"},\"potentialAction\":[{\"@type\":\"SearchAction\",\"target\":{\"@type\":\"EntryPoint\",\"urlTemplate\":\"https:\\\/\\\/medicblood.org\\\/?s={search_term_string}\"},\"query-input\":{\"@type\":\"PropertyValueSpecification\",\"valueRequired\":true,\"valueName\":\"search_term_string\"}}],\"inLanguage\":\"es\"},{\"@type\":\"Organization\",\"@id\":\"https:\\\/\\\/medicblood.org\\\/#organization\",\"name\":\"Medic Blood\",\"url\":\"https:\\\/\\\/medicblood.org\\\/\",\"logo\":{\"@type\":\"ImageObject\",\"inLanguage\":\"es\",\"@id\":\"https:\\\/\\\/medicblood.org\\\/#\\\/schema\\\/logo\\\/image\\\/\",\"url\":\"https:\\\/\\\/medicblood.org\\\/wp-content\\\/uploads\\\/2025\\\/06\\\/medic_blood_logo_transparent.png\",\"contentUrl\":\"https:\\\/\\\/medicblood.org\\\/wp-content\\\/uploads\\\/2025\\\/06\\\/medic_blood_logo_transparent.png\",\"width\":350,\"height\":114,\"caption\":\"Medic Blood\"},\"image\":{\"@id\":\"https:\\\/\\\/medicblood.org\\\/#\\\/schema\\\/logo\\\/image\\\/\"},\"sameAs\":[\"https:\\\/\\\/www.facebook.com\\\/medicblood\\\/\",\"https:\\\/\\\/x.com\\\/MEDICblood\",\"https:\\\/\\\/www.instagram.com\\\/medicbloodcenter\\\/\"]}]}<\/script>\n<!-- \/ Yoast SEO plugin. -->","yoast_head_json":{"title":"Responsabilidades de los donantes - Medic Blood","robots":{"index":"index","follow":"follow","max-snippet":"max-snippet:-1","max-image-preview":"max-image-preview:large","max-video-preview":"max-video-preview:-1"},"canonical":"https:\/\/medicblood.org\/es\/donor-responsibilities\/","og_locale":"es_MX","og_type":"article","og_title":"Donor Responsibilities - Medic Blood","og_description":"Consideration and Respect Donors are responsible for being considerate and respectful of other donors and MEDIC&#8217;s staff by maintaining civil language and conduct during their interactions. MEDIC does not tolerate any form of abuse or harassment of other donors or staff at its collection sites. Persons under the influence of drugs or alcohol are not [&hellip;]","og_url":"https:\/\/medicblood.org\/es\/donor-responsibilities\/","og_site_name":"Medic Blood","article_publisher":"https:\/\/www.facebook.com\/medicblood\/","article_modified_time":"2025-08-20T11:37:10+00:00","twitter_card":"summary_large_image","twitter_site":"@MEDICblood","twitter_misc":{"Tiempo de lectura":"1 minuto"},"schema":{"@context":"https:\/\/schema.org","@graph":[{"@type":"WebPage","@id":"https:\/\/medicblood.org\/donor-responsibilities\/","url":"https:\/\/medicblood.org\/donor-responsibilities\/","name":"Responsabilidades de los donantes - Medic Blood","isPartOf":{"@id":"https:\/\/medicblood.org\/#website"},"datePublished":"2025-08-20T11:36:10+00:00","dateModified":"2025-08-20T11:37:10+00:00","breadcrumb":{"@id":"https:\/\/medicblood.org\/donor-responsibilities\/#breadcrumb"},"inLanguage":"es","potentialAction":[{"@type":"ReadAction","target":["https:\/\/medicblood.org\/donor-responsibilities\/"]}]},{"@type":"BreadcrumbList","@id":"https:\/\/medicblood.org\/donor-responsibilities\/#breadcrumb","itemListElement":[{"@type":"ListItem","position":1,"name":"Home","item":"https:\/\/medicblood.org\/"},{"@type":"ListItem","position":2,"name":"Donor Responsibilities"}]},{"@type":"WebSite","@id":"https:\/\/medicblood.org\/#website","url":"https:\/\/medicblood.org\/","name":"Sangre medicinal","description":"Centro Regional de Sangre MEDIC","publisher":{"@id":"https:\/\/medicblood.org\/#organization"},"potentialAction":[{"@type":"SearchAction","target":{"@type":"EntryPoint","urlTemplate":"https:\/\/medicblood.org\/?s={search_term_string}"},"query-input":{"@type":"PropertyValueSpecification","valueRequired":true,"valueName":"search_term_string"}}],"inLanguage":"es"},{"@type":"Organization","@id":"https:\/\/medicblood.org\/#organization","name":"Sangre medicinal","url":"https:\/\/medicblood.org\/","logo":{"@type":"ImageObject","inLanguage":"es","@id":"https:\/\/medicblood.org\/#\/schema\/logo\/image\/","url":"https:\/\/medicblood.org\/wp-content\/uploads\/2025\/06\/medic_blood_logo_transparent.png","contentUrl":"https:\/\/medicblood.org\/wp-content\/uploads\/2025\/06\/medic_blood_logo_transparent.png","width":350,"height":114,"caption":"Medic Blood"},"image":{"@id":"https:\/\/medicblood.org\/#\/schema\/logo\/image\/"},"sameAs":["https:\/\/www.facebook.com\/medicblood\/","https:\/\/x.com\/MEDICblood","https:\/\/www.instagram.com\/medicbloodcenter\/"]}]}},"_links":{"self":[{"href":"https:\/\/medicblood.org\/es\/wp-json\/wp\/v2\/pages\/8252","targetHints":{"allow":["GET"]}}],"collection":[{"href":"https:\/\/medicblood.org\/es\/wp-json\/wp\/v2\/pages"}],"about":[{"href":"https:\/\/medicblood.org\/es\/wp-json\/wp\/v2\/types\/page"}],"author":[{"embeddable":true,"href":"https:\/\/medicblood.org\/es\/wp-json\/wp\/v2\/users\/1"}],"replies":[{"embeddable":true,"href":"https:\/\/medicblood.org\/es\/wp-json\/wp\/v2\/comments?post=8252"}],"version-history":[{"count":2,"href":"https:\/\/medicblood.org\/es\/wp-json\/wp\/v2\/pages\/8252\/revisions"}],"predecessor-version":[{"id":8254,"href":"https:\/\/medicblood.org\/es\/wp-json\/wp\/v2\/pages\/8252\/revisions\/8254"}],"wp:attachment":[{"href":"https:\/\/medicblood.org\/es\/wp-json\/wp\/v2\/media?parent=8252"}],"curies":[{"name":"wp","href":"https:\/\/api.w.org\/{rel}","templated":true}]}}