{"id":8232,"date":"2025-08-19T15:08:24","date_gmt":"2025-08-19T19:08:24","guid":{"rendered":"https:\/\/medicblood.org\/?page_id=8232"},"modified":"2026-01-08T15:35:52","modified_gmt":"2026-01-08T20:35:52","slug":"super-donor","status":"publish","type":"page","link":"https:\/\/medicblood.org\/es\/super-donor\/","title":{"rendered":"Superdonante"},"content":{"rendered":"<div class=\"wp-block-stackable-columns alignfull stk-block-columns stk-block stk-ef250dc\" data-block-id=\"ef250dc\"><style>.stk-ef250dc {margin-bottom:0px !important;}<\/style><div class=\"stk-row stk-inner-blocks stk-block-content stk-content-align stk-ef250dc-column alignfull\">\n<div class=\"wp-block-stackable-column stk-block-column stk-column stk-block stk-fcfddda\" data-v=\"4\" data-block-id=\"fcfddda\"><div class=\"stk-column-wrapper stk-block-column__content stk-container stk-fcfddda-container stk--no-background stk--no-padding\"><div class=\"stk-block-content stk-inner-blocks stk-fcfddda-inner-blocks\">\n<div class=\"wp-block-stackable-columns stk-block-columns stk-block stk-1649680\" data-block-id=\"1649680\"><style>.stk-1649680 {margin-bottom:0px !important;}.stk-1649680-column{--stk-columns-spacing:var(--stk--preset--spacing--60, 2.25rem) !important;}<\/style><div class=\"stk-row stk-inner-blocks stk-block-content stk-content-align stk-1649680-column\">\n<div class=\"wp-block-stackable-column stk-block-column stk-column stk-block stk-4157f56\" data-v=\"4\" data-block-id=\"4157f56\"><style>.stk-4157f56-container{margin-top:var(--stk--preset--spacing--80, 5.06rem) !important;margin-right:var(--stk--preset--spacing--80, 5.06rem) !important;margin-bottom:var(--stk--preset--spacing--80, 5.06rem) !important;margin-left:var(--stk--preset--spacing--80, 5.06rem) !important;}<\/style><div class=\"stk-column-wrapper stk-block-column__content stk-container stk-4157f56-container stk--no-background stk--no-padding\"><div class=\"stk-block-content stk-inner-blocks stk-4157f56-inner-blocks\">\n<div class=\"wp-block-stackable-columns stk-block-columns stk-block stk-992be5b\" data-block-id=\"992be5b\"><style>.stk-992be5b {margin-bottom:50px !important;}<\/style><div class=\"stk-row stk-inner-blocks stk-block-content stk-content-align stk-992be5b-column\">\n<div class=\"wp-block-stackable-column stk-block-column stk-column stk-block stk-01bb0b9\" data-v=\"4\" data-block-id=\"01bb0b9\"><div class=\"stk-column-wrapper stk-block-column__content stk-container stk-01bb0b9-container stk--no-background stk--no-padding\"><div class=\"stk-block-content stk-inner-blocks stk-01bb0b9-inner-blocks\">\n<div class=\"wp-block-stackable-image stk-block-image stk-block stk-a5945ec\" data-block-id=\"a5945ec\"><style>.stk-a5945ec .stk-img-wrapper img{border-radius:var(--stk--preset--border-radius--large, 16px) !important;}<\/style><figure><span class=\"stk-img-wrapper stk-image--shape-stretch\"><img loading=\"lazy\" decoding=\"async\" class=\"stk-img wp-image-10241\" src=\"https:\/\/medicblood.org\/wp-content\/uploads\/2026\/01\/Be-a-Super-Donor.png\" width=\"1640\" height=\"924\" srcset=\"https:\/\/medicblood.org\/wp-content\/uploads\/2026\/01\/Be-a-Super-Donor.png 1640w, https:\/\/medicblood.org\/wp-content\/uploads\/2026\/01\/Be-a-Super-Donor-300x169.png 300w, https:\/\/medicblood.org\/wp-content\/uploads\/2026\/01\/Be-a-Super-Donor-1024x577.png 1024w, https:\/\/medicblood.org\/wp-content\/uploads\/2026\/01\/Be-a-Super-Donor-768x433.png 768w, https:\/\/medicblood.org\/wp-content\/uploads\/2026\/01\/Be-a-Super-Donor-1536x865.png 1536w, https:\/\/medicblood.org\/wp-content\/uploads\/2026\/01\/Be-a-Super-Donor-18x10.png 18w\" sizes=\"auto, (max-width: 1640px) 100vw, 1640px\" \/><\/span><\/figure><\/div>\n<\/div><\/div><\/div>\n<\/div><\/div>\n\n\n\n<div class=\"wp-block-stackable-heading stk-block-heading stk-block-heading--v2 stk-block stk-2403042\" id=\"to-become-a-super-donor-you-must-donate-either\" data-block-id=\"2403042\"><h3 class=\"stk-block-heading__text has-text-align-center\">Para convertirte en un S\u00faper Donante, debes donar O BIEN:<\/h3><\/div>\n\n\n\n<div class=\"wp-block-stackable-columns stk-block-columns stk-block stk-5869c2c\" data-block-id=\"5869c2c\"><style>.stk-5869c2c {margin-bottom:50px !important;}.stk-5869c2c-column{--stk-column-gap:var(--stk--preset--spacing--40, 1rem) !important;}<\/style><div class=\"stk-row stk-inner-blocks stk-block-content stk-content-align stk-5869c2c-column\">\n<div class=\"wp-block-stackable-column stk-block-column stk-column stk-block stk-0853124 stk-block-background\" data-v=\"4\" data-block-id=\"0853124\"><style>.stk-0853124 {background-color:var(--theme-palette-color-8, #ffffff) !important;border-top-left-radius:var(--stk--preset--border-radius--large, 16px) !important;border-top-right-radius:var(--stk--preset--border-radius--large, 16px) !important;border-bottom-right-radius:var(--stk--preset--border-radius--large, 16px) !important;border-bottom-left-radius:var(--stk--preset--border-radius--large, 16px) !important;overflow:hidden !important;border-style:solid !important;border-color:var(--theme-palette-color-1, #be1e2d) !important;border-top-width:1px !important;border-right-width:1px !important;border-bottom-width:1px !important;border-left-width:1px !important;}.stk-0853124:before{background-color:var(--theme-palette-color-8, #ffffff) !important;}@media screen and (min-width:690px){.stk-0853124 {flex:var(--stk-flex-grow, 1) 1 25% !important;}}<\/style><div class=\"stk-column-wrapper stk-block-column__content stk-container stk-0853124-container stk--no-background stk--no-padding\"><div class=\"has-text-align-center stk-block-content stk-inner-blocks stk-0853124-inner-blocks\">\n<div class=\"wp-block-stackable-text stk-block-text stk-block stk-f053fb9\" data-block-id=\"f053fb9\"><style>.stk-f053fb9 {margin-bottom:var(--stk--preset--spacing--none, 0px) !important;}<\/style><p class=\"stk-block-text__text\">Sangre completa cuatro veces al a\u00f1o.<\/p><\/div>\n<\/div><\/div><\/div>\n\n\n\n<div class=\"wp-block-stackable-column stk-block-column stk-column stk-block stk-34e0a1d stk-block-background\" data-v=\"4\" data-block-id=\"34e0a1d\"><style>.stk-34e0a1d {background-color:var(--theme-palette-color-8, #ffffff) !important;border-top-left-radius:var(--stk--preset--border-radius--large, 16px) !important;border-top-right-radius:var(--stk--preset--border-radius--large, 16px) !important;border-bottom-right-radius:var(--stk--preset--border-radius--large, 16px) !important;border-bottom-left-radius:var(--stk--preset--border-radius--large, 16px) !important;overflow:hidden !important;border-style:solid !important;border-color:var(--theme-palette-color-1, #be1e2d) !important;border-top-width:1px !important;border-right-width:1px !important;border-bottom-width:1px !important;border-left-width:1px !important;}.stk-34e0a1d:before{background-color:var(--theme-palette-color-8, #ffffff) !important;}@media screen and (min-width:690px){.stk-34e0a1d {flex:var(--stk-flex-grow, 1) 1 25% !important;}}<\/style><div class=\"stk-column-wrapper stk-block-column__content stk-container stk-34e0a1d-container stk--no-background stk--no-padding\"><div class=\"has-text-align-center stk-block-content stk-inner-blocks stk-34e0a1d-inner-blocks\">\n<div class=\"wp-block-stackable-text stk-block-text stk-block stk-9ede0a6\" data-block-id=\"9ede0a6\"><p class=\"stk-block-text__text\">ALYX dos veces en un a\u00f1o<\/p><\/div>\n<\/div><\/div><\/div>\n\n\n\n<div class=\"wp-block-stackable-column stk-block-column stk-column stk-block stk-16c10c7 stk-block-background\" data-v=\"4\" data-block-id=\"16c10c7\"><style>.stk-16c10c7 {background-color:var(--theme-palette-color-8, #ffffff) !important;border-top-left-radius:var(--stk--preset--border-radius--large, 16px) !important;border-top-right-radius:var(--stk--preset--border-radius--large, 16px) !important;border-bottom-right-radius:var(--stk--preset--border-radius--large, 16px) !important;border-bottom-left-radius:var(--stk--preset--border-radius--large, 16px) !important;overflow:hidden !important;border-style:solid !important;border-color:var(--theme-palette-color-1, #be1e2d) !important;border-top-width:1px !important;border-right-width:1px !important;border-bottom-width:1px !important;border-left-width:1px !important;}.stk-16c10c7:before{background-color:var(--theme-palette-color-8, #ffffff) !important;}@media screen and (min-width:690px){.stk-16c10c7 {flex:var(--stk-flex-grow, 1) 1 25% !important;}}<\/style><div class=\"stk-column-wrapper stk-block-column__content stk-container stk-16c10c7-container stk--no-background stk--no-padding\"><div class=\"has-text-align-center stk-block-content stk-inner-blocks stk-16c10c7-inner-blocks\">\n<div class=\"wp-block-stackable-text stk-block-text stk-block stk-ffd4910\" data-block-id=\"ffd4910\"><p class=\"stk-block-text__text\">Cuatro veces en un a\u00f1o.<\/p><\/div>\n<\/div><\/div><\/div>\n\n\n\n<div class=\"wp-block-stackable-column stk-block-column stk-column stk-block stk-a9044d6 stk-block-background\" data-v=\"4\" data-block-id=\"a9044d6\"><style>.stk-a9044d6 {background-color:var(--theme-palette-color-8, #ffffff) !important;border-top-left-radius:var(--stk--preset--border-radius--large, 16px) !important;border-top-right-radius:var(--stk--preset--border-radius--large, 16px) !important;border-bottom-right-radius:var(--stk--preset--border-radius--large, 16px) !important;border-bottom-left-radius:var(--stk--preset--border-radius--large, 16px) !important;overflow:hidden !important;border-style:solid !important;border-color:var(--theme-palette-color-1, #be1e2d) !important;border-top-width:1px !important;border-right-width:1px !important;border-bottom-width:1px !important;border-left-width:1px !important;}.stk-a9044d6:before{background-color:var(--theme-palette-color-8, #ffffff) !important;}@media screen and (min-width:690px){.stk-a9044d6 {flex:var(--stk-flex-grow, 1) 1 25% !important;}}<\/style><div class=\"stk-column-wrapper stk-block-column__content stk-container stk-a9044d6-container stk--no-background stk--no-padding\"><div class=\"has-text-align-center stk-block-content stk-inner-blocks stk-a9044d6-inner-blocks\">\n<div class=\"wp-block-stackable-text stk-block-text stk-block stk-cbc53c6\" data-block-id=\"cbc53c6\"><p class=\"stk-block-text__text\">Plasma cuatro veces en un a\u00f1o.<\/p><\/div>\n<\/div><\/div><\/div>\n<\/div><\/div>\n\n\n\n<div class=\"wp-block-stackable-columns stk-block-columns stk-block stk-0a0e7f2\" data-block-id=\"0a0e7f2\"><style>.stk-0a0e7f2 {margin-bottom:var(--stk--preset--spacing--80, 5.06rem) !important;}<\/style><div class=\"stk-row stk-inner-blocks stk-block-content stk-content-align stk-0a0e7f2-column\">\n<div class=\"wp-block-stackable-column stk-block-column stk-column stk-block stk-6f08839\" data-v=\"4\" data-block-id=\"6f08839\"><style>@media screen and (min-width:690px){.stk-6f08839 {flex:var(--stk-flex-grow, 1) 1 calc(40% - var(--stk-column-gap, 0px) * 1 \/ 2 ) !important;}}<\/style><div class=\"stk-column-wrapper stk-block-column__content stk-container stk-6f08839-container stk--no-background stk--no-padding\"><div class=\"stk-block-content stk-inner-blocks stk-6f08839-inner-blocks\">\n<div class=\"wp-block-stackable-heading stk-block-heading stk-block-heading--v2 stk-block stk-3b1252f\" id=\"best-donations-based-on-your-blood-type\" data-block-id=\"3b1252f\"><style>.stk-3b1252f .stk-block-heading__bottom-line{height:4px !important;width:380px !important;background-color:var(--theme-palette-color-1, #be1e2d) !important;margin-top:10px !important;}.stk-3b1252f {margin-bottom:0px !important;}<\/style><h5 class=\"stk-block-heading__text\">Las mejores donaciones seg\u00fan tu tipo de sangre:<\/h5><div class=\"stk-block-heading__bottom-line\"><\/div><\/div>\n\n\n\n<ul class=\"wp-block-list\">\n<li>O positivo\/negativo - Sangre completa, ALYX<\/li>\n\n\n\n<li>Positivo: sangre completa, ALYX, plaquetas.<\/li>\n\n\n\n<li>Negativo: sangre completa, plaquetas<\/li>\n\n\n\n<li>B positivo\/negativo: sangre completa, plaquetas<\/li>\n\n\n\n<li>AB positivo\/negativo: plaquetas, plasma\n<ul class=\"wp-block-list\">\n<li>\u00a1Pregunte por nuestro Programa de Donantes AB!<\/li>\n<\/ul>\n<\/li>\n<\/ul>\n<\/div><\/div><\/div>\n\n\n\n<div class=\"wp-block-stackable-column stk-block-column stk-column stk-block stk-e75809d\" data-v=\"4\" data-block-id=\"e75809d\"><style>.stk-e75809d {padding-top:var(--stk--preset--spacing--70, 3.38rem) !important;}@media screen and (min-width:690px){.stk-e75809d {flex:var(--stk-flex-grow, 1) 1 calc(60% - var(--stk-column-gap, 0px) * 1 \/ 2 ) !important;}}<\/style><div class=\"stk-column-wrapper stk-block-column__content stk-container stk-e75809d-container stk--no-background stk--no-padding\"><div class=\"stk-block-content stk-inner-blocks stk-e75809d-inner-blocks\">\n<div class=\"wp-block-stackable-text stk-block-text stk-block stk-700faeb\" data-block-id=\"700faeb\"><p class=\"stk-block-text__text\">Debe donar entre el 1 de enero y el 31 de diciembre. Las citas para donantes supercalificados se restablecen despu\u00e9s de A\u00f1o Nuevo. Si dona m\u00e1s de cuatro veces en un a\u00f1o, pero cada vez dona diferentes tipos de productos sangu\u00edneos que no suman uno de los totales anteriores, cont\u00e1ctenos. Puede realizar un seguimiento de sus citas a trav\u00e9s de su cuenta, disponible en su navegador web o en nuestra aplicaci\u00f3n. Busque MEDIC Regional Blood Center en la App Store o Google Play para descargarla.<\/p><\/div>\n<\/div><\/div><\/div>\n<\/div><\/div>\n<\/div><\/div><\/div>\n<\/div><\/div>\n<\/div><\/div><\/div>\n<\/div><\/div>","protected":false},"excerpt":{"rendered":"<p>To become a Super Donor, you must donate EITHER: Whole Blood four times in one year ALYX two times in one year Platelets four times in one year Plasma four times in one year Best donations based on your blood type: You must donate between January 1st and December 31st. Qualifying Super Donor appointments reset [&hellip;]<\/p>\n","protected":false},"author":1,"featured_media":0,"parent":0,"menu_order":0,"comment_status":"closed","ping_status":"open","template":"","meta":{"om_disable_all_campaigns":false,"footnotes":""},"class_list":["post-8232","page","type-page","status-publish","hentry"],"blocksy_meta":{"has_hero_section":"default","content_style_source":"inherit","vertical_spacing_source":"custom","content_area_spacing":"none","styles_descriptor":{"styles":{"desktop":"","tablet":"","mobile":""},"google_fonts":[],"version":6},"hero_section":"type-2","page_title_bg_type":"custom_image","custom_hero_background":{"attachment_id":238,"url":"https:\/\/medicblood.org\/wp-content\/uploads\/2025\/07\/header_bkg-1024x382.jpg"},"pageTitlePadding":{"state":1,"values":[{"value":"25","unit":"px"},{"value":"auto","unit":""},{"value":"25","unit":"px"},{"value":"auto","unit":""}],"custom":""},"pageTitleOverlay":{"background_type":"color","background_pattern":"type-1","background_image":{"attachment_id":null,"x":0,"y":0},"gradient":"linear-gradient(135deg,rgba(6,147,227,1) 0%,rgb(155,81,224) 100%)","background_repeat":"repeat","background_size":"auto","background_attachment":"scroll","patternColor":{"default":{"color":"#e5e7ea"}},"overlayColor":{"default":{"color":"CT_CSS_SKIP_RULE"}},"backgroundColor":{"default":{"color":"var(--theme-palette-color-1)"}}},"hero_alignment2":"start","pageTitleFontColor":{"default":{"color":"var(--theme-palette-color-8)"}},"hero_height":"200px","hero_elements":[{"id":"custom_title","enabled":true,"heading_tag":"h1","title":"Inicio","__id":"mhuxjFCVdBkJt-FljBfp2"},{"id":"custom_description","enabled":false,"description_visibility":{"desktop":true,"tablet":true,"mobile":false},"__id":"hi096LoiRzfnNS1lBKLAr"},{"id":"custom_meta","enabled":false,"meta_elements":[{"id":"author","enabled":true,"label":"By","has_author_avatar":"yes","avatar_size":25},{"id":"post_date","enabled":true,"label":"On","date_format_source":"default","date_format":"M j, Y"},{"id":"updated_date","enabled":false,"label":"On","date_format_source":"default","date_format":"M j, Y"},{"id":"categories","enabled":false,"label":"In","style":"simple"},{"id":"comments","enabled":true}],"page_meta_elements":{"joined":true,"articles_count":true,"comments":true},"__id":"4b1cwZ1kLZJ-j85_xG2lY"},{"id":"breadcrumbs","enabled":false,"__id":"r3kFEXLsh1BcRNyNYuHRQ"},{"id":"content-block","enabled":false,"__id":"yk5fVOSwgYWUzOM9onelN"}]},"yoast_head":"<!-- This site is optimized with the Yoast SEO plugin v27.4 - https:\/\/yoast.com\/product\/yoast-seo-wordpress\/ -->\n<title>Super Donor - Medic Blood<\/title>\n<meta name=\"robots\" content=\"index, follow, max-snippet:-1, max-image-preview:large, max-video-preview:-1\" \/>\n<link rel=\"canonical\" href=\"https:\/\/medicblood.org\/es\/super-donor\/\" \/>\n<meta property=\"og:locale\" content=\"es_MX\" \/>\n<meta property=\"og:type\" content=\"article\" \/>\n<meta property=\"og:title\" content=\"Super Donor - Medic Blood\" \/>\n<meta property=\"og:description\" content=\"To become a Super Donor, you must donate EITHER: Whole Blood four times in one year ALYX two times in one year Platelets four times in one year Plasma four times in one year Best donations based on your blood type: You must donate between January 1st and December 31st. Qualifying Super Donor appointments reset [&hellip;]\" \/>\n<meta property=\"og:url\" content=\"https:\/\/medicblood.org\/es\/super-donor\/\" \/>\n<meta property=\"og:site_name\" content=\"Medic Blood\" \/>\n<meta property=\"article:publisher\" content=\"https:\/\/www.facebook.com\/medicblood\/\" \/>\n<meta property=\"article:modified_time\" content=\"2026-01-08T20:35:52+00:00\" \/>\n<meta property=\"og:image\" content=\"https:\/\/medicblood.org\/wp-content\/uploads\/2026\/01\/Be-a-Super-Donor.png\" \/>\n\t<meta property=\"og:image:width\" content=\"1640\" \/>\n\t<meta property=\"og:image:height\" content=\"924\" \/>\n\t<meta property=\"og:image:type\" content=\"image\/png\" \/>\n<meta name=\"twitter:card\" content=\"summary_large_image\" \/>\n<meta name=\"twitter:site\" content=\"@MEDICblood\" \/>\n<meta name=\"twitter:label1\" content=\"Tiempo de lectura\" \/>\n\t<meta name=\"twitter:data1\" content=\"1 minuto\" \/>\n<script type=\"application\/ld+json\" class=\"yoast-schema-graph\">{\"@context\":\"https:\\\/\\\/schema.org\",\"@graph\":[{\"@type\":\"WebPage\",\"@id\":\"https:\\\/\\\/medicblood.org\\\/super-donor\\\/\",\"url\":\"https:\\\/\\\/medicblood.org\\\/super-donor\\\/\",\"name\":\"Super Donor - Medic Blood\",\"isPartOf\":{\"@id\":\"https:\\\/\\\/medicblood.org\\\/#website\"},\"primaryImageOfPage\":{\"@id\":\"https:\\\/\\\/medicblood.org\\\/super-donor\\\/#primaryimage\"},\"image\":{\"@id\":\"https:\\\/\\\/medicblood.org\\\/super-donor\\\/#primaryimage\"},\"thumbnailUrl\":\"https:\\\/\\\/medicblood.org\\\/wp-content\\\/uploads\\\/2026\\\/01\\\/Be-a-Super-Donor.png\",\"datePublished\":\"2025-08-19T19:08:24+00:00\",\"dateModified\":\"2026-01-08T20:35:52+00:00\",\"breadcrumb\":{\"@id\":\"https:\\\/\\\/medicblood.org\\\/super-donor\\\/#breadcrumb\"},\"inLanguage\":\"es\",\"potentialAction\":[{\"@type\":\"ReadAction\",\"target\":[\"https:\\\/\\\/medicblood.org\\\/super-donor\\\/\"]}]},{\"@type\":\"ImageObject\",\"inLanguage\":\"es\",\"@id\":\"https:\\\/\\\/medicblood.org\\\/super-donor\\\/#primaryimage\",\"url\":\"https:\\\/\\\/medicblood.org\\\/wp-content\\\/uploads\\\/2026\\\/01\\\/Be-a-Super-Donor.png\",\"contentUrl\":\"https:\\\/\\\/medicblood.org\\\/wp-content\\\/uploads\\\/2026\\\/01\\\/Be-a-Super-Donor.png\"},{\"@type\":\"BreadcrumbList\",\"@id\":\"https:\\\/\\\/medicblood.org\\\/super-donor\\\/#breadcrumb\",\"itemListElement\":[{\"@type\":\"ListItem\",\"position\":1,\"name\":\"Home\",\"item\":\"https:\\\/\\\/medicblood.org\\\/\"},{\"@type\":\"ListItem\",\"position\":2,\"name\":\"Super Donor\"}]},{\"@type\":\"WebSite\",\"@id\":\"https:\\\/\\\/medicblood.org\\\/#website\",\"url\":\"https:\\\/\\\/medicblood.org\\\/\",\"name\":\"Medic Blood\",\"description\":\"MEDIC Regional Blood Center\",\"publisher\":{\"@id\":\"https:\\\/\\\/medicblood.org\\\/#organization\"},\"potentialAction\":[{\"@type\":\"SearchAction\",\"target\":{\"@type\":\"EntryPoint\",\"urlTemplate\":\"https:\\\/\\\/medicblood.org\\\/?s={search_term_string}\"},\"query-input\":{\"@type\":\"PropertyValueSpecification\",\"valueRequired\":true,\"valueName\":\"search_term_string\"}}],\"inLanguage\":\"es\"},{\"@type\":\"Organization\",\"@id\":\"https:\\\/\\\/medicblood.org\\\/#organization\",\"name\":\"Medic Blood\",\"url\":\"https:\\\/\\\/medicblood.org\\\/\",\"logo\":{\"@type\":\"ImageObject\",\"inLanguage\":\"es\",\"@id\":\"https:\\\/\\\/medicblood.org\\\/#\\\/schema\\\/logo\\\/image\\\/\",\"url\":\"https:\\\/\\\/medicblood.org\\\/wp-content\\\/uploads\\\/2025\\\/06\\\/medic_blood_logo_transparent.png\",\"contentUrl\":\"https:\\\/\\\/medicblood.org\\\/wp-content\\\/uploads\\\/2025\\\/06\\\/medic_blood_logo_transparent.png\",\"width\":350,\"height\":114,\"caption\":\"Medic Blood\"},\"image\":{\"@id\":\"https:\\\/\\\/medicblood.org\\\/#\\\/schema\\\/logo\\\/image\\\/\"},\"sameAs\":[\"https:\\\/\\\/www.facebook.com\\\/medicblood\\\/\",\"https:\\\/\\\/x.com\\\/MEDICblood\",\"https:\\\/\\\/www.instagram.com\\\/medicbloodcenter\\\/\"]}]}<\/script>\n<!-- \/ Yoast SEO plugin. -->","yoast_head_json":{"title":"Super Donante - Sangre Medic","robots":{"index":"index","follow":"follow","max-snippet":"max-snippet:-1","max-image-preview":"max-image-preview:large","max-video-preview":"max-video-preview:-1"},"canonical":"https:\/\/medicblood.org\/es\/super-donor\/","og_locale":"es_MX","og_type":"article","og_title":"Super Donor - Medic Blood","og_description":"To become a Super Donor, you must donate EITHER: Whole Blood four times in one year ALYX two times in one year Platelets four times in one year Plasma four times in one year Best donations based on your blood type: You must donate between January 1st and December 31st. Qualifying Super Donor appointments reset [&hellip;]","og_url":"https:\/\/medicblood.org\/es\/super-donor\/","og_site_name":"Medic Blood","article_publisher":"https:\/\/www.facebook.com\/medicblood\/","article_modified_time":"2026-01-08T20:35:52+00:00","og_image":[{"width":1640,"height":924,"url":"https:\/\/medicblood.org\/wp-content\/uploads\/2026\/01\/Be-a-Super-Donor.png","type":"image\/png"}],"twitter_card":"summary_large_image","twitter_site":"@MEDICblood","twitter_misc":{"Tiempo de lectura":"1 minuto"},"schema":{"@context":"https:\/\/schema.org","@graph":[{"@type":"WebPage","@id":"https:\/\/medicblood.org\/super-donor\/","url":"https:\/\/medicblood.org\/super-donor\/","name":"Super Donante - Sangre Medic","isPartOf":{"@id":"https:\/\/medicblood.org\/#website"},"primaryImageOfPage":{"@id":"https:\/\/medicblood.org\/super-donor\/#primaryimage"},"image":{"@id":"https:\/\/medicblood.org\/super-donor\/#primaryimage"},"thumbnailUrl":"https:\/\/medicblood.org\/wp-content\/uploads\/2026\/01\/Be-a-Super-Donor.png","datePublished":"2025-08-19T19:08:24+00:00","dateModified":"2026-01-08T20:35:52+00:00","breadcrumb":{"@id":"https:\/\/medicblood.org\/super-donor\/#breadcrumb"},"inLanguage":"es","potentialAction":[{"@type":"ReadAction","target":["https:\/\/medicblood.org\/super-donor\/"]}]},{"@type":"ImageObject","inLanguage":"es","@id":"https:\/\/medicblood.org\/super-donor\/#primaryimage","url":"https:\/\/medicblood.org\/wp-content\/uploads\/2026\/01\/Be-a-Super-Donor.png","contentUrl":"https:\/\/medicblood.org\/wp-content\/uploads\/2026\/01\/Be-a-Super-Donor.png"},{"@type":"BreadcrumbList","@id":"https:\/\/medicblood.org\/super-donor\/#breadcrumb","itemListElement":[{"@type":"ListItem","position":1,"name":"Home","item":"https:\/\/medicblood.org\/"},{"@type":"ListItem","position":2,"name":"Super Donor"}]},{"@type":"WebSite","@id":"https:\/\/medicblood.org\/#website","url":"https:\/\/medicblood.org\/","name":"Sangre medicinal","description":"Centro Regional de Sangre MEDIC","publisher":{"@id":"https:\/\/medicblood.org\/#organization"},"potentialAction":[{"@type":"SearchAction","target":{"@type":"EntryPoint","urlTemplate":"https:\/\/medicblood.org\/?s={search_term_string}"},"query-input":{"@type":"PropertyValueSpecification","valueRequired":true,"valueName":"search_term_string"}}],"inLanguage":"es"},{"@type":"Organization","@id":"https:\/\/medicblood.org\/#organization","name":"Sangre medicinal","url":"https:\/\/medicblood.org\/","logo":{"@type":"ImageObject","inLanguage":"es","@id":"https:\/\/medicblood.org\/#\/schema\/logo\/image\/","url":"https:\/\/medicblood.org\/wp-content\/uploads\/2025\/06\/medic_blood_logo_transparent.png","contentUrl":"https:\/\/medicblood.org\/wp-content\/uploads\/2025\/06\/medic_blood_logo_transparent.png","width":350,"height":114,"caption":"Medic Blood"},"image":{"@id":"https:\/\/medicblood.org\/#\/schema\/logo\/image\/"},"sameAs":["https:\/\/www.facebook.com\/medicblood\/","https:\/\/x.com\/MEDICblood","https:\/\/www.instagram.com\/medicbloodcenter\/"]}]}},"_links":{"self":[{"href":"https:\/\/medicblood.org\/es\/wp-json\/wp\/v2\/pages\/8232","targetHints":{"allow":["GET"]}}],"collection":[{"href":"https:\/\/medicblood.org\/es\/wp-json\/wp\/v2\/pages"}],"about":[{"href":"https:\/\/medicblood.org\/es\/wp-json\/wp\/v2\/types\/page"}],"author":[{"embeddable":true,"href":"https:\/\/medicblood.org\/es\/wp-json\/wp\/v2\/users\/1"}],"replies":[{"embeddable":true,"href":"https:\/\/medicblood.org\/es\/wp-json\/wp\/v2\/comments?post=8232"}],"version-history":[{"count":11,"href":"https:\/\/medicblood.org\/es\/wp-json\/wp\/v2\/pages\/8232\/revisions"}],"predecessor-version":[{"id":10242,"href":"https:\/\/medicblood.org\/es\/wp-json\/wp\/v2\/pages\/8232\/revisions\/10242"}],"wp:attachment":[{"href":"https:\/\/medicblood.org\/es\/wp-json\/wp\/v2\/media?parent=8232"}],"curies":[{"name":"wp","href":"https:\/\/api.w.org\/{rel}","templated":true}]}}