{"id":8226,"date":"2025-08-19T14:52:19","date_gmt":"2025-08-19T18:52:19","guid":{"rendered":"https:\/\/medicblood.org\/?page_id=8226"},"modified":"2025-08-19T15:03:34","modified_gmt":"2025-08-19T19:03:34","slug":"sickle-cell-awareness","status":"publish","type":"page","link":"https:\/\/medicblood.org\/es\/sickle-cell-awareness\/","title":{"rendered":"Sensibilizaci\u00f3n sobre la drepanocitosis"},"content":{"rendered":"<div class=\"wp-block-stackable-columns stk-block-columns stk-block stk-70c5c9f\" data-block-id=\"70c5c9f\"><style>.stk-70c5c9f {margin-bottom:0px !important;}<\/style><div class=\"stk-row stk-inner-blocks stk-block-content stk-content-align stk-70c5c9f-column\">\n<div class=\"wp-block-stackable-column stk-block-column stk-column stk-block stk-c13a266\" data-v=\"4\" data-block-id=\"c13a266\"><div class=\"stk-column-wrapper stk-block-column__content stk-container stk-c13a266-container stk--no-background stk--no-padding\"><div class=\"stk-block-content stk-inner-blocks stk-c13a266-inner-blocks\">\n<div class=\"wp-block-stackable-columns stk-block-columns stk-block stk-9d6f22a\" data-block-id=\"9d6f22a\"><style>.stk-9d6f22a {margin-bottom:var(--stk--preset--spacing--80, 5.06rem) !important;}.stk-9d6f22a-column{--stk-columns-spacing:var(--stk--preset--spacing--60, 2.25rem) !important;}<\/style><div class=\"stk-row stk-inner-blocks stk-block-content stk-content-align stk-9d6f22a-column\">\n<div class=\"wp-block-stackable-column stk-block-column stk-column stk-block stk-ab32a97\" data-v=\"4\" data-block-id=\"ab32a97\"><div class=\"stk-column-wrapper stk-block-column__content stk-container stk-ab32a97-container stk--no-background stk--no-padding\"><div class=\"stk-block-content stk-inner-blocks stk-ab32a97-inner-blocks\">\n<div class=\"wp-block-stackable-text stk-block-text stk-block stk-93e2095\" data-block-id=\"93e2095\"><p class=\"stk-block-text__text\">La anemia falciforme (SCD, por sus siglas en ingl\u00e9s) es un grupo de trastornos hereditarios de los gl\u00f3bulos rojos. En la SCD, los gl\u00f3bulos rojos se vuelven duros y pegajosos y tienen la forma de una herramienta agr\u00edcola llamada \u201choz\u201d. Las personas con SCD pueden llevar una vida plena y disfrutar de la mayor\u00eda de las actividades que realizan otras personas. Si tienes SCD, es importante que aprendas a mantenerte lo m\u00e1s saludable posible.<\/p><\/div>\n\n\n\n<div class=\"wp-block-stackable-text stk-block-text stk-block stk-2312033\" data-block-id=\"2312033\"><p class=\"stk-block-text__text\">Los gl\u00f3bulos rojos sanos son redondos y se desplazan por los vasos sangu\u00edneos peque\u00f1os para transportar ox\u00edgeno a todas las partes del cuerpo. En una persona con anemia falciforme, los gl\u00f3bulos rojos se vuelven duros y pegajosos y adquieren la forma de una herramienta agr\u00edcola llamada \u201choz\u201d. Los gl\u00f3bulos falciformes mueren prematuramente, lo que provoca una escasez constante de gl\u00f3bulos rojos. Adem\u00e1s, cuando se desplazan por los vasos sangu\u00edneos peque\u00f1os, se atascan y obstruyen el flujo sangu\u00edneo. Esto puede causar dolor y otros problemas graves, como infecciones, s\u00edndrome tor\u00e1cico agudo y accidentes cerebrovasculares.<\/p><\/div>\n\n\n\n<div class=\"wp-block-stackable-text stk-block-text stk-block stk-cd0c774\" data-block-id=\"cd0c774\"><p class=\"stk-block-text__text\">Recurso:&nbsp;<a href=\"https:\/\/www.cdc.gov\/ncbddd\/sicklecell\/index.html\" target=\"_blank\" rel=\"noreferrer noopener\">https:\/\/www.cdc.gov\/ncbddd\/sicklecell\/index.html<\/a><\/p><\/div>\n\n\n\n<hr class=\"wp-block-separator has-alpha-channel-opacity\"\/>\n\n\n\n<div class=\"wp-block-stackable-text stk-block-text stk-block stk-eff6e8c\" data-block-id=\"eff6e8c\"><p class=\"stk-block-text__text\">Escuche a James y Jaleece Harrison explicar c\u00f3mo es vivir con anemia falciforme, y a los defensores de la hermandad de enfermer\u00eda Chi Eta Phi y Eric Lattimore hablar sobre la importancia de contar con un suministro de sangre diverso.<\/p><\/div>\n\n\n\n<div class=\"wp-block-stackable-text stk-block-text stk-block stk-da2c8fd\" data-block-id=\"da2c8fd\"><p class=\"stk-block-text__text\"><a href=\"http:\/\/bigslatemedia.com\/\" target=\"_blank\" rel=\"noreferrer noopener\">En colaboraci\u00f3n con Big Slate Media.<\/a><\/p><\/div>\n\n\n\n<figure class=\"wp-block-embed is-type-video is-provider-youtube wp-block-embed-youtube wp-embed-aspect-16-9 wp-has-aspect-ratio\"><div class=\"wp-block-embed__wrapper\">\n<iframe loading=\"lazy\" title=\"MEDIC - Anemia Falciforme - Por qu\u00e9 es importante donar\" width=\"1290\" height=\"726\" src=\"https:\/\/www.youtube.com\/embed\/B4b5Q5NJ6-I?feature=oembed\" frameborder=\"0\" allow=\"accelerometer; autoplay; clipboard-write; encrypted-media; gyroscope; picture-in-picture; web-share\" referrerpolicy=\"strict-origin-when-cross-origin\" allowfullscreen><\/iframe>\n<\/div><\/figure>\n\n\n\n<div style=\"height:100px\" aria-hidden=\"true\" class=\"wp-block-spacer\"><\/div>\n<\/div><\/div><\/div>\n<\/div><\/div>\n<\/div><\/div><\/div>\n<\/div><\/div>","protected":false},"excerpt":{"rendered":"<p>Sickle cell disease (SCD) is a group of inherited red blood cell disorders. In SCD, the red blood cells become hard and sticky and look like a C-shaped farm tool called a \u201csickle.\u201d People with SCD can live full lives and enjoy most of the activities that other people do. If you have SCD, it\u2019s [&hellip;]<\/p>\n","protected":false},"author":1,"featured_media":0,"parent":0,"menu_order":0,"comment_status":"closed","ping_status":"open","template":"","meta":{"om_disable_all_campaigns":false,"footnotes":""},"class_list":["post-8226","page","type-page","status-publish","hentry"],"blocksy_meta":{"has_hero_section":"default","content_style_source":"inherit","vertical_spacing_source":"custom","content_area_spacing":"none","styles_descriptor":{"styles":{"desktop":"","tablet":"","mobile":""},"google_fonts":[],"version":6},"hero_section":"type-2","page_title_bg_type":"custom_image","custom_hero_background":{"attachment_id":238,"url":"https:\/\/medicblood.org\/wp-content\/uploads\/2025\/07\/header_bkg-1024x382.jpg"},"pageTitlePadding":{"state":1,"values":[{"value":"25","unit":"px"},{"value":"auto","unit":""},{"value":"25","unit":"px"},{"value":"auto","unit":""}],"custom":""},"pageTitleOverlay":{"background_type":"color","background_pattern":"type-1","background_image":{"attachment_id":null,"x":0,"y":0},"gradient":"linear-gradient(135deg,rgba(6,147,227,1) 0%,rgb(155,81,224) 100%)","background_repeat":"repeat","background_size":"auto","background_attachment":"scroll","patternColor":{"default":{"color":"#e5e7ea"}},"overlayColor":{"default":{"color":"CT_CSS_SKIP_RULE"}},"backgroundColor":{"default":{"color":"var(--theme-palette-color-1)"}}},"hero_alignment2":"start","pageTitleFontColor":{"default":{"color":"var(--theme-palette-color-8)"}},"hero_height":"200px","hero_elements":[{"id":"custom_title","enabled":true,"heading_tag":"h1","title":"Inicio","__id":"mhuxjFCVdBkJt-FljBfp2"},{"id":"custom_description","enabled":false,"description_visibility":{"desktop":true,"tablet":true,"mobile":false},"__id":"hi096LoiRzfnNS1lBKLAr"},{"id":"custom_meta","enabled":false,"meta_elements":[{"id":"author","enabled":true,"label":"By","has_author_avatar":"yes","avatar_size":25},{"id":"post_date","enabled":true,"label":"On","date_format_source":"default","date_format":"M j, Y"},{"id":"updated_date","enabled":false,"label":"On","date_format_source":"default","date_format":"M j, Y"},{"id":"categories","enabled":false,"label":"In","style":"simple"},{"id":"comments","enabled":true}],"page_meta_elements":{"joined":true,"articles_count":true,"comments":true},"__id":"4b1cwZ1kLZJ-j85_xG2lY"},{"id":"breadcrumbs","enabled":false,"__id":"r3kFEXLsh1BcRNyNYuHRQ"},{"id":"content-block","enabled":false,"__id":"yk5fVOSwgYWUzOM9onelN"}]},"yoast_head":"<!-- This site is optimized with the Yoast SEO plugin v27.4 - https:\/\/yoast.com\/product\/yoast-seo-wordpress\/ -->\n<title>Sickle Cell Awareness - Medic Blood<\/title>\n<meta name=\"robots\" content=\"index, follow, max-snippet:-1, max-image-preview:large, max-video-preview:-1\" \/>\n<link rel=\"canonical\" href=\"https:\/\/medicblood.org\/es\/sickle-cell-awareness\/\" \/>\n<meta property=\"og:locale\" content=\"es_MX\" \/>\n<meta property=\"og:type\" content=\"article\" \/>\n<meta property=\"og:title\" content=\"Sickle Cell Awareness - Medic Blood\" \/>\n<meta property=\"og:description\" content=\"Sickle cell disease (SCD) is a group of inherited red blood cell disorders. In SCD, the red blood cells become hard and sticky and look like a C-shaped farm tool called a \u201csickle.\u201d People with SCD can live full lives and enjoy most of the activities that other people do. If you have SCD, it\u2019s [&hellip;]\" \/>\n<meta property=\"og:url\" content=\"https:\/\/medicblood.org\/es\/sickle-cell-awareness\/\" \/>\n<meta property=\"og:site_name\" content=\"Medic Blood\" \/>\n<meta property=\"article:publisher\" content=\"https:\/\/www.facebook.com\/medicblood\/\" \/>\n<meta property=\"article:modified_time\" content=\"2025-08-19T19:03:34+00:00\" \/>\n<meta name=\"twitter:card\" content=\"summary_large_image\" \/>\n<meta name=\"twitter:site\" content=\"@MEDICblood\" \/>\n<meta name=\"twitter:label1\" content=\"Tiempo de lectura\" \/>\n\t<meta name=\"twitter:data1\" content=\"1 minuto\" \/>\n<script type=\"application\/ld+json\" class=\"yoast-schema-graph\">{\"@context\":\"https:\\\/\\\/schema.org\",\"@graph\":[{\"@type\":\"WebPage\",\"@id\":\"https:\\\/\\\/medicblood.org\\\/sickle-cell-awareness\\\/\",\"url\":\"https:\\\/\\\/medicblood.org\\\/sickle-cell-awareness\\\/\",\"name\":\"Sickle Cell Awareness - Medic Blood\",\"isPartOf\":{\"@id\":\"https:\\\/\\\/medicblood.org\\\/#website\"},\"datePublished\":\"2025-08-19T18:52:19+00:00\",\"dateModified\":\"2025-08-19T19:03:34+00:00\",\"breadcrumb\":{\"@id\":\"https:\\\/\\\/medicblood.org\\\/sickle-cell-awareness\\\/#breadcrumb\"},\"inLanguage\":\"es\",\"potentialAction\":[{\"@type\":\"ReadAction\",\"target\":[\"https:\\\/\\\/medicblood.org\\\/sickle-cell-awareness\\\/\"]}]},{\"@type\":\"BreadcrumbList\",\"@id\":\"https:\\\/\\\/medicblood.org\\\/sickle-cell-awareness\\\/#breadcrumb\",\"itemListElement\":[{\"@type\":\"ListItem\",\"position\":1,\"name\":\"Home\",\"item\":\"https:\\\/\\\/medicblood.org\\\/\"},{\"@type\":\"ListItem\",\"position\":2,\"name\":\"Sickle Cell Awareness\"}]},{\"@type\":\"WebSite\",\"@id\":\"https:\\\/\\\/medicblood.org\\\/#website\",\"url\":\"https:\\\/\\\/medicblood.org\\\/\",\"name\":\"Medic Blood\",\"description\":\"MEDIC Regional Blood Center\",\"publisher\":{\"@id\":\"https:\\\/\\\/medicblood.org\\\/#organization\"},\"potentialAction\":[{\"@type\":\"SearchAction\",\"target\":{\"@type\":\"EntryPoint\",\"urlTemplate\":\"https:\\\/\\\/medicblood.org\\\/?s={search_term_string}\"},\"query-input\":{\"@type\":\"PropertyValueSpecification\",\"valueRequired\":true,\"valueName\":\"search_term_string\"}}],\"inLanguage\":\"es\"},{\"@type\":\"Organization\",\"@id\":\"https:\\\/\\\/medicblood.org\\\/#organization\",\"name\":\"Medic Blood\",\"url\":\"https:\\\/\\\/medicblood.org\\\/\",\"logo\":{\"@type\":\"ImageObject\",\"inLanguage\":\"es\",\"@id\":\"https:\\\/\\\/medicblood.org\\\/#\\\/schema\\\/logo\\\/image\\\/\",\"url\":\"https:\\\/\\\/medicblood.org\\\/wp-content\\\/uploads\\\/2025\\\/06\\\/medic_blood_logo_transparent.png\",\"contentUrl\":\"https:\\\/\\\/medicblood.org\\\/wp-content\\\/uploads\\\/2025\\\/06\\\/medic_blood_logo_transparent.png\",\"width\":350,\"height\":114,\"caption\":\"Medic Blood\"},\"image\":{\"@id\":\"https:\\\/\\\/medicblood.org\\\/#\\\/schema\\\/logo\\\/image\\\/\"},\"sameAs\":[\"https:\\\/\\\/www.facebook.com\\\/medicblood\\\/\",\"https:\\\/\\\/x.com\\\/MEDICblood\",\"https:\\\/\\\/www.instagram.com\\\/medicbloodcenter\\\/\"]}]}<\/script>\n<!-- \/ Yoast SEO plugin. -->","yoast_head_json":{"title":"Concienciaci\u00f3n sobre la anemia falciforme - Medic Blood","robots":{"index":"index","follow":"follow","max-snippet":"max-snippet:-1","max-image-preview":"max-image-preview:large","max-video-preview":"max-video-preview:-1"},"canonical":"https:\/\/medicblood.org\/es\/sickle-cell-awareness\/","og_locale":"es_MX","og_type":"article","og_title":"Sickle Cell Awareness - Medic Blood","og_description":"Sickle cell disease (SCD) is a group of inherited red blood cell disorders. In SCD, the red blood cells become hard and sticky and look like a C-shaped farm tool called a \u201csickle.\u201d People with SCD can live full lives and enjoy most of the activities that other people do. If you have SCD, it\u2019s [&hellip;]","og_url":"https:\/\/medicblood.org\/es\/sickle-cell-awareness\/","og_site_name":"Medic Blood","article_publisher":"https:\/\/www.facebook.com\/medicblood\/","article_modified_time":"2025-08-19T19:03:34+00:00","twitter_card":"summary_large_image","twitter_site":"@MEDICblood","twitter_misc":{"Tiempo de lectura":"1 minuto"},"schema":{"@context":"https:\/\/schema.org","@graph":[{"@type":"WebPage","@id":"https:\/\/medicblood.org\/sickle-cell-awareness\/","url":"https:\/\/medicblood.org\/sickle-cell-awareness\/","name":"Concienciaci\u00f3n sobre la anemia falciforme - Medic Blood","isPartOf":{"@id":"https:\/\/medicblood.org\/#website"},"datePublished":"2025-08-19T18:52:19+00:00","dateModified":"2025-08-19T19:03:34+00:00","breadcrumb":{"@id":"https:\/\/medicblood.org\/sickle-cell-awareness\/#breadcrumb"},"inLanguage":"es","potentialAction":[{"@type":"ReadAction","target":["https:\/\/medicblood.org\/sickle-cell-awareness\/"]}]},{"@type":"BreadcrumbList","@id":"https:\/\/medicblood.org\/sickle-cell-awareness\/#breadcrumb","itemListElement":[{"@type":"ListItem","position":1,"name":"Home","item":"https:\/\/medicblood.org\/"},{"@type":"ListItem","position":2,"name":"Sickle Cell Awareness"}]},{"@type":"WebSite","@id":"https:\/\/medicblood.org\/#website","url":"https:\/\/medicblood.org\/","name":"Sangre medicinal","description":"Centro Regional de Sangre MEDIC","publisher":{"@id":"https:\/\/medicblood.org\/#organization"},"potentialAction":[{"@type":"SearchAction","target":{"@type":"EntryPoint","urlTemplate":"https:\/\/medicblood.org\/?s={search_term_string}"},"query-input":{"@type":"PropertyValueSpecification","valueRequired":true,"valueName":"search_term_string"}}],"inLanguage":"es"},{"@type":"Organization","@id":"https:\/\/medicblood.org\/#organization","name":"Sangre medicinal","url":"https:\/\/medicblood.org\/","logo":{"@type":"ImageObject","inLanguage":"es","@id":"https:\/\/medicblood.org\/#\/schema\/logo\/image\/","url":"https:\/\/medicblood.org\/wp-content\/uploads\/2025\/06\/medic_blood_logo_transparent.png","contentUrl":"https:\/\/medicblood.org\/wp-content\/uploads\/2025\/06\/medic_blood_logo_transparent.png","width":350,"height":114,"caption":"Medic Blood"},"image":{"@id":"https:\/\/medicblood.org\/#\/schema\/logo\/image\/"},"sameAs":["https:\/\/www.facebook.com\/medicblood\/","https:\/\/x.com\/MEDICblood","https:\/\/www.instagram.com\/medicbloodcenter\/"]}]}},"_links":{"self":[{"href":"https:\/\/medicblood.org\/es\/wp-json\/wp\/v2\/pages\/8226","targetHints":{"allow":["GET"]}}],"collection":[{"href":"https:\/\/medicblood.org\/es\/wp-json\/wp\/v2\/pages"}],"about":[{"href":"https:\/\/medicblood.org\/es\/wp-json\/wp\/v2\/types\/page"}],"author":[{"embeddable":true,"href":"https:\/\/medicblood.org\/es\/wp-json\/wp\/v2\/users\/1"}],"replies":[{"embeddable":true,"href":"https:\/\/medicblood.org\/es\/wp-json\/wp\/v2\/comments?post=8226"}],"version-history":[{"count":4,"href":"https:\/\/medicblood.org\/es\/wp-json\/wp\/v2\/pages\/8226\/revisions"}],"predecessor-version":[{"id":8230,"href":"https:\/\/medicblood.org\/es\/wp-json\/wp\/v2\/pages\/8226\/revisions\/8230"}],"wp:attachment":[{"href":"https:\/\/medicblood.org\/es\/wp-json\/wp\/v2\/media?parent=8226"}],"curies":[{"name":"wp","href":"https:\/\/api.w.org\/{rel}","templated":true}]}}