{"id":8209,"date":"2025-08-19T13:32:51","date_gmt":"2025-08-19T17:32:51","guid":{"rendered":"https:\/\/medicblood.org\/?page_id=8209"},"modified":"2025-11-17T09:55:57","modified_gmt":"2025-11-17T14:55:57","slug":"hostablooddrive","status":"publish","type":"page","link":"https:\/\/medicblood.org\/es\/hostablooddrive\/","title":{"rendered":"Organice una campa\u00f1a de donaci\u00f3n de sangre"},"content":{"rendered":"<div class=\"wp-block-stackable-columns alignfull stk-block-columns stk-block stk-ef250dc\" data-block-id=\"ef250dc\"><style>.stk-ef250dc {margin-bottom:0px !important;}<\/style><div class=\"stk-row stk-inner-blocks stk-block-content stk-content-align stk-ef250dc-column alignfull\">\n<div class=\"wp-block-stackable-column stk-block-column stk-column stk-block stk-fcfddda\" data-v=\"4\" data-block-id=\"fcfddda\"><div class=\"stk-column-wrapper stk-block-column__content stk-container stk-fcfddda-container stk--no-background stk--no-padding\"><div class=\"stk-block-content stk-inner-blocks stk-fcfddda-inner-blocks\">\n<div class=\"wp-block-stackable-columns stk-block-columns stk-block stk-1649680\" data-block-id=\"1649680\"><style>.stk-1649680-column{--stk-columns-spacing:var(--stk--preset--spacing--60, 2.25rem) !important;}<\/style><div class=\"stk-row stk-inner-blocks stk-block-content stk-content-align stk-1649680-column\">\n<div class=\"wp-block-stackable-column stk-block-column stk-column stk-block stk-4157f56\" data-v=\"4\" data-block-id=\"4157f56\"><style>.stk-4157f56-container{margin-top:var(--stk--preset--spacing--80, 5.06rem) !important;margin-right:var(--stk--preset--spacing--80, 5.06rem) !important;margin-bottom:var(--stk--preset--spacing--80, 5.06rem) !important;margin-left:var(--stk--preset--spacing--80, 5.06rem) !important;}<\/style><div class=\"stk-column-wrapper stk-block-column__content stk-container stk-4157f56-container stk--no-background stk--no-padding\"><div class=\"stk-block-content stk-inner-blocks stk-4157f56-inner-blocks\">\n<div class=\"wp-block-stackable-heading stk-block-heading stk-block-heading--v2 stk-block stk-f890d12\" id=\"hosting-a-blood-drive\" data-block-id=\"f890d12\"><style>.stk-f890d12 {margin-bottom:0px !important;}<\/style><h3 class=\"stk-block-heading__text\">Organizar una campa\u00f1a de donaci\u00f3n de sangre<\/h3><\/div>\n\n\n\n<div class=\"wp-block-stackable-text stk-block-text stk-block stk-4083786\" data-block-id=\"4083786\"><p class=\"stk-block-text__text\">MEDIC depende de sus campa\u00f1as comunitarias de donaci\u00f3n de sangre para obtener 85% de la sangre que recolectamos. MEDIC se asocia con empresas, iglesias, organizaciones sin fines de lucro y otros grupos comunitarios para organizar campa\u00f1as de donaci\u00f3n de sangre en toda la regi\u00f3n. Operamos las 24 horas del d\u00eda, los 7 d\u00edas de la semana, y podemos adaptarnos a casi cualquier horario. <\/p><\/div>\n\n\n\n<div class=\"wp-block-stackable-heading stk-block-heading stk-block-heading--v2 stk-block stk-a0008b1\" id=\"here-are-some-reasons-many-organizations-hold-a-blood-drive\" data-block-id=\"a0008b1\"><style>.stk-a0008b1 {margin-bottom:0px !important;}<\/style><h5 class=\"stk-block-heading__text\">A continuaci\u00f3n se enumeran algunas razones por las que muchas organizaciones organizan campa\u00f1as de donaci\u00f3n de sangre:<\/h5><\/div>\n\n\n\n<div class=\"wp-block-stackable-icon-label stk-block-icon-label stk-block stk-c270b2f\" data-block-id=\"c270b2f\"><style>.stk-c270b2f .stk-inner-blocks{gap:20px !important;}<\/style><div class=\"stk-row stk-inner-blocks stk-block-content\">\n<div class=\"wp-block-stackable-icon stk-block-icon has-text-align-left stk-block stk-415e961\" data-block-id=\"415e961\"><style>.stk-415e961 .stk--svg-wrapper .stk--inner-svg svg:last-child, .stk-415e961 .stk--svg-wrapper .stk--inner-svg svg:last-child :is(g, path, rect, polygon, ellipse){fill:var(--theme-palette-color-1, #be1e2d) !important;}<\/style><span class=\"stk--svg-wrapper\"><div class=\"stk--inner-svg\"><svg style=\"height:0;width:0\"><defs><lineargradient id=\"linear-gradient-415e961\" x1=\"0\" x2=\"100%\" y1=\"0\" y2=\"0\"><stop offset=\"0%\" style=\"stop-opacity:1;stop-color:var(--linear-gradient-415-e-961-color-1)\"><\/stop><stop offset=\"100%\" style=\"stop-opacity:1;stop-color:var(--linear-gradient-415-e-961-color-2)\"><\/stop><\/lineargradient><\/defs><\/svg><svg class=\"ugb-custom-icon\" xmlns=\"http:\/\/www.w3.org\/2000\/svg\" viewbox=\"0 0 640 640\" aria-hidden=\"true\" width=\"32\" height=\"32\"><path d=\"M320 576C461.4 576 576 461.4 576 320C576 178.6 461.4 64 320 64C178.6 64 64 178.6 64 320C64 461.4 178.6 576 320 576zM404.4 276.7L324.4 404.7C320.2 411.4 313 415.6 305.1 416C297.2 416.4 289.6 412.8 284.9 406.4L236.9 342.4C228.9 331.8 231.1 316.8 241.7 308.8C252.3 300.8 267.3 303 275.3 313.6L302.3 349.6L363.7 251.3C370.7 240.1 385.5 236.6 396.8 243.7C408.1 250.8 411.5 265.5 404.4 276.8z\"><\/path><\/svg><\/div><\/span><\/div>\n\n\n\n<div class=\"wp-block-stackable-heading stk-block-heading stk-block-heading--v2 stk-block stk-3ef2fa7\" id=\"its-a-great-way-for-your-members-employees-to-give-back-to-the-community\" data-block-id=\"3ef2fa7\"><p class=\"stk-block-heading__text\">Es una excelente manera para que sus miembros\/empleados retribuyan a la comunidad.<\/p><\/div>\n<\/div><\/div>\n\n\n\n<div class=\"wp-block-stackable-icon-label stk-block-icon-label stk-block stk-819753f\" data-block-id=\"819753f\"><style>.stk-819753f .stk-inner-blocks{gap:20px !important;}<\/style><div class=\"stk-row stk-inner-blocks stk-block-content\">\n<div class=\"wp-block-stackable-icon stk-block-icon has-text-align-left stk-block stk-487124a\" data-block-id=\"487124a\"><style>.stk-487124a .stk--svg-wrapper .stk--inner-svg svg:last-child, .stk-487124a .stk--svg-wrapper .stk--inner-svg svg:last-child :is(g, path, rect, polygon, ellipse){fill:var(--theme-palette-color-1, #be1e2d) !important;}<\/style><span class=\"stk--svg-wrapper\"><div class=\"stk--inner-svg\"><svg style=\"height:0;width:0\"><defs><lineargradient id=\"linear-gradient-487124a\" x1=\"0\" x2=\"100%\" y1=\"0\" y2=\"0\"><stop offset=\"0%\" style=\"stop-opacity:1;stop-color:var(--linear-gradient-487124-a-color-1)\"><\/stop><stop offset=\"100%\" style=\"stop-opacity:1;stop-color:var(--linear-gradient-487124-a-color-2)\"><\/stop><\/lineargradient><\/defs><\/svg><svg class=\"ugb-custom-icon\" xmlns=\"http:\/\/www.w3.org\/2000\/svg\" viewbox=\"0 0 640 640\" aria-hidden=\"true\" width=\"32\" height=\"32\"><path d=\"M320 576C461.4 576 576 461.4 576 320C576 178.6 461.4 64 320 64C178.6 64 64 178.6 64 320C64 461.4 178.6 576 320 576zM404.4 276.7L324.4 404.7C320.2 411.4 313 415.6 305.1 416C297.2 416.4 289.6 412.8 284.9 406.4L236.9 342.4C228.9 331.8 231.1 316.8 241.7 308.8C252.3 300.8 267.3 303 275.3 313.6L302.3 349.6L363.7 251.3C370.7 240.1 385.5 236.6 396.8 243.7C408.1 250.8 411.5 265.5 404.4 276.8z\"><\/path><\/svg><\/div><\/span><\/div>\n\n\n\n<div class=\"wp-block-stackable-heading stk-block-heading stk-block-heading--v2 stk-block stk-5ce89f2\" id=\"everyone-who-donates-will-earn-a-medic-membership-covering-the-donor-and-his-her-family-if-they-need-blood\" data-block-id=\"5ce89f2\"><p class=\"stk-block-heading__text\">Todas las personas que donen obtendr\u00e1n una membres\u00eda MEDIC que cubrir\u00e1 al donante y a su familia en caso de que necesiten sangre.<\/p><\/div>\n<\/div><\/div>\n\n\n\n<div class=\"wp-block-stackable-icon-label stk-block-icon-label stk-block stk-147b627\" data-block-id=\"147b627\"><style>.stk-147b627 .stk-inner-blocks{gap:20px !important;}<\/style><div class=\"stk-row stk-inner-blocks stk-block-content\">\n<div class=\"wp-block-stackable-icon stk-block-icon has-text-align-left stk-block stk-26e3443\" data-block-id=\"26e3443\"><style>.stk-26e3443 .stk--svg-wrapper .stk--inner-svg svg:last-child, .stk-26e3443 .stk--svg-wrapper .stk--inner-svg svg:last-child :is(g, path, rect, polygon, ellipse){fill:var(--theme-palette-color-1, #be1e2d) !important;}<\/style><span class=\"stk--svg-wrapper\"><div class=\"stk--inner-svg\"><svg style=\"height:0;width:0\"><defs><lineargradient id=\"linear-gradient-26e3443\" x1=\"0\" x2=\"100%\" y1=\"0\" y2=\"0\"><stop offset=\"0%\" style=\"stop-opacity:1;stop-color:var(--linear-gradient-26-e-3443-color-1)\"><\/stop><stop offset=\"100%\" style=\"stop-opacity:1;stop-color:var(--linear-gradient-26-e-3443-color-2)\"><\/stop><\/lineargradient><\/defs><\/svg><svg class=\"ugb-custom-icon\" xmlns=\"http:\/\/www.w3.org\/2000\/svg\" viewbox=\"0 0 640 640\" aria-hidden=\"true\" width=\"32\" height=\"32\"><path d=\"M320 576C461.4 576 576 461.4 576 320C576 178.6 461.4 64 320 64C178.6 64 64 178.6 64 320C64 461.4 178.6 576 320 576zM404.4 276.7L324.4 404.7C320.2 411.4 313 415.6 305.1 416C297.2 416.4 289.6 412.8 284.9 406.4L236.9 342.4C228.9 331.8 231.1 316.8 241.7 308.8C252.3 300.8 267.3 303 275.3 313.6L302.3 349.6L363.7 251.3C370.7 240.1 385.5 236.6 396.8 243.7C408.1 250.8 411.5 265.5 404.4 276.8z\"><\/path><\/svg><\/div><\/span><\/div>\n\n\n\n<div class=\"wp-block-stackable-heading stk-block-heading stk-block-heading--v2 stk-block stk-f87d38d\" id=\"to-help-reduce-the-costs-associated-with-transfusions-for-someone-who-is-using-blood-products-as-a-part-of-their-treatment-or-therapy\" data-block-id=\"f87d38d\"><p class=\"stk-block-heading__text\">Para ayudar a reducir los costos asociados con las transfusiones para alguien que utiliza productos sangu\u00edneos como parte de su tratamiento o terapia.<\/p><\/div>\n<\/div><\/div>\n\n\n\n<div class=\"wp-block-stackable-icon-label stk-block-icon-label stk-block stk-fbd4115\" data-block-id=\"fbd4115\"><style>.stk-fbd4115 .stk-inner-blocks{gap:20px !important;}<\/style><div class=\"stk-row stk-inner-blocks stk-block-content\">\n<div class=\"wp-block-stackable-icon stk-block-icon has-text-align-left stk-block stk-fc5ad35\" data-block-id=\"fc5ad35\"><style>.stk-fc5ad35 .stk--svg-wrapper .stk--inner-svg svg:last-child, .stk-fc5ad35 .stk--svg-wrapper .stk--inner-svg svg:last-child :is(g, path, rect, polygon, ellipse){fill:var(--theme-palette-color-1, #be1e2d) !important;}<\/style><span class=\"stk--svg-wrapper\"><div class=\"stk--inner-svg\"><svg style=\"height:0;width:0\"><defs><lineargradient id=\"linear-gradient-fc5ad35\" x1=\"0\" x2=\"100%\" y1=\"0\" y2=\"0\"><stop offset=\"0%\" style=\"stop-opacity:1;stop-color:var(--linear-gradient-fc-5-ad-35-color-1)\"><\/stop><stop offset=\"100%\" style=\"stop-opacity:1;stop-color:var(--linear-gradient-fc-5-ad-35-color-2)\"><\/stop><\/lineargradient><\/defs><\/svg><svg class=\"ugb-custom-icon\" xmlns=\"http:\/\/www.w3.org\/2000\/svg\" viewbox=\"0 0 640 640\" aria-hidden=\"true\" width=\"32\" height=\"32\"><path d=\"M320 576C461.4 576 576 461.4 576 320C576 178.6 461.4 64 320 64C178.6 64 64 178.6 64 320C64 461.4 178.6 576 320 576zM404.4 276.7L324.4 404.7C320.2 411.4 313 415.6 305.1 416C297.2 416.4 289.6 412.8 284.9 406.4L236.9 342.4C228.9 331.8 231.1 316.8 241.7 308.8C252.3 300.8 267.3 303 275.3 313.6L302.3 349.6L363.7 251.3C370.7 240.1 385.5 236.6 396.8 243.7C408.1 250.8 411.5 265.5 404.4 276.8z\"><\/path><\/svg><\/div><\/span><\/div>\n\n\n\n<div class=\"wp-block-stackable-heading stk-block-heading stk-block-heading--v2 stk-block stk-5532046\" id=\"increase-business-traffic-hosting-a-blood-drive-is-a-great-way-to-get-potential-customers-on-site-especially-when-you-work-with-medic-to-provide-incentives-to-donors\" data-block-id=\"5532046\"><p class=\"stk-block-heading__text\">Aumente el tr\u00e1fico comercial: organizar una campa\u00f1a de donaci\u00f3n de sangre es una excelente manera de atraer a clientes potenciales a su establecimiento, especialmente cuando se trabaja con MEDIC para ofrecer incentivos a los donantes.<\/p><\/div>\n<\/div><\/div>\n\n\n\n<div class=\"wp-block-stackable-button-group stk-block-button-group stk-block stk-004a4e4\" data-block-id=\"004a4e4\"><div class=\"stk-row stk-inner-blocks stk-block-content stk-button-group\">\n<div class=\"wp-block-stackable-button stk-block-button stk-block stk-984b33f\" data-block-id=\"984b33f\"><a class=\"stk-link stk-button stk--hover-effect-darken\" href=\"https:\/\/tndonor.org\/donor\/donorcare\/form\" target=\"_blank\" rel=\"noreferrer noopener\"><span class=\"stk-button__inner-text\">\u00a1Haz clic aqu\u00ed para programar tu donaci\u00f3n de sangre!<\/span><\/a><\/div>\n<\/div><\/div>\n<\/div><\/div><\/div>\n\n\n\n<div class=\"wp-block-stackable-column stk-block-column stk-column stk-block stk-43f8d79\" data-v=\"4\" data-block-id=\"43f8d79\"><style>.stk-43f8d79-container{margin-top:var(--stk--preset--spacing--80, 5.06rem) !important;margin-right:var(--stk--preset--spacing--80, 5.06rem) !important;margin-bottom:var(--stk--preset--spacing--80, 5.06rem) !important;margin-left:var(--stk--preset--spacing--80, 5.06rem) !important;}<\/style><div class=\"stk-column-wrapper stk-block-column__content stk-container stk-43f8d79-container stk--no-background stk--no-padding\"><div class=\"stk-block-content stk-inner-blocks stk-43f8d79-inner-blocks\">\n<div class=\"wp-block-stackable-heading stk-block-heading stk-block-heading--v2 stk-block stk-5f0a13d\" id=\"patient-support-blood-drive\" data-block-id=\"5f0a13d\"><style>.stk-5f0a13d {margin-bottom:0px !important;}<\/style><h3 class=\"stk-block-heading__text\">Campa\u00f1a de donaci\u00f3n de sangre para apoyar a los pacientes<\/h3><\/div>\n\n\n\n<p>Visite nuestro&nbsp;<a href=\"https:\/\/medicblood.org\/es\/patient-support-program\/\" data-type=\"link\" data-id=\"https:\/\/medicblood.org\/patient-support-program\/\">P\u00e1gina del Programa de Apoyo al Paciente<\/a>&nbsp;Para obtener m\u00e1s informaci\u00f3n.<\/p>\n<\/div><\/div><\/div>\n<\/div><\/div>\n<\/div><\/div><\/div>\n<\/div><\/div>","protected":false},"excerpt":{"rendered":"<p>Hosting a Blood Drive MEDIC relies on its community blood drives for 85% of the blood we collect. MEDIC partners with businesses, churches, nonprofit organizations and other community groups to host blood drives throughout the region. We are a 24\/7 operation and can accommodate just about any schedule. Here are some reasons many organizations hold [&hellip;]<\/p>\n","protected":false},"author":1,"featured_media":0,"parent":0,"menu_order":0,"comment_status":"closed","ping_status":"open","template":"","meta":{"om_disable_all_campaigns":false,"footnotes":""},"class_list":["post-8209","page","type-page","status-publish","hentry"],"blocksy_meta":{"has_hero_section":"default","content_style_source":"inherit","vertical_spacing_source":"custom","content_area_spacing":"none","styles_descriptor":{"styles":{"desktop":"","tablet":"","mobile":""},"google_fonts":[],"version":6},"hero_section":"type-2","page_title_bg_type":"custom_image","custom_hero_background":{"attachment_id":238,"url":"https:\/\/medicblood.org\/wp-content\/uploads\/2025\/07\/header_bkg-1024x382.jpg"},"pageTitlePadding":{"state":1,"values":[{"value":"25","unit":"px"},{"value":"auto","unit":""},{"value":"25","unit":"px"},{"value":"auto","unit":""}],"custom":""},"pageTitleOverlay":{"background_type":"color","background_pattern":"type-1","background_image":{"attachment_id":null,"x":0,"y":0},"gradient":"linear-gradient(135deg,rgba(6,147,227,1) 0%,rgb(155,81,224) 100%)","background_repeat":"repeat","background_size":"auto","background_attachment":"scroll","patternColor":{"default":{"color":"#e5e7ea"}},"overlayColor":{"default":{"color":"CT_CSS_SKIP_RULE"}},"backgroundColor":{"default":{"color":"var(--theme-palette-color-1)"}}},"hero_alignment2":"start","pageTitleFontColor":{"default":{"color":"var(--theme-palette-color-8)"}},"hero_height":"200px","hero_elements":[{"id":"custom_title","enabled":true,"heading_tag":"h1","title":"Inicio","__id":"mhuxjFCVdBkJt-FljBfp2"},{"id":"custom_description","enabled":false,"description_visibility":{"desktop":true,"tablet":true,"mobile":false},"__id":"hi096LoiRzfnNS1lBKLAr"},{"id":"custom_meta","enabled":false,"meta_elements":[{"id":"author","enabled":true,"label":"By","has_author_avatar":"yes","avatar_size":25},{"id":"post_date","enabled":true,"label":"On","date_format_source":"default","date_format":"M j, Y"},{"id":"updated_date","enabled":false,"label":"On","date_format_source":"default","date_format":"M j, Y"},{"id":"categories","enabled":false,"label":"In","style":"simple"},{"id":"comments","enabled":true}],"page_meta_elements":{"joined":true,"articles_count":true,"comments":true},"__id":"4b1cwZ1kLZJ-j85_xG2lY"},{"id":"breadcrumbs","enabled":false,"__id":"r3kFEXLsh1BcRNyNYuHRQ"},{"id":"content-block","enabled":false,"__id":"yk5fVOSwgYWUzOM9onelN"}]},"yoast_head":"<!-- This site is optimized with the Yoast SEO plugin v27.4 - https:\/\/yoast.com\/product\/yoast-seo-wordpress\/ -->\n<title>Host a Blood Drive - Medic Blood<\/title>\n<meta name=\"robots\" content=\"index, follow, max-snippet:-1, max-image-preview:large, max-video-preview:-1\" \/>\n<link rel=\"canonical\" href=\"https:\/\/medicblood.org\/es\/hostablooddrive\/\" \/>\n<meta property=\"og:locale\" content=\"es_MX\" \/>\n<meta property=\"og:type\" content=\"article\" \/>\n<meta property=\"og:title\" content=\"Host a Blood Drive - Medic Blood\" \/>\n<meta property=\"og:description\" content=\"Hosting a Blood Drive MEDIC relies on its community blood drives for 85% of the blood we collect. MEDIC partners with businesses, churches, nonprofit organizations and other community groups to host blood drives throughout the region. We are a 24\/7 operation and can accommodate just about any schedule. Here are some reasons many organizations hold [&hellip;]\" \/>\n<meta property=\"og:url\" content=\"https:\/\/medicblood.org\/es\/hostablooddrive\/\" \/>\n<meta property=\"og:site_name\" content=\"Medic Blood\" \/>\n<meta property=\"article:publisher\" content=\"https:\/\/www.facebook.com\/medicblood\/\" \/>\n<meta property=\"article:modified_time\" content=\"2025-11-17T14:55:57+00:00\" \/>\n<meta name=\"twitter:card\" content=\"summary_large_image\" \/>\n<meta name=\"twitter:site\" content=\"@MEDICblood\" \/>\n<meta name=\"twitter:label1\" content=\"Tiempo de lectura\" \/>\n\t<meta name=\"twitter:data1\" content=\"1 minuto\" \/>\n<script type=\"application\/ld+json\" class=\"yoast-schema-graph\">{\"@context\":\"https:\\\/\\\/schema.org\",\"@graph\":[{\"@type\":\"WebPage\",\"@id\":\"https:\\\/\\\/medicblood.org\\\/hostablooddrive\\\/\",\"url\":\"https:\\\/\\\/medicblood.org\\\/hostablooddrive\\\/\",\"name\":\"Host a Blood Drive - Medic Blood\",\"isPartOf\":{\"@id\":\"https:\\\/\\\/medicblood.org\\\/#website\"},\"datePublished\":\"2025-08-19T17:32:51+00:00\",\"dateModified\":\"2025-11-17T14:55:57+00:00\",\"breadcrumb\":{\"@id\":\"https:\\\/\\\/medicblood.org\\\/hostablooddrive\\\/#breadcrumb\"},\"inLanguage\":\"es\",\"potentialAction\":[{\"@type\":\"ReadAction\",\"target\":[\"https:\\\/\\\/medicblood.org\\\/hostablooddrive\\\/\"]}]},{\"@type\":\"BreadcrumbList\",\"@id\":\"https:\\\/\\\/medicblood.org\\\/hostablooddrive\\\/#breadcrumb\",\"itemListElement\":[{\"@type\":\"ListItem\",\"position\":1,\"name\":\"Home\",\"item\":\"https:\\\/\\\/medicblood.org\\\/\"},{\"@type\":\"ListItem\",\"position\":2,\"name\":\"Host a Blood Drive\"}]},{\"@type\":\"WebSite\",\"@id\":\"https:\\\/\\\/medicblood.org\\\/#website\",\"url\":\"https:\\\/\\\/medicblood.org\\\/\",\"name\":\"Medic Blood\",\"description\":\"MEDIC Regional Blood Center\",\"publisher\":{\"@id\":\"https:\\\/\\\/medicblood.org\\\/#organization\"},\"potentialAction\":[{\"@type\":\"SearchAction\",\"target\":{\"@type\":\"EntryPoint\",\"urlTemplate\":\"https:\\\/\\\/medicblood.org\\\/?s={search_term_string}\"},\"query-input\":{\"@type\":\"PropertyValueSpecification\",\"valueRequired\":true,\"valueName\":\"search_term_string\"}}],\"inLanguage\":\"es\"},{\"@type\":\"Organization\",\"@id\":\"https:\\\/\\\/medicblood.org\\\/#organization\",\"name\":\"Medic Blood\",\"url\":\"https:\\\/\\\/medicblood.org\\\/\",\"logo\":{\"@type\":\"ImageObject\",\"inLanguage\":\"es\",\"@id\":\"https:\\\/\\\/medicblood.org\\\/#\\\/schema\\\/logo\\\/image\\\/\",\"url\":\"https:\\\/\\\/medicblood.org\\\/wp-content\\\/uploads\\\/2025\\\/06\\\/medic_blood_logo_transparent.png\",\"contentUrl\":\"https:\\\/\\\/medicblood.org\\\/wp-content\\\/uploads\\\/2025\\\/06\\\/medic_blood_logo_transparent.png\",\"width\":350,\"height\":114,\"caption\":\"Medic Blood\"},\"image\":{\"@id\":\"https:\\\/\\\/medicblood.org\\\/#\\\/schema\\\/logo\\\/image\\\/\"},\"sameAs\":[\"https:\\\/\\\/www.facebook.com\\\/medicblood\\\/\",\"https:\\\/\\\/x.com\\\/MEDICblood\",\"https:\\\/\\\/www.instagram.com\\\/medicbloodcenter\\\/\"]}]}<\/script>\n<!-- \/ Yoast SEO plugin. -->","yoast_head_json":{"title":"Organiza una campa\u00f1a de donaci\u00f3n de sangre - Medic Blood","robots":{"index":"index","follow":"follow","max-snippet":"max-snippet:-1","max-image-preview":"max-image-preview:large","max-video-preview":"max-video-preview:-1"},"canonical":"https:\/\/medicblood.org\/es\/hostablooddrive\/","og_locale":"es_MX","og_type":"article","og_title":"Host a Blood Drive - Medic Blood","og_description":"Hosting a Blood Drive MEDIC relies on its community blood drives for 85% of the blood we collect. MEDIC partners with businesses, churches, nonprofit organizations and other community groups to host blood drives throughout the region. We are a 24\/7 operation and can accommodate just about any schedule. Here are some reasons many organizations hold [&hellip;]","og_url":"https:\/\/medicblood.org\/es\/hostablooddrive\/","og_site_name":"Medic Blood","article_publisher":"https:\/\/www.facebook.com\/medicblood\/","article_modified_time":"2025-11-17T14:55:57+00:00","twitter_card":"summary_large_image","twitter_site":"@MEDICblood","twitter_misc":{"Tiempo de lectura":"1 minuto"},"schema":{"@context":"https:\/\/schema.org","@graph":[{"@type":"WebPage","@id":"https:\/\/medicblood.org\/hostablooddrive\/","url":"https:\/\/medicblood.org\/hostablooddrive\/","name":"Organiza una campa\u00f1a de donaci\u00f3n de sangre - Medic Blood","isPartOf":{"@id":"https:\/\/medicblood.org\/#website"},"datePublished":"2025-08-19T17:32:51+00:00","dateModified":"2025-11-17T14:55:57+00:00","breadcrumb":{"@id":"https:\/\/medicblood.org\/hostablooddrive\/#breadcrumb"},"inLanguage":"es","potentialAction":[{"@type":"ReadAction","target":["https:\/\/medicblood.org\/hostablooddrive\/"]}]},{"@type":"BreadcrumbList","@id":"https:\/\/medicblood.org\/hostablooddrive\/#breadcrumb","itemListElement":[{"@type":"ListItem","position":1,"name":"Home","item":"https:\/\/medicblood.org\/"},{"@type":"ListItem","position":2,"name":"Host a Blood Drive"}]},{"@type":"WebSite","@id":"https:\/\/medicblood.org\/#website","url":"https:\/\/medicblood.org\/","name":"Sangre medicinal","description":"Centro Regional de Sangre MEDIC","publisher":{"@id":"https:\/\/medicblood.org\/#organization"},"potentialAction":[{"@type":"SearchAction","target":{"@type":"EntryPoint","urlTemplate":"https:\/\/medicblood.org\/?s={search_term_string}"},"query-input":{"@type":"PropertyValueSpecification","valueRequired":true,"valueName":"search_term_string"}}],"inLanguage":"es"},{"@type":"Organization","@id":"https:\/\/medicblood.org\/#organization","name":"Sangre medicinal","url":"https:\/\/medicblood.org\/","logo":{"@type":"ImageObject","inLanguage":"es","@id":"https:\/\/medicblood.org\/#\/schema\/logo\/image\/","url":"https:\/\/medicblood.org\/wp-content\/uploads\/2025\/06\/medic_blood_logo_transparent.png","contentUrl":"https:\/\/medicblood.org\/wp-content\/uploads\/2025\/06\/medic_blood_logo_transparent.png","width":350,"height":114,"caption":"Medic Blood"},"image":{"@id":"https:\/\/medicblood.org\/#\/schema\/logo\/image\/"},"sameAs":["https:\/\/www.facebook.com\/medicblood\/","https:\/\/x.com\/MEDICblood","https:\/\/www.instagram.com\/medicbloodcenter\/"]}]}},"_links":{"self":[{"href":"https:\/\/medicblood.org\/es\/wp-json\/wp\/v2\/pages\/8209","targetHints":{"allow":["GET"]}}],"collection":[{"href":"https:\/\/medicblood.org\/es\/wp-json\/wp\/v2\/pages"}],"about":[{"href":"https:\/\/medicblood.org\/es\/wp-json\/wp\/v2\/types\/page"}],"author":[{"embeddable":true,"href":"https:\/\/medicblood.org\/es\/wp-json\/wp\/v2\/users\/1"}],"replies":[{"embeddable":true,"href":"https:\/\/medicblood.org\/es\/wp-json\/wp\/v2\/comments?post=8209"}],"version-history":[{"count":4,"href":"https:\/\/medicblood.org\/es\/wp-json\/wp\/v2\/pages\/8209\/revisions"}],"predecessor-version":[{"id":10118,"href":"https:\/\/medicblood.org\/es\/wp-json\/wp\/v2\/pages\/8209\/revisions\/10118"}],"wp:attachment":[{"href":"https:\/\/medicblood.org\/es\/wp-json\/wp\/v2\/media?parent=8209"}],"curies":[{"name":"wp","href":"https:\/\/api.w.org\/{rel}","templated":true}]}}