{"id":8204,"date":"2025-08-19T12:42:00","date_gmt":"2025-08-19T16:42:00","guid":{"rendered":"https:\/\/medicblood.org\/?page_id=8204"},"modified":"2026-04-09T11:05:39","modified_gmt":"2026-04-09T15:05:39","slug":"platelet-faqs","status":"publish","type":"page","link":"https:\/\/medicblood.org\/es\/platelet-faqs\/","title":{"rendered":"Preguntas frecuentes sobre plaquetas"},"content":{"rendered":"<div class=\"wp-block-stackable-columns alignfull stk-block-columns stk-block stk-ef250dc\" data-block-id=\"ef250dc\"><style>.stk-ef250dc {margin-bottom:0px !important;}<\/style><div class=\"stk-row stk-inner-blocks stk-block-content stk-content-align stk-ef250dc-column alignfull\">\n<div class=\"wp-block-stackable-column stk-block-column stk-column stk-block stk-fcfddda\" data-v=\"4\" data-block-id=\"fcfddda\"><div class=\"stk-column-wrapper stk-block-column__content stk-container stk-fcfddda-container stk--no-background stk--no-padding\"><div class=\"stk-block-content stk-inner-blocks stk-fcfddda-inner-blocks\">\n<div class=\"wp-block-stackable-columns stk-block-columns stk-block stk-1649680\" data-block-id=\"1649680\"><style>.stk-1649680 {margin-bottom:0px !important;}.stk-1649680-column{--stk-columns-spacing:var(--stk--preset--spacing--60, 2.25rem) !important;}<\/style><div class=\"stk-row stk-inner-blocks stk-block-content stk-content-align stk-1649680-column\">\n<div class=\"wp-block-stackable-column stk-block-column stk-column stk-block stk-4157f56\" data-v=\"4\" data-block-id=\"4157f56\"><style>.stk-4157f56-container{margin-top:var(--stk--preset--spacing--80, 5.06rem) !important;margin-right:var(--stk--preset--spacing--80, 5.06rem) !important;margin-bottom:var(--stk--preset--spacing--80, 5.06rem) !important;margin-left:var(--stk--preset--spacing--80, 5.06rem) !important;}<\/style><div class=\"stk-column-wrapper stk-block-column__content stk-container stk-4157f56-container stk--no-background stk--no-padding\"><div class=\"stk-block-content stk-inner-blocks stk-4157f56-inner-blocks\">\n<div class=\"wp-block-stackable-heading stk-block-heading stk-block-heading--v2 stk-block stk-f8924dd\" id=\"what\" data-block-id=\"f8924dd\"><style>.stk-f8924dd .stk-block-heading__bottom-line{height:4px !important;width:75px !important;background-color:var(--theme-palette-color-1, #be1e2d) !important;margin-top:10px !important;}.stk-f8924dd {margin-bottom:0px !important;}<\/style><h3 class=\"stk-block-heading__text\">Qu\u00e9<\/h3><div class=\"stk-block-heading__bottom-line\"><\/div><\/div>\n\n\n\n<div class=\"wp-block-stackable-text stk-block-text stk-block stk-9ce99b1\" data-block-id=\"9ce99b1\"><p class=\"stk-block-text__text\">Las plaquetas son uno de los componentes sangu\u00edneos esenciales que MEDIC suministra a los hospitales locales. Las plaquetas son peque\u00f1as part\u00edculas de la sangre. Ayudan a que la sangre coagule cuando recibes un corte o un hematoma, evitando la p\u00e9rdida excesiva de sangre.<\/p><\/div>\n\n\n\n<hr class=\"wp-block-separator has-alpha-channel-opacity\"\/>\n\n\n\n<div class=\"wp-block-stackable-heading stk-block-heading stk-block-heading--v2 stk-block stk-a6109a9\" id=\"why\" data-block-id=\"a6109a9\"><style>.stk-a6109a9 .stk-block-heading__bottom-line{height:4px !important;width:60px !important;background-color:var(--theme-palette-color-1, #be1e2d) !important;margin-top:10px !important;}.stk-a6109a9 {margin-bottom:0px !important;}<\/style><h3 class=\"stk-block-heading__text\">Por qu\u00e9<\/h3><div class=\"stk-block-heading__bottom-line\"><\/div><\/div>\n\n\n\n<div class=\"wp-block-stackable-text stk-block-text stk-block stk-1052262\" data-block-id=\"1052262\"><p class=\"stk-block-text__text\">Muchas plaquetas se destinan a ayudar a enfermos de c\u00e1ncer. Un efecto secundario de muchos tipos de quimioterapia hace que el organismo deje de producir temporalmente suficientes plaquetas. Las plaquetas s\u00f3lo tienen una vida \u00fatil de 5 d\u00edas, lo que las hace muy especiales porque la necesidad es constante. Cuando las plaquetas se donan, se analizan y se env\u00edan a los hospitales, deben transfundirse muy r\u00e1pidamente.<\/p><\/div>\n\n\n\n<hr class=\"wp-block-separator has-alpha-channel-opacity\"\/>\n\n\n\n<div class=\"wp-block-stackable-heading stk-block-heading stk-block-heading--v2 stk-block stk-1f0cabf\" id=\"where\" data-block-id=\"1f0cabf\"><style>.stk-1f0cabf .stk-block-heading__bottom-line{height:4px !important;width:90px !important;background-color:var(--theme-palette-color-1, #be1e2d) !important;margin-top:10px !important;}.stk-1f0cabf {margin-bottom:0px !important;}<\/style><h3 class=\"stk-block-heading__text\">D\u00f3nde<\/h3><div class=\"stk-block-heading__bottom-line\"><\/div><\/div>\n\n\n\n<div class=\"wp-block-stackable-text stk-block-text stk-block stk-cc7e02d\" data-block-id=\"cc7e02d\"><p class=\"stk-block-text__text\">Las donaciones de plaquetas deben realizarse en un centro de donaci\u00f3n MEDIC. No podemos aceptar este tipo de donaciones en las campa\u00f1as comunitarias. MEDIC tiene cuatro centros de donaci\u00f3n ubicados en el centro de Knoxville, Farragut, Athens y Crossville.<\/p><\/div>\n\n\n\n<hr class=\"wp-block-separator has-alpha-channel-opacity\"\/>\n\n\n\n<div class=\"wp-block-stackable-heading stk-block-heading stk-block-heading--v2 stk-block stk-a908abb\" id=\"when\" data-block-id=\"a908abb\"><style>.stk-a908abb .stk-block-heading__bottom-line{height:4px !important;width:79px !important;background-color:var(--theme-palette-color-1, #be1e2d) !important;margin-top:10px !important;}.stk-a908abb {margin-bottom:0px !important;}<\/style><h3 class=\"stk-block-heading__text\">En<\/h3><div class=\"stk-block-heading__bottom-line\"><\/div><\/div>\n\n\n\n<div class=\"wp-block-stackable-text stk-block-text stk-block stk-462249c\" data-block-id=\"462249c\"><p class=\"stk-block-text__text\">Dado que el organismo reproduce las plaquetas con tanta rapidez, los donantes de plaquetas pueden donar hasta 24 veces al a\u00f1o. Los horarios de las citas de plaquetas var\u00edan seg\u00fan el lugar.<\/p><\/div>\n\n\n\n<hr class=\"wp-block-separator has-alpha-channel-opacity\"\/>\n\n\n\n<div class=\"wp-block-stackable-heading stk-block-heading stk-block-heading--v2 stk-block stk-2f3add6\" id=\"who\" data-block-id=\"2f3add6\"><style>.stk-2f3add6 .stk-block-heading__bottom-line{height:4px !important;width:63px !important;background-color:var(--theme-palette-color-1, #be1e2d) !important;margin-top:10px !important;}.stk-2f3add6 {margin-bottom:0px !important;}<\/style><h3 class=\"stk-block-heading__text\">Qui\u00e9n<\/h3><div class=\"stk-block-heading__bottom-line\"><\/div><\/div>\n\n\n\n<div class=\"wp-block-stackable-text stk-block-text stk-block stk-a7ee040\" data-block-id=\"a7ee040\"><p class=\"stk-block-text__text\">Los donantes de los tipos A+, B+, AB+ y AB- son los mejores donantes de plaquetas, pero los de sangre O+ y A- tambi\u00e9n pueden donar. Las mujeres que han estado embarazadas pueden ser portadoras de un anticuerpo que les impide donar plaquetas. Aunque este anticuerpo no presenta ning\u00fan riesgo para la persona que lo tiene, en casos espor\u00e1dicos podr\u00eda crear complicaciones a la persona que reciba sus plaquetas. Todas las mujeres deben someterse a un an\u00e1lisis de sangre para determinar si son aptas para donar plaquetas (la cita para el an\u00e1lisis de sangre ser\u00e1 una cita de s\u00f3lo toma de muestras).<\/p><\/div>\n\n\n\n<hr class=\"wp-block-separator has-alpha-channel-opacity\"\/>\n\n\n\n<div class=\"wp-block-stackable-heading stk-block-heading stk-block-heading--v2 stk-block stk-d7ebcac\" id=\"how\" data-block-id=\"d7ebcac\"><style>.stk-d7ebcac .stk-block-heading__bottom-line{height:4px !important;width:60px !important;background-color:var(--theme-palette-color-1, #be1e2d) !important;margin-top:10px !important;}.stk-d7ebcac {margin-bottom:0px !important;}<\/style><h3 class=\"stk-block-heading__text\">C\u00f3mo<\/h3><div class=\"stk-block-heading__bottom-line\"><\/div><\/div>\n\n\n\n<div class=\"wp-block-stackable-text stk-block-text stk-block stk-daa9fd3\" data-block-id=\"daa9fd3\"><p class=\"stk-block-text__text\">Las plaquetas se donan mediante un proceso denominado af\u00e9resis. Si ha donado alguna vez en la m\u00e1quina Alyx, sabe de lo que estamos hablando. La sangre del donante entra en una m\u00e1quina donde se hace girar r\u00e1pidamente hasta que se separa en gl\u00f3bulos rojos, plasma y plaquetas. La mayor parte del plasma y los gl\u00f3bulos rojos se devuelven al donante y queda una peque\u00f1a bolsa de plaquetas. El proceso no es doloroso. La aguja utilizada es m\u00e1s peque\u00f1a que la utilizada para la sangre total. Sin embargo, el proceso de donaci\u00f3n puede durar unas dos horas.<\/p><\/div>\n\n\n\n<div class=\"wp-block-stackable-columns stk-block-columns stk-block stk-c15f573\" data-block-id=\"c15f573\"><style>.stk-c15f573-column{--stk-columns-spacing:var(--stk--preset--spacing--30, 0.67rem) !important;--stk-column-gap:var(--stk--preset--spacing--60, 2.25rem) !important;}<\/style><div class=\"stk-row stk-inner-blocks stk-block-content stk-content-align stk-c15f573-column\">\n<div class=\"wp-block-stackable-column stk-block-column stk-column stk-block stk-a9cb1c7 stk-block-background\" data-v=\"4\" data-block-id=\"a9cb1c7\"><style>.stk-a9cb1c7 {background-color:var(--theme-palette-color-7, #FAFBFC) !important;border-top-left-radius:var(--stk--preset--border-radius--large, 16px) !important;border-top-right-radius:var(--stk--preset--border-radius--large, 16px) !important;border-bottom-right-radius:var(--stk--preset--border-radius--large, 16px) !important;border-bottom-left-radius:var(--stk--preset--border-radius--large, 16px) !important;overflow:hidden !important;border-style:solid !important;border-color:var(--theme-palette-color-7, #FAFBFC) !important;border-top-width:1px !important;border-right-width:1px !important;border-bottom-width:1px !important;border-left-width:1px !important;}.stk-a9cb1c7:before{background-color:var(--theme-palette-color-7, #FAFBFC) !important;}<\/style><div class=\"stk-column-wrapper stk-block-column__content stk-container stk-a9cb1c7-container stk--no-background stk--no-padding\"><div class=\"stk-block-content stk-inner-blocks stk-a9cb1c7-inner-blocks\">\n<div class=\"wp-block-stackable-text stk-block-text stk-block stk-4dc4638\" data-block-id=\"4dc4638\"><p class=\"stk-block-text__text\">Las personas que donan por primera vez deben llamar al (865) 521-2684 para hablar sobre los requisitos y el proceso.&nbsp;<em>Por favor, no se inscriba como donante por primera vez.<\/em><\/p><\/div>\n<\/div><\/div><\/div>\n\n\n\n<div class=\"wp-block-stackable-column stk-block-column stk-column stk-block stk-7db2762 stk-block-background\" data-v=\"4\" data-block-id=\"7db2762\"><style>.stk-7db2762 {background-color:var(--theme-palette-color-7, #FAFBFC) !important;border-top-left-radius:var(--stk--preset--border-radius--large, 16px) !important;border-top-right-radius:var(--stk--preset--border-radius--large, 16px) !important;border-bottom-right-radius:var(--stk--preset--border-radius--large, 16px) !important;border-bottom-left-radius:var(--stk--preset--border-radius--large, 16px) !important;overflow:hidden !important;border-style:solid !important;border-color:var(--theme-palette-color-7, #FAFBFC) !important;border-top-width:1px !important;border-right-width:1px !important;border-bottom-width:1px !important;border-left-width:1px !important;}.stk-7db2762:before{background-color:var(--theme-palette-color-7, #FAFBFC) !important;}<\/style><div class=\"stk-column-wrapper stk-block-column__content stk-container stk-7db2762-container stk--no-background stk--no-padding\"><div class=\"stk-block-content stk-inner-blocks stk-7db2762-inner-blocks\">\n<div class=\"wp-block-stackable-text stk-block-text stk-block stk-76a39fd\" data-block-id=\"76a39fd\"><p class=\"stk-block-text__text\">Los donantes recurrentes pueden programar su cita a trav\u00e9s de su cuenta de miembro MEDIC o llamarnos al (865) 521-2684 para concertar una cita.<\/p><\/div>\n<\/div><\/div><\/div>\n<\/div><\/div>\n<\/div><\/div><\/div>\n<\/div><\/div>\n<\/div><\/div><\/div>\n<\/div><\/div>","protected":false},"excerpt":{"rendered":"<p>What Platelets are one of the essential blood components MEDIC provides to local hospitals. Platelets are small particles in your blood. They help your blood clot when you receive a cut or bruise, preventing excessive blood loss. Why Many platelets go to help cancer patients. A side effect of many types of chemotherapy causes the [&hellip;]<\/p>\n","protected":false},"author":1,"featured_media":0,"parent":0,"menu_order":0,"comment_status":"closed","ping_status":"open","template":"","meta":{"om_disable_all_campaigns":false,"footnotes":""},"class_list":["post-8204","page","type-page","status-publish","hentry"],"blocksy_meta":{"has_hero_section":"default","content_style_source":"inherit","vertical_spacing_source":"custom","content_area_spacing":"none","styles_descriptor":{"styles":{"desktop":"","tablet":"","mobile":""},"google_fonts":[],"version":6},"hero_section":"type-2","page_title_bg_type":"custom_image","custom_hero_background":{"attachment_id":238,"url":"https:\/\/medicblood.org\/wp-content\/uploads\/2025\/07\/header_bkg-1024x382.jpg"},"pageTitlePadding":{"state":1,"values":[{"value":"25","unit":"px"},{"value":"auto","unit":""},{"value":"25","unit":"px"},{"value":"auto","unit":""}],"custom":""},"pageTitleOverlay":{"background_type":"color","background_pattern":"type-1","background_image":{"attachment_id":null,"x":0,"y":0},"gradient":"linear-gradient(135deg,rgba(6,147,227,1) 0%,rgb(155,81,224) 100%)","background_repeat":"repeat","background_size":"auto","background_attachment":"scroll","patternColor":{"default":{"color":"#e5e7ea"}},"overlayColor":{"default":{"color":"CT_CSS_SKIP_RULE"}},"backgroundColor":{"default":{"color":"var(--theme-palette-color-1)"}}},"hero_alignment2":"start","pageTitleFontColor":{"default":{"color":"var(--theme-palette-color-8)"}},"hero_height":"200px","hero_elements":[{"id":"custom_title","enabled":true,"heading_tag":"h1","title":"Inicio","__id":"mhuxjFCVdBkJt-FljBfp2"},{"id":"custom_description","enabled":false,"description_visibility":{"desktop":true,"tablet":true,"mobile":false},"__id":"hi096LoiRzfnNS1lBKLAr"},{"id":"custom_meta","enabled":false,"meta_elements":[{"id":"author","enabled":true,"label":"By","has_author_avatar":"yes","avatar_size":25},{"id":"post_date","enabled":true,"label":"On","date_format_source":"default","date_format":"M j, Y"},{"id":"updated_date","enabled":false,"label":"On","date_format_source":"default","date_format":"M j, Y"},{"id":"categories","enabled":false,"label":"In","style":"simple"},{"id":"comments","enabled":true}],"page_meta_elements":{"joined":true,"articles_count":true,"comments":true},"__id":"4b1cwZ1kLZJ-j85_xG2lY"},{"id":"breadcrumbs","enabled":false,"__id":"r3kFEXLsh1BcRNyNYuHRQ"},{"id":"content-block","enabled":false,"__id":"yk5fVOSwgYWUzOM9onelN"}]},"yoast_head":"<!-- This site is optimized with the Yoast SEO plugin v27.4 - https:\/\/yoast.com\/product\/yoast-seo-wordpress\/ -->\n<title>Platelet FAQs - Medic Blood<\/title>\n<meta name=\"robots\" content=\"index, follow, max-snippet:-1, max-image-preview:large, max-video-preview:-1\" \/>\n<link rel=\"canonical\" href=\"https:\/\/medicblood.org\/es\/platelet-faqs\/\" \/>\n<meta property=\"og:locale\" content=\"es_MX\" \/>\n<meta property=\"og:type\" content=\"article\" \/>\n<meta property=\"og:title\" content=\"Platelet FAQs - Medic Blood\" \/>\n<meta property=\"og:description\" content=\"What Platelets are one of the essential blood components MEDIC provides to local hospitals. Platelets are small particles in your blood. They help your blood clot when you receive a cut or bruise, preventing excessive blood loss. Why Many platelets go to help cancer patients. A side effect of many types of chemotherapy causes the [&hellip;]\" \/>\n<meta property=\"og:url\" content=\"https:\/\/medicblood.org\/es\/platelet-faqs\/\" \/>\n<meta property=\"og:site_name\" content=\"Medic Blood\" \/>\n<meta property=\"article:publisher\" content=\"https:\/\/www.facebook.com\/medicblood\/\" \/>\n<meta property=\"article:modified_time\" content=\"2026-04-09T15:05:39+00:00\" \/>\n<meta name=\"twitter:card\" content=\"summary_large_image\" \/>\n<meta name=\"twitter:site\" content=\"@MEDICblood\" \/>\n<meta name=\"twitter:label1\" content=\"Tiempo de lectura\" \/>\n\t<meta name=\"twitter:data1\" content=\"2 minutos\" \/>\n<script type=\"application\/ld+json\" class=\"yoast-schema-graph\">{\"@context\":\"https:\\\/\\\/schema.org\",\"@graph\":[{\"@type\":\"WebPage\",\"@id\":\"https:\\\/\\\/medicblood.org\\\/platelet-faqs\\\/\",\"url\":\"https:\\\/\\\/medicblood.org\\\/platelet-faqs\\\/\",\"name\":\"Platelet FAQs - Medic Blood\",\"isPartOf\":{\"@id\":\"https:\\\/\\\/medicblood.org\\\/#website\"},\"datePublished\":\"2025-08-19T16:42:00+00:00\",\"dateModified\":\"2026-04-09T15:05:39+00:00\",\"breadcrumb\":{\"@id\":\"https:\\\/\\\/medicblood.org\\\/platelet-faqs\\\/#breadcrumb\"},\"inLanguage\":\"es\",\"potentialAction\":[{\"@type\":\"ReadAction\",\"target\":[\"https:\\\/\\\/medicblood.org\\\/platelet-faqs\\\/\"]}]},{\"@type\":\"BreadcrumbList\",\"@id\":\"https:\\\/\\\/medicblood.org\\\/platelet-faqs\\\/#breadcrumb\",\"itemListElement\":[{\"@type\":\"ListItem\",\"position\":1,\"name\":\"Home\",\"item\":\"https:\\\/\\\/medicblood.org\\\/\"},{\"@type\":\"ListItem\",\"position\":2,\"name\":\"Platelet FAQs\"}]},{\"@type\":\"WebSite\",\"@id\":\"https:\\\/\\\/medicblood.org\\\/#website\",\"url\":\"https:\\\/\\\/medicblood.org\\\/\",\"name\":\"Medic Blood\",\"description\":\"MEDIC Regional Blood Center\",\"publisher\":{\"@id\":\"https:\\\/\\\/medicblood.org\\\/#organization\"},\"potentialAction\":[{\"@type\":\"SearchAction\",\"target\":{\"@type\":\"EntryPoint\",\"urlTemplate\":\"https:\\\/\\\/medicblood.org\\\/?s={search_term_string}\"},\"query-input\":{\"@type\":\"PropertyValueSpecification\",\"valueRequired\":true,\"valueName\":\"search_term_string\"}}],\"inLanguage\":\"es\"},{\"@type\":\"Organization\",\"@id\":\"https:\\\/\\\/medicblood.org\\\/#organization\",\"name\":\"Medic Blood\",\"url\":\"https:\\\/\\\/medicblood.org\\\/\",\"logo\":{\"@type\":\"ImageObject\",\"inLanguage\":\"es\",\"@id\":\"https:\\\/\\\/medicblood.org\\\/#\\\/schema\\\/logo\\\/image\\\/\",\"url\":\"https:\\\/\\\/medicblood.org\\\/wp-content\\\/uploads\\\/2025\\\/06\\\/medic_blood_logo_transparent.png\",\"contentUrl\":\"https:\\\/\\\/medicblood.org\\\/wp-content\\\/uploads\\\/2025\\\/06\\\/medic_blood_logo_transparent.png\",\"width\":350,\"height\":114,\"caption\":\"Medic Blood\"},\"image\":{\"@id\":\"https:\\\/\\\/medicblood.org\\\/#\\\/schema\\\/logo\\\/image\\\/\"},\"sameAs\":[\"https:\\\/\\\/www.facebook.com\\\/medicblood\\\/\",\"https:\\\/\\\/x.com\\\/MEDICblood\",\"https:\\\/\\\/www.instagram.com\\\/medicbloodcenter\\\/\"]}]}<\/script>\n<!-- \/ Yoast SEO plugin. -->","yoast_head_json":{"title":"Preguntas frecuentes sobre las plaquetas - Medic Blood","robots":{"index":"index","follow":"follow","max-snippet":"max-snippet:-1","max-image-preview":"max-image-preview:large","max-video-preview":"max-video-preview:-1"},"canonical":"https:\/\/medicblood.org\/es\/platelet-faqs\/","og_locale":"es_MX","og_type":"article","og_title":"Platelet FAQs - Medic Blood","og_description":"What Platelets are one of the essential blood components MEDIC provides to local hospitals. Platelets are small particles in your blood. They help your blood clot when you receive a cut or bruise, preventing excessive blood loss. Why Many platelets go to help cancer patients. A side effect of many types of chemotherapy causes the [&hellip;]","og_url":"https:\/\/medicblood.org\/es\/platelet-faqs\/","og_site_name":"Medic Blood","article_publisher":"https:\/\/www.facebook.com\/medicblood\/","article_modified_time":"2026-04-09T15:05:39+00:00","twitter_card":"summary_large_image","twitter_site":"@MEDICblood","twitter_misc":{"Tiempo de lectura":"2 minutos"},"schema":{"@context":"https:\/\/schema.org","@graph":[{"@type":"WebPage","@id":"https:\/\/medicblood.org\/platelet-faqs\/","url":"https:\/\/medicblood.org\/platelet-faqs\/","name":"Preguntas frecuentes sobre las plaquetas - Medic Blood","isPartOf":{"@id":"https:\/\/medicblood.org\/#website"},"datePublished":"2025-08-19T16:42:00+00:00","dateModified":"2026-04-09T15:05:39+00:00","breadcrumb":{"@id":"https:\/\/medicblood.org\/platelet-faqs\/#breadcrumb"},"inLanguage":"es","potentialAction":[{"@type":"ReadAction","target":["https:\/\/medicblood.org\/platelet-faqs\/"]}]},{"@type":"BreadcrumbList","@id":"https:\/\/medicblood.org\/platelet-faqs\/#breadcrumb","itemListElement":[{"@type":"ListItem","position":1,"name":"Home","item":"https:\/\/medicblood.org\/"},{"@type":"ListItem","position":2,"name":"Platelet FAQs"}]},{"@type":"WebSite","@id":"https:\/\/medicblood.org\/#website","url":"https:\/\/medicblood.org\/","name":"Sangre medicinal","description":"Centro Regional de Sangre MEDIC","publisher":{"@id":"https:\/\/medicblood.org\/#organization"},"potentialAction":[{"@type":"SearchAction","target":{"@type":"EntryPoint","urlTemplate":"https:\/\/medicblood.org\/?s={search_term_string}"},"query-input":{"@type":"PropertyValueSpecification","valueRequired":true,"valueName":"search_term_string"}}],"inLanguage":"es"},{"@type":"Organization","@id":"https:\/\/medicblood.org\/#organization","name":"Sangre medicinal","url":"https:\/\/medicblood.org\/","logo":{"@type":"ImageObject","inLanguage":"es","@id":"https:\/\/medicblood.org\/#\/schema\/logo\/image\/","url":"https:\/\/medicblood.org\/wp-content\/uploads\/2025\/06\/medic_blood_logo_transparent.png","contentUrl":"https:\/\/medicblood.org\/wp-content\/uploads\/2025\/06\/medic_blood_logo_transparent.png","width":350,"height":114,"caption":"Medic Blood"},"image":{"@id":"https:\/\/medicblood.org\/#\/schema\/logo\/image\/"},"sameAs":["https:\/\/www.facebook.com\/medicblood\/","https:\/\/x.com\/MEDICblood","https:\/\/www.instagram.com\/medicbloodcenter\/"]}]}},"_links":{"self":[{"href":"https:\/\/medicblood.org\/es\/wp-json\/wp\/v2\/pages\/8204","targetHints":{"allow":["GET"]}}],"collection":[{"href":"https:\/\/medicblood.org\/es\/wp-json\/wp\/v2\/pages"}],"about":[{"href":"https:\/\/medicblood.org\/es\/wp-json\/wp\/v2\/types\/page"}],"author":[{"embeddable":true,"href":"https:\/\/medicblood.org\/es\/wp-json\/wp\/v2\/users\/1"}],"replies":[{"embeddable":true,"href":"https:\/\/medicblood.org\/es\/wp-json\/wp\/v2\/comments?post=8204"}],"version-history":[{"count":4,"href":"https:\/\/medicblood.org\/es\/wp-json\/wp\/v2\/pages\/8204\/revisions"}],"predecessor-version":[{"id":10436,"href":"https:\/\/medicblood.org\/es\/wp-json\/wp\/v2\/pages\/8204\/revisions\/10436"}],"wp:attachment":[{"href":"https:\/\/medicblood.org\/es\/wp-json\/wp\/v2\/media?parent=8204"}],"curies":[{"name":"wp","href":"https:\/\/api.w.org\/{rel}","templated":true}]}}