{"id":374,"date":"2025-07-30T12:29:53","date_gmt":"2025-07-30T16:29:53","guid":{"rendered":"https:\/\/medicblood.org\/?page_id=374"},"modified":"2025-09-24T11:12:47","modified_gmt":"2025-09-24T15:12:47","slug":"blood-emergency-readiness-corps","status":"publish","type":"page","link":"https:\/\/medicblood.org\/es\/blood-emergency-readiness-corps\/","title":{"rendered":"Cuerpo de Preparaci\u00f3n para Emergencias Sanitarias"},"content":{"rendered":"<div class=\"wp-block-stackable-columns stk-block-columns stk-block stk-ef250dc\" data-block-id=\"ef250dc\"><style>.stk-ef250dc {margin-bottom:0px !important;}<\/style><div class=\"stk-row stk-inner-blocks stk-block-content stk-content-align stk-ef250dc-column\">\n<div class=\"wp-block-stackable-column stk-block-column stk-column stk-block stk-fcfddda\" data-v=\"4\" data-block-id=\"fcfddda\"><div class=\"stk-column-wrapper stk-block-column__content stk-container stk-fcfddda-container stk--no-background stk--no-padding\"><div class=\"stk-block-content stk-inner-blocks stk-fcfddda-inner-blocks\">\n<div class=\"wp-block-stackable-columns stk-block-columns stk-block stk-1649680\" data-block-id=\"1649680\"><style>.stk-1649680 {margin-bottom:0px !important;}.stk-1649680-column{--stk-columns-spacing:var(--stk--preset--spacing--60, 2.25rem) !important;}<\/style><div class=\"stk-row stk-inner-blocks stk-block-content stk-content-align stk-1649680-column\">\n<div class=\"wp-block-stackable-column stk-block-column stk-column stk-block stk-4157f56\" data-v=\"4\" data-block-id=\"4157f56\"><style>.stk-4157f56-container{margin-top:var(--stk--preset--spacing--60, 2.25rem) !important;margin-right:var(--stk--preset--spacing--60, 2.25rem) !important;margin-bottom:var(--stk--preset--spacing--60, 2.25rem) !important;margin-left:var(--stk--preset--spacing--60, 2.25rem) !important;}<\/style><div class=\"stk-column-wrapper stk-block-column__content stk-container stk-4157f56-container stk--no-background stk--no-padding\"><div class=\"stk-block-content stk-inner-blocks stk-4157f56-inner-blocks\">\n<div class=\"wp-block-stackable-columns stk-block-columns stk-block stk-42e3d01\" data-block-id=\"42e3d01\"><style>.stk-42e3d01 {margin-bottom:0px !important;}<\/style><div class=\"stk-row stk-inner-blocks stk-block-content stk-content-align stk-42e3d01-column\">\n<div class=\"wp-block-stackable-column stk-block-column stk-column stk-block stk-c895ab2\" data-v=\"4\" data-block-id=\"c895ab2\"><div class=\"stk-column-wrapper stk-block-column__content stk-container stk-c895ab2-container stk--no-background stk--no-padding\"><div class=\"stk-block-content stk-inner-blocks stk-c895ab2-inner-blocks\">\n<div class=\"wp-block-stackable-heading stk-block-heading stk-block-heading--v2 stk-block stk-5d57d22\" id=\"prepared-for-today\" data-block-id=\"5d57d22\"><style>.stk-5d57d22 {margin-bottom:0px !important;}<\/style><h1 class=\"stk-block-heading__text\">Preparados para hoy<\/h1><\/div>\n\n\n\n<div class=\"wp-block-stackable-text stk-block-text stk-block stk-667dff0\" data-block-id=\"667dff0\"><p class=\"stk-block-text__text\">Comprometidos a unirse para preparar cat\u00e1strofes transfusionales masivas sin demora ni incertidumbre.<\/p><\/div>\n<\/div><\/div><\/div>\n<\/div><\/div>\n\n\n\n<div class=\"wp-block-stackable-text stk-block-text stk-block stk-5bc0112\" data-block-id=\"5bc0112\"><p class=\"stk-block-text__text\">Blood Emergency Readiness Corp se cre\u00f3 en septiembre de 2021. El Centro Regional de Sangre MEDIC se incorpor\u00f3 en enero de 2022.<\/p><\/div>\n\n\n\n<div class=\"wp-block-stackable-columns stk-block-columns stk-block stk-e63efb5\" data-block-id=\"e63efb5\"><div class=\"stk-row stk-inner-blocks stk-block-content stk-content-align stk-e63efb5-column\">\n<div class=\"wp-block-stackable-column stk-block-column stk-column stk-block stk-35973c1\" data-v=\"4\" data-block-id=\"35973c1\"><div class=\"stk-column-wrapper stk-block-column__content stk-container stk-35973c1-container stk--no-background stk--no-padding\"><div class=\"stk-block-content stk-inner-blocks stk-35973c1-inner-blocks\">\n<div class=\"wp-block-stackable-heading stk-block-heading stk-block-heading--v2 stk-block stk-57f960d\" id=\"strong-what-is-berc-strong\" data-block-id=\"57f960d\"><style>.stk-57f960d {margin-bottom:0px !important;}.stk-57f960d .stk-block-heading__text{color:var(--theme-palette-color-1, #be1e2d) !important;}<\/style><h5 class=\"stk-block-heading__text has-text-color\"><strong>\u00bfQu\u00e9 es el BERC?<\/strong><\/h5><\/div>\n\n\n\n<div class=\"wp-block-stackable-text stk-block-text stk-block stk-78d8a4a\" data-block-id=\"78d8a4a\"><p class=\"stk-block-text__text\">El Blood Emergency Readiness Corps (BERC) es un grupo de centros de transfusi\u00f3n sangu\u00ednea de todo el pa\u00eds que se comprometen a unirse para estar preparados ante posibles cat\u00e1strofes de transfusi\u00f3n masiva. Estos centros de sangre se comprometen a recoger unidades adicionales en un programa rotativo de \u201cguardia\u201d para crear un suministro de sangre disponible para las necesidades de emergencia.<\/p><\/div>\n<\/div><\/div><\/div>\n\n\n\n<div class=\"wp-block-stackable-column stk-block-column stk-column stk-block stk-4bbafb1\" data-v=\"4\" data-block-id=\"4bbafb1\"><div class=\"stk-column-wrapper stk-block-column__content stk-container stk-4bbafb1-container stk--no-background stk--no-padding\"><div class=\"stk-block-content stk-inner-blocks stk-4bbafb1-inner-blocks\">\n<div class=\"wp-block-stackable-heading stk-block-heading stk-block-heading--v2 stk-block stk-852b9d8\" id=\"strong-why-is-it-needed-strong\" data-block-id=\"852b9d8\"><style>.stk-852b9d8 {margin-bottom:0px !important;}.stk-852b9d8 .stk-block-heading__text{color:var(--theme-palette-color-1, #be1e2d) !important;}<\/style><h5 class=\"stk-block-heading__text has-text-color\"><strong>\u00bfPor qu\u00e9 es necesario?<\/strong><\/h5><\/div>\n\n\n\n<div class=\"wp-block-stackable-text stk-block-text stk-block stk-1fffe75\" data-block-id=\"1fffe75\"><p class=\"stk-block-text__text\">En muchas cat\u00e1strofes y situaciones de necesidad cr\u00edtica -como un tiroteo masivo, una cat\u00e1strofe natural o un accidente de tr\u00e1fico a gran escala- se necesita mucha sangre de inmediato. Con los actuales \u00edndices de donaci\u00f3n a escala nacional, la mayor\u00eda de los centros de transfusi\u00f3n no disponen de sangre suficiente en sus estanter\u00edas para hacer frente a este tipo de cat\u00e1strofes y se ven obligados a solicitar unidades de sangre a los centros de transfusi\u00f3n vecinos. Con la creaci\u00f3n de BERC, la sangre estar\u00e1 lista y disponible, en caso necesario, sin retrasos ni incertidumbres.<\/p><\/div>\n<\/div><\/div><\/div>\n<\/div><\/div>\n\n\n\n<div class=\"wp-block-stackable-columns stk-block-columns stk-block stk-8d0e5d8\" data-block-id=\"8d0e5d8\"><div class=\"stk-row stk-inner-blocks stk-block-content stk-content-align stk-8d0e5d8-column\">\n<div class=\"wp-block-stackable-column stk-block-column stk-column stk-block stk-656a1d8\" data-v=\"4\" data-block-id=\"656a1d8\"><div class=\"stk-column-wrapper stk-block-column__content stk-container stk-656a1d8-container stk--no-background stk--no-padding\"><div class=\"stk-block-content stk-inner-blocks stk-656a1d8-inner-blocks\">\n<div class=\"wp-block-stackable-button-group stk-block-button-group stk-block stk-34f6019\" data-block-id=\"34f6019\"><div class=\"stk-row stk-inner-blocks stk-block-content stk-button-group\">\n<div class=\"wp-block-stackable-button stk-block-button stk-block stk-a0dda34\" data-block-id=\"a0dda34\"><style>.stk-a0dda34 .stk-button{padding-right:var(--stk--preset--spacing--60, 2.25rem) !important;padding-left:var(--stk--preset--spacing--60, 2.25rem) !important;border-top-left-radius:var(--stk--preset--border-radius--full, 9999px) !important;border-top-right-radius:var(--stk--preset--border-radius--full, 9999px) !important;border-bottom-right-radius:var(--stk--preset--border-radius--full, 9999px) !important;border-bottom-left-radius:var(--stk--preset--border-radius--full, 9999px) !important;}.stk-a0dda34 .stk-button:before{border-style:solid !important;border-color:var(--theme-palette-color-1, #be1e2d) !important;border-top-width:1px !important;border-right-width:1px !important;border-bottom-width:1px !important;border-left-width:1px !important;}<\/style><a class=\"stk-link stk-button stk--hover-effect-darken\" href=\"https:\/\/bloodemergencyreadinesscorps.org\/\" target=\"_blank\" rel=\"noreferrer noopener\"><span class=\"stk-button__inner-text\">Visite el sitio web del Cuerpo de Preparaci\u00f3n para Emergencias Sangu\u00edneas<\/span><\/a><\/div>\n<\/div><\/div>\n<\/div><\/div><\/div>\n<\/div><\/div>\n<\/div><\/div><\/div>\n<\/div><\/div>\n<\/div><\/div><\/div>\n<\/div><\/div>\n\n\n\n<div class=\"wp-block-stackable-columns stk-block-columns stk-block stk-70c5c9f\" data-block-id=\"70c5c9f\"><style>.stk-70c5c9f {margin-bottom:0px !important;}<\/style><div class=\"stk-row stk-inner-blocks stk-block-content stk-content-align stk-70c5c9f-column\">\n<div class=\"wp-block-stackable-column stk-block-column stk-column stk-block stk-c13a266\" data-v=\"4\" data-block-id=\"c13a266\"><div class=\"stk-column-wrapper stk-block-column__content stk-container stk-c13a266-container stk--no-background stk--no-padding\"><div class=\"stk-block-content stk-inner-blocks stk-c13a266-inner-blocks\">\n<div class=\"wp-block-stackable-columns stk-block-columns stk-block stk-9d6f22a\" data-block-id=\"9d6f22a\"><style>.stk-9d6f22a {margin-bottom:0px !important;}.stk-9d6f22a-column{--stk-columns-spacing:var(--stk--preset--spacing--60, 2.25rem) !important;}<\/style><div class=\"stk-row stk-inner-blocks stk-block-content stk-content-align stk-9d6f22a-column\">\n<div class=\"wp-block-stackable-column stk-block-column stk-column stk-block stk-df83e0c\" data-v=\"4\" data-block-id=\"df83e0c\"><style>.stk-df83e0c-container{margin-top:var(--stk--preset--spacing--60, 2.25rem) !important;margin-right:var(--stk--preset--spacing--60, 2.25rem) !important;margin-bottom:var(--stk--preset--spacing--60, 2.25rem) !important;margin-left:var(--stk--preset--spacing--60, 2.25rem) !important;}<\/style><div class=\"stk-column-wrapper stk-block-column__content stk-container stk-df83e0c-container stk--no-background stk--no-padding\"><div class=\"has-text-align-center stk-block-content stk-inner-blocks stk-df83e0c-inner-blocks\">\n<div class=\"wp-block-stackable-columns stk-block-columns stk-block stk-dc1fb5f\" data-block-id=\"dc1fb5f\"><div class=\"stk-row stk-inner-blocks stk-block-content stk-content-align stk-dc1fb5f-column\">\n<div class=\"wp-block-stackable-column stk-block-column stk-column stk-block stk-228788c\" data-v=\"4\" data-block-id=\"228788c\"><div class=\"stk-column-wrapper stk-block-column__content stk-container stk-228788c-container stk--no-background stk--no-padding\"><div class=\"stk-block-content stk-inner-blocks stk-228788c-inner-blocks\">\n<div class=\"wp-block-stackable-image stk-block-image has-text-align-center stk-block stk-eceb45c\" data-block-id=\"eceb45c\"><figure><span class=\"stk-img-wrapper stk-image--shape-stretch\"><img loading=\"lazy\" decoding=\"async\" class=\"stk-img wp-image-375\" src=\"https:\/\/medicblood.org\/wp-content\/uploads\/2025\/07\/BERC-Maps-5-18-2334-2048x1152-1.jpg\" width=\"2048\" height=\"1152\" srcset=\"https:\/\/medicblood.org\/wp-content\/uploads\/2025\/07\/BERC-Maps-5-18-2334-2048x1152-1.jpg 2048w, https:\/\/medicblood.org\/wp-content\/uploads\/2025\/07\/BERC-Maps-5-18-2334-2048x1152-1-300x169.jpg 300w, https:\/\/medicblood.org\/wp-content\/uploads\/2025\/07\/BERC-Maps-5-18-2334-2048x1152-1-1024x576.jpg 1024w, https:\/\/medicblood.org\/wp-content\/uploads\/2025\/07\/BERC-Maps-5-18-2334-2048x1152-1-768x432.jpg 768w, https:\/\/medicblood.org\/wp-content\/uploads\/2025\/07\/BERC-Maps-5-18-2334-2048x1152-1-1536x864.jpg 1536w\" sizes=\"auto, (max-width: 2048px) 100vw, 2048px\" \/><\/span><\/figure><\/div>\n<\/div><\/div><\/div>\n<\/div><\/div>\n<\/div><\/div><\/div>\n<\/div><\/div>\n<\/div><\/div><\/div>\n<\/div><\/div>\n\n\n\n<div class=\"wp-block-stackable-columns stk-block-columns stk-block stk-774971c\" data-block-id=\"774971c\"><style>.stk-774971c {margin-bottom:var(--stk--preset--spacing--80, 5.06rem) !important;}.stk-774971c-column{max-width:900px !important;min-width:auto !important;margin-right:auto !important;margin-left:auto !important;}<\/style><div class=\"stk-row stk-inner-blocks has-text-align-center stk-block-content stk-content-align stk-774971c-column\">\n<div class=\"wp-block-stackable-column stk-block-column stk-column stk-block stk-a7e0240\" data-v=\"4\" data-block-id=\"a7e0240\"><div class=\"stk-column-wrapper stk-block-column__content stk-container stk-a7e0240-container stk--no-background stk--no-padding\"><div class=\"stk-block-content stk-inner-blocks stk-a7e0240-inner-blocks\">\n<figure class=\"wp-block-embed is-type-video is-provider-youtube wp-block-embed-youtube wp-embed-aspect-16-9 wp-has-aspect-ratio\"><div class=\"wp-block-embed__wrapper\">\n<iframe loading=\"lazy\" title=\"\u00bfC\u00f3mo salva vidas el Cuerpo de Preparaci\u00f3n para Emergencias Sangu\u00edneas?\" width=\"1290\" height=\"726\" src=\"https:\/\/www.youtube.com\/embed\/Qf3x2yxe3gk?feature=oembed\" frameborder=\"0\" allow=\"accelerometer; autoplay; clipboard-write; encrypted-media; gyroscope; picture-in-picture; web-share\" referrerpolicy=\"strict-origin-when-cross-origin\" allowfullscreen><\/iframe>\n<\/div><\/figure>\n<\/div><\/div><\/div>\n<\/div><\/div>","protected":false},"excerpt":{"rendered":"<p>Prepared for today Committed to joining together to prepare for mass transfusion disasters without delay or uncertainty. Blood Emergency Readiness Corp was started in September of 2021. MEDIC Regional Blood Center joined in January of 2022. What is BERC? The Blood Emergency Readiness Corps (BERC) is a group of blood centers across the nation that [&hellip;]<\/p>\n","protected":false},"author":1,"featured_media":0,"parent":0,"menu_order":0,"comment_status":"closed","ping_status":"open","template":"","meta":{"om_disable_all_campaigns":false,"footnotes":""},"class_list":["post-374","page","type-page","status-publish","hentry"],"blocksy_meta":{"has_hero_section":"default","content_style_source":"inherit","vertical_spacing_source":"custom","content_area_spacing":"none","styles_descriptor":{"styles":{"desktop":"","tablet":"","mobile":""},"google_fonts":[],"version":6},"hero_section":"type-2","page_title_bg_type":"custom_image","custom_hero_background":{"attachment_id":238,"url":"https:\/\/medicblood.org\/wp-content\/uploads\/2025\/07\/header_bkg-1024x382.jpg"},"pageTitlePadding":{"state":1,"values":[{"value":"25","unit":"px"},{"value":"auto","unit":""},{"value":"25","unit":"px"},{"value":"auto","unit":""}],"custom":""},"pageTitleOverlay":{"background_type":"color","background_pattern":"type-1","background_image":{"attachment_id":null,"x":0,"y":0},"gradient":"linear-gradient(135deg,rgba(6,147,227,1) 0%,rgb(155,81,224) 100%)","background_repeat":"repeat","background_size":"auto","background_attachment":"scroll","patternColor":{"default":{"color":"#e5e7ea"}},"overlayColor":{"default":{"color":"CT_CSS_SKIP_RULE"}},"backgroundColor":{"default":{"color":"var(--theme-palette-color-1)"}}},"hero_alignment2":"start","pageTitleFontColor":{"default":{"color":"var(--theme-palette-color-8)"}},"hero_height":"200px","hero_elements":[{"id":"custom_title","enabled":true,"heading_tag":"h1","title":"Inicio","__id":"mhuxjFCVdBkJt-FljBfp2"},{"id":"custom_description","enabled":false,"description_visibility":{"desktop":true,"tablet":true,"mobile":false},"__id":"hi096LoiRzfnNS1lBKLAr"},{"id":"custom_meta","enabled":false,"meta_elements":[{"id":"author","enabled":true,"label":"By","has_author_avatar":"yes","avatar_size":25},{"id":"post_date","enabled":true,"label":"On","date_format_source":"default","date_format":"M j, Y"},{"id":"updated_date","enabled":false,"label":"On","date_format_source":"default","date_format":"M j, Y"},{"id":"categories","enabled":false,"label":"In","style":"simple"},{"id":"comments","enabled":true}],"page_meta_elements":{"joined":true,"articles_count":true,"comments":true},"__id":"4b1cwZ1kLZJ-j85_xG2lY"},{"id":"breadcrumbs","enabled":false,"__id":"r3kFEXLsh1BcRNyNYuHRQ"},{"id":"content-block","enabled":false,"__id":"yk5fVOSwgYWUzOM9onelN"}]},"yoast_head":"<!-- This site is optimized with the Yoast SEO plugin v27.4 - https:\/\/yoast.com\/product\/yoast-seo-wordpress\/ -->\n<title>Blood Emergency Readiness Corps - Medic Blood<\/title>\n<meta name=\"robots\" content=\"index, follow, max-snippet:-1, max-image-preview:large, max-video-preview:-1\" \/>\n<link rel=\"canonical\" href=\"https:\/\/medicblood.org\/es\/blood-emergency-readiness-corps\/\" \/>\n<meta property=\"og:locale\" content=\"es_MX\" \/>\n<meta property=\"og:type\" content=\"article\" \/>\n<meta property=\"og:title\" content=\"Blood Emergency Readiness Corps - Medic Blood\" \/>\n<meta property=\"og:description\" content=\"Prepared for today Committed to joining together to prepare for mass transfusion disasters without delay or uncertainty. Blood Emergency Readiness Corp was started in September of 2021. MEDIC Regional Blood Center joined in January of 2022. What is BERC? The Blood Emergency Readiness Corps (BERC) is a group of blood centers across the nation that [&hellip;]\" \/>\n<meta property=\"og:url\" content=\"https:\/\/medicblood.org\/es\/blood-emergency-readiness-corps\/\" \/>\n<meta property=\"og:site_name\" content=\"Medic Blood\" \/>\n<meta property=\"article:publisher\" content=\"https:\/\/www.facebook.com\/medicblood\/\" \/>\n<meta property=\"article:modified_time\" content=\"2025-09-24T15:12:47+00:00\" \/>\n<meta property=\"og:image\" content=\"https:\/\/medicblood.org\/wp-content\/uploads\/2025\/07\/BERC-Maps-5-18-2334-2048x1152-1.jpg\" \/>\n<meta name=\"twitter:card\" content=\"summary_large_image\" \/>\n<meta name=\"twitter:site\" content=\"@MEDICblood\" \/>\n<meta name=\"twitter:label1\" content=\"Tiempo de lectura\" \/>\n\t<meta name=\"twitter:data1\" content=\"1 minuto\" \/>\n<script type=\"application\/ld+json\" class=\"yoast-schema-graph\">{\"@context\":\"https:\\\/\\\/schema.org\",\"@graph\":[{\"@type\":\"WebPage\",\"@id\":\"https:\\\/\\\/medicblood.org\\\/blood-emergency-readiness-corps\\\/\",\"url\":\"https:\\\/\\\/medicblood.org\\\/blood-emergency-readiness-corps\\\/\",\"name\":\"Blood Emergency Readiness Corps - Medic Blood\",\"isPartOf\":{\"@id\":\"https:\\\/\\\/medicblood.org\\\/#website\"},\"primaryImageOfPage\":{\"@id\":\"https:\\\/\\\/medicblood.org\\\/blood-emergency-readiness-corps\\\/#primaryimage\"},\"image\":{\"@id\":\"https:\\\/\\\/medicblood.org\\\/blood-emergency-readiness-corps\\\/#primaryimage\"},\"thumbnailUrl\":\"https:\\\/\\\/medicblood.org\\\/wp-content\\\/uploads\\\/2025\\\/07\\\/BERC-Maps-5-18-2334-2048x1152-1.jpg\",\"datePublished\":\"2025-07-30T16:29:53+00:00\",\"dateModified\":\"2025-09-24T15:12:47+00:00\",\"breadcrumb\":{\"@id\":\"https:\\\/\\\/medicblood.org\\\/blood-emergency-readiness-corps\\\/#breadcrumb\"},\"inLanguage\":\"es\",\"potentialAction\":[{\"@type\":\"ReadAction\",\"target\":[\"https:\\\/\\\/medicblood.org\\\/blood-emergency-readiness-corps\\\/\"]}]},{\"@type\":\"ImageObject\",\"inLanguage\":\"es\",\"@id\":\"https:\\\/\\\/medicblood.org\\\/blood-emergency-readiness-corps\\\/#primaryimage\",\"url\":\"https:\\\/\\\/medicblood.org\\\/wp-content\\\/uploads\\\/2025\\\/07\\\/BERC-Maps-5-18-2334-2048x1152-1.jpg\",\"contentUrl\":\"https:\\\/\\\/medicblood.org\\\/wp-content\\\/uploads\\\/2025\\\/07\\\/BERC-Maps-5-18-2334-2048x1152-1.jpg\"},{\"@type\":\"BreadcrumbList\",\"@id\":\"https:\\\/\\\/medicblood.org\\\/blood-emergency-readiness-corps\\\/#breadcrumb\",\"itemListElement\":[{\"@type\":\"ListItem\",\"position\":1,\"name\":\"Home\",\"item\":\"https:\\\/\\\/medicblood.org\\\/\"},{\"@type\":\"ListItem\",\"position\":2,\"name\":\"Blood Emergency Readiness Corps\"}]},{\"@type\":\"WebSite\",\"@id\":\"https:\\\/\\\/medicblood.org\\\/#website\",\"url\":\"https:\\\/\\\/medicblood.org\\\/\",\"name\":\"Medic Blood\",\"description\":\"MEDIC Regional Blood Center\",\"publisher\":{\"@id\":\"https:\\\/\\\/medicblood.org\\\/#organization\"},\"potentialAction\":[{\"@type\":\"SearchAction\",\"target\":{\"@type\":\"EntryPoint\",\"urlTemplate\":\"https:\\\/\\\/medicblood.org\\\/?s={search_term_string}\"},\"query-input\":{\"@type\":\"PropertyValueSpecification\",\"valueRequired\":true,\"valueName\":\"search_term_string\"}}],\"inLanguage\":\"es\"},{\"@type\":\"Organization\",\"@id\":\"https:\\\/\\\/medicblood.org\\\/#organization\",\"name\":\"Medic Blood\",\"url\":\"https:\\\/\\\/medicblood.org\\\/\",\"logo\":{\"@type\":\"ImageObject\",\"inLanguage\":\"es\",\"@id\":\"https:\\\/\\\/medicblood.org\\\/#\\\/schema\\\/logo\\\/image\\\/\",\"url\":\"https:\\\/\\\/medicblood.org\\\/wp-content\\\/uploads\\\/2025\\\/06\\\/medic_blood_logo_transparent.png\",\"contentUrl\":\"https:\\\/\\\/medicblood.org\\\/wp-content\\\/uploads\\\/2025\\\/06\\\/medic_blood_logo_transparent.png\",\"width\":350,\"height\":114,\"caption\":\"Medic Blood\"},\"image\":{\"@id\":\"https:\\\/\\\/medicblood.org\\\/#\\\/schema\\\/logo\\\/image\\\/\"},\"sameAs\":[\"https:\\\/\\\/www.facebook.com\\\/medicblood\\\/\",\"https:\\\/\\\/x.com\\\/MEDICblood\",\"https:\\\/\\\/www.instagram.com\\\/medicbloodcenter\\\/\"]}]}<\/script>\n<!-- \/ Yoast SEO plugin. -->","yoast_head_json":{"title":"Cuerpo de Preparaci\u00f3n para Emergencias Sangu\u00edneas - M\u00e9dico Sangu\u00edneo","robots":{"index":"index","follow":"follow","max-snippet":"max-snippet:-1","max-image-preview":"max-image-preview:large","max-video-preview":"max-video-preview:-1"},"canonical":"https:\/\/medicblood.org\/es\/blood-emergency-readiness-corps\/","og_locale":"es_MX","og_type":"article","og_title":"Blood Emergency Readiness Corps - Medic Blood","og_description":"Prepared for today Committed to joining together to prepare for mass transfusion disasters without delay or uncertainty. Blood Emergency Readiness Corp was started in September of 2021. MEDIC Regional Blood Center joined in January of 2022. What is BERC? The Blood Emergency Readiness Corps (BERC) is a group of blood centers across the nation that [&hellip;]","og_url":"https:\/\/medicblood.org\/es\/blood-emergency-readiness-corps\/","og_site_name":"Medic Blood","article_publisher":"https:\/\/www.facebook.com\/medicblood\/","article_modified_time":"2025-09-24T15:12:47+00:00","og_image":[{"url":"https:\/\/medicblood.org\/wp-content\/uploads\/2025\/07\/BERC-Maps-5-18-2334-2048x1152-1.jpg","type":"","width":"","height":""}],"twitter_card":"summary_large_image","twitter_site":"@MEDICblood","twitter_misc":{"Tiempo de lectura":"1 minuto"},"schema":{"@context":"https:\/\/schema.org","@graph":[{"@type":"WebPage","@id":"https:\/\/medicblood.org\/blood-emergency-readiness-corps\/","url":"https:\/\/medicblood.org\/blood-emergency-readiness-corps\/","name":"Cuerpo de Preparaci\u00f3n para Emergencias Sangu\u00edneas - M\u00e9dico Sangu\u00edneo","isPartOf":{"@id":"https:\/\/medicblood.org\/#website"},"primaryImageOfPage":{"@id":"https:\/\/medicblood.org\/blood-emergency-readiness-corps\/#primaryimage"},"image":{"@id":"https:\/\/medicblood.org\/blood-emergency-readiness-corps\/#primaryimage"},"thumbnailUrl":"https:\/\/medicblood.org\/wp-content\/uploads\/2025\/07\/BERC-Maps-5-18-2334-2048x1152-1.jpg","datePublished":"2025-07-30T16:29:53+00:00","dateModified":"2025-09-24T15:12:47+00:00","breadcrumb":{"@id":"https:\/\/medicblood.org\/blood-emergency-readiness-corps\/#breadcrumb"},"inLanguage":"es","potentialAction":[{"@type":"ReadAction","target":["https:\/\/medicblood.org\/blood-emergency-readiness-corps\/"]}]},{"@type":"ImageObject","inLanguage":"es","@id":"https:\/\/medicblood.org\/blood-emergency-readiness-corps\/#primaryimage","url":"https:\/\/medicblood.org\/wp-content\/uploads\/2025\/07\/BERC-Maps-5-18-2334-2048x1152-1.jpg","contentUrl":"https:\/\/medicblood.org\/wp-content\/uploads\/2025\/07\/BERC-Maps-5-18-2334-2048x1152-1.jpg"},{"@type":"BreadcrumbList","@id":"https:\/\/medicblood.org\/blood-emergency-readiness-corps\/#breadcrumb","itemListElement":[{"@type":"ListItem","position":1,"name":"Home","item":"https:\/\/medicblood.org\/"},{"@type":"ListItem","position":2,"name":"Blood Emergency Readiness Corps"}]},{"@type":"WebSite","@id":"https:\/\/medicblood.org\/#website","url":"https:\/\/medicblood.org\/","name":"Sangre medicinal","description":"Centro Regional de Sangre MEDIC","publisher":{"@id":"https:\/\/medicblood.org\/#organization"},"potentialAction":[{"@type":"SearchAction","target":{"@type":"EntryPoint","urlTemplate":"https:\/\/medicblood.org\/?s={search_term_string}"},"query-input":{"@type":"PropertyValueSpecification","valueRequired":true,"valueName":"search_term_string"}}],"inLanguage":"es"},{"@type":"Organization","@id":"https:\/\/medicblood.org\/#organization","name":"Sangre medicinal","url":"https:\/\/medicblood.org\/","logo":{"@type":"ImageObject","inLanguage":"es","@id":"https:\/\/medicblood.org\/#\/schema\/logo\/image\/","url":"https:\/\/medicblood.org\/wp-content\/uploads\/2025\/06\/medic_blood_logo_transparent.png","contentUrl":"https:\/\/medicblood.org\/wp-content\/uploads\/2025\/06\/medic_blood_logo_transparent.png","width":350,"height":114,"caption":"Medic Blood"},"image":{"@id":"https:\/\/medicblood.org\/#\/schema\/logo\/image\/"},"sameAs":["https:\/\/www.facebook.com\/medicblood\/","https:\/\/x.com\/MEDICblood","https:\/\/www.instagram.com\/medicbloodcenter\/"]}]}},"_links":{"self":[{"href":"https:\/\/medicblood.org\/es\/wp-json\/wp\/v2\/pages\/374","targetHints":{"allow":["GET"]}}],"collection":[{"href":"https:\/\/medicblood.org\/es\/wp-json\/wp\/v2\/pages"}],"about":[{"href":"https:\/\/medicblood.org\/es\/wp-json\/wp\/v2\/types\/page"}],"author":[{"embeddable":true,"href":"https:\/\/medicblood.org\/es\/wp-json\/wp\/v2\/users\/1"}],"replies":[{"embeddable":true,"href":"https:\/\/medicblood.org\/es\/wp-json\/wp\/v2\/comments?post=374"}],"version-history":[{"count":6,"href":"https:\/\/medicblood.org\/es\/wp-json\/wp\/v2\/pages\/374\/revisions"}],"predecessor-version":[{"id":9923,"href":"https:\/\/medicblood.org\/es\/wp-json\/wp\/v2\/pages\/374\/revisions\/9923"}],"wp:attachment":[{"href":"https:\/\/medicblood.org\/es\/wp-json\/wp\/v2\/media?parent=374"}],"curies":[{"name":"wp","href":"https:\/\/api.w.org\/{rel}","templated":true}]}}