{"id":10040,"date":"2025-10-03T18:19:11","date_gmt":"2025-10-03T22:19:11","guid":{"rendered":"https:\/\/medicblood.org\/?page_id=10040"},"modified":"2025-10-27T12:04:40","modified_gmt":"2025-10-27T16:04:40","slug":"medicpass","status":"publish","type":"page","link":"https:\/\/medicblood.org\/es\/donate\/medicpass\/","title":{"rendered":"MEDICPASS"},"content":{"rendered":"<p class=\"has-medium-font-size\"><strong>\u00a1Ya est\u00e1 aqu\u00ed el cuestionario de salud para el hogar de MEDIC!<\/strong><\/p>\n\n\n\n<hr class=\"wp-block-separator has-alpha-channel-opacity is-style-wide\"\/>\n\n\n\n<p><a href=\"https:\/\/medicpass.org\/Landing\/iCASI_Launch.html\">Haga clic aqu\u00ed<\/a> o escanee el c\u00f3digo QR a continuaci\u00f3n.<\/p>\n\n\n\n<p><strong><mark style=\"background-color:#fcb900\" class=\"has-inline-color has-palette-color-2-color\">Los donantes solo pueden llenar <a href=\"https:\/\/medicpass.org\/Landing\/iCASI_Launch.html\">MEDICPASS<\/a> el d\u00eda de su cita. Consulte el correo electr\u00f3nico con el recordatorio de su cita para obtener m\u00e1s informaci\u00f3n. Para los usuarios de Apple, MEDICPASS funciona mejor con Safari.<\/mark><\/strong><\/p>\n\n\n\n<p><\/p>\n\n\n\n<p>Si recibe este mensaje de error: La informaci\u00f3n no es segura. Cancelar o Enviar de todos modos.<\/p>\n\n\n\n<p>Ten en cuenta que se trata de un error causado por ciertas extensiones del navegador o VPN. Intenta borrar la cach\u00e9 de tu navegador.<\/p>\n\n\n\n<figure class=\"wp-block-image size-large is-resized\"><img loading=\"lazy\" decoding=\"async\" width=\"1024\" height=\"1024\" src=\"https:\/\/medicblood.org\/wp-content\/uploads\/2025\/10\/medicpass-1-1024x1024.png\" alt=\"\" class=\"wp-image-10042\" style=\"width:368px;height:auto\" srcset=\"https:\/\/medicblood.org\/wp-content\/uploads\/2025\/10\/medicpass-1-1024x1024.png 1024w, https:\/\/medicblood.org\/wp-content\/uploads\/2025\/10\/medicpass-1-300x300.png 300w, https:\/\/medicblood.org\/wp-content\/uploads\/2025\/10\/medicpass-1-150x150.png 150w, https:\/\/medicblood.org\/wp-content\/uploads\/2025\/10\/medicpass-1-768x768.png 768w, https:\/\/medicblood.org\/wp-content\/uploads\/2025\/10\/medicpass-1.png 1080w\" sizes=\"auto, (max-width: 1024px) 100vw, 1024px\" \/><\/figure>","protected":false},"excerpt":{"rendered":"<p>The MEDIC at-home health questionnaire has arrived! Click here or scan the QR code below. Donors can only fill out MEDICPASS on the day of their appointment. See your appointment reminder email for more information. For Apple users, MEDICPASS works best with Safari. If you receive this error message: Information is not secure. Cancel or [&hellip;]<\/p>\n","protected":false},"author":3,"featured_media":0,"parent":8263,"menu_order":0,"comment_status":"closed","ping_status":"closed","template":"","meta":{"om_disable_all_campaigns":false,"footnotes":""},"class_list":["post-10040","page","type-page","status-publish","hentry"],"blocksy_meta":[],"yoast_head":"<!-- This site is optimized with the Yoast SEO plugin v27.4 - https:\/\/yoast.com\/product\/yoast-seo-wordpress\/ -->\n<title>MEDICPASS - Medic Blood<\/title>\n<meta name=\"robots\" content=\"index, follow, max-snippet:-1, max-image-preview:large, max-video-preview:-1\" \/>\n<link rel=\"canonical\" href=\"https:\/\/medicblood.org\/es\/donate\/medicpass\/\" \/>\n<meta property=\"og:locale\" content=\"es_MX\" \/>\n<meta property=\"og:type\" content=\"article\" \/>\n<meta property=\"og:title\" content=\"MEDICPASS - Medic Blood\" \/>\n<meta property=\"og:description\" content=\"The MEDIC at-home health questionnaire has arrived! Click here or scan the QR code below. Donors can only fill out MEDICPASS on the day of their appointment. See your appointment reminder email for more information. For Apple users, MEDICPASS works best with Safari. If you receive this error message: Information is not secure. Cancel or [&hellip;]\" \/>\n<meta property=\"og:url\" content=\"https:\/\/medicblood.org\/es\/donate\/medicpass\/\" \/>\n<meta property=\"og:site_name\" content=\"Medic Blood\" \/>\n<meta property=\"article:publisher\" content=\"https:\/\/www.facebook.com\/medicblood\/\" \/>\n<meta property=\"article:modified_time\" content=\"2025-10-27T16:04:40+00:00\" \/>\n<meta property=\"og:image\" content=\"https:\/\/medicblood.org\/wp-content\/uploads\/2025\/10\/medicpass-1-1024x1024.png\" \/>\n<meta name=\"twitter:card\" content=\"summary_large_image\" \/>\n<meta name=\"twitter:site\" content=\"@MEDICblood\" \/>\n<script type=\"application\/ld+json\" class=\"yoast-schema-graph\">{\"@context\":\"https:\\\/\\\/schema.org\",\"@graph\":[{\"@type\":\"WebPage\",\"@id\":\"https:\\\/\\\/medicblood.org\\\/donate\\\/medicpass\\\/\",\"url\":\"https:\\\/\\\/medicblood.org\\\/donate\\\/medicpass\\\/\",\"name\":\"MEDICPASS - Medic Blood\",\"isPartOf\":{\"@id\":\"https:\\\/\\\/medicblood.org\\\/#website\"},\"primaryImageOfPage\":{\"@id\":\"https:\\\/\\\/medicblood.org\\\/donate\\\/medicpass\\\/#primaryimage\"},\"image\":{\"@id\":\"https:\\\/\\\/medicblood.org\\\/donate\\\/medicpass\\\/#primaryimage\"},\"thumbnailUrl\":\"https:\\\/\\\/medicblood.org\\\/wp-content\\\/uploads\\\/2025\\\/10\\\/medicpass-1-1024x1024.png\",\"datePublished\":\"2025-10-03T22:19:11+00:00\",\"dateModified\":\"2025-10-27T16:04:40+00:00\",\"breadcrumb\":{\"@id\":\"https:\\\/\\\/medicblood.org\\\/donate\\\/medicpass\\\/#breadcrumb\"},\"inLanguage\":\"es\",\"potentialAction\":[{\"@type\":\"ReadAction\",\"target\":[\"https:\\\/\\\/medicblood.org\\\/donate\\\/medicpass\\\/\"]}]},{\"@type\":\"ImageObject\",\"inLanguage\":\"es\",\"@id\":\"https:\\\/\\\/medicblood.org\\\/donate\\\/medicpass\\\/#primaryimage\",\"url\":\"https:\\\/\\\/medicblood.org\\\/wp-content\\\/uploads\\\/2025\\\/10\\\/medicpass-1-1024x1024.png\",\"contentUrl\":\"https:\\\/\\\/medicblood.org\\\/wp-content\\\/uploads\\\/2025\\\/10\\\/medicpass-1-1024x1024.png\"},{\"@type\":\"BreadcrumbList\",\"@id\":\"https:\\\/\\\/medicblood.org\\\/donate\\\/medicpass\\\/#breadcrumb\",\"itemListElement\":[{\"@type\":\"ListItem\",\"position\":1,\"name\":\"Home\",\"item\":\"https:\\\/\\\/medicblood.org\\\/\"},{\"@type\":\"ListItem\",\"position\":2,\"name\":\"Donate\",\"item\":\"https:\\\/\\\/medicblood.org\\\/donate\\\/\"},{\"@type\":\"ListItem\",\"position\":3,\"name\":\"MEDICPASS\"}]},{\"@type\":\"WebSite\",\"@id\":\"https:\\\/\\\/medicblood.org\\\/#website\",\"url\":\"https:\\\/\\\/medicblood.org\\\/\",\"name\":\"Medic Blood\",\"description\":\"MEDIC Regional Blood Center\",\"publisher\":{\"@id\":\"https:\\\/\\\/medicblood.org\\\/#organization\"},\"potentialAction\":[{\"@type\":\"SearchAction\",\"target\":{\"@type\":\"EntryPoint\",\"urlTemplate\":\"https:\\\/\\\/medicblood.org\\\/?s={search_term_string}\"},\"query-input\":{\"@type\":\"PropertyValueSpecification\",\"valueRequired\":true,\"valueName\":\"search_term_string\"}}],\"inLanguage\":\"es\"},{\"@type\":\"Organization\",\"@id\":\"https:\\\/\\\/medicblood.org\\\/#organization\",\"name\":\"Medic Blood\",\"url\":\"https:\\\/\\\/medicblood.org\\\/\",\"logo\":{\"@type\":\"ImageObject\",\"inLanguage\":\"es\",\"@id\":\"https:\\\/\\\/medicblood.org\\\/#\\\/schema\\\/logo\\\/image\\\/\",\"url\":\"https:\\\/\\\/medicblood.org\\\/wp-content\\\/uploads\\\/2025\\\/06\\\/medic_blood_logo_transparent.png\",\"contentUrl\":\"https:\\\/\\\/medicblood.org\\\/wp-content\\\/uploads\\\/2025\\\/06\\\/medic_blood_logo_transparent.png\",\"width\":350,\"height\":114,\"caption\":\"Medic Blood\"},\"image\":{\"@id\":\"https:\\\/\\\/medicblood.org\\\/#\\\/schema\\\/logo\\\/image\\\/\"},\"sameAs\":[\"https:\\\/\\\/www.facebook.com\\\/medicblood\\\/\",\"https:\\\/\\\/x.com\\\/MEDICblood\",\"https:\\\/\\\/www.instagram.com\\\/medicbloodcenter\\\/\"]}]}<\/script>\n<!-- \/ Yoast SEO plugin. -->","yoast_head_json":{"title":"MEDICPASS - Medic Blood","robots":{"index":"index","follow":"follow","max-snippet":"max-snippet:-1","max-image-preview":"max-image-preview:large","max-video-preview":"max-video-preview:-1"},"canonical":"https:\/\/medicblood.org\/es\/donate\/medicpass\/","og_locale":"es_MX","og_type":"article","og_title":"MEDICPASS - Medic Blood","og_description":"The MEDIC at-home health questionnaire has arrived! Click here or scan the QR code below. Donors can only fill out MEDICPASS on the day of their appointment. See your appointment reminder email for more information. For Apple users, MEDICPASS works best with Safari. If you receive this error message: Information is not secure. Cancel or [&hellip;]","og_url":"https:\/\/medicblood.org\/es\/donate\/medicpass\/","og_site_name":"Medic Blood","article_publisher":"https:\/\/www.facebook.com\/medicblood\/","article_modified_time":"2025-10-27T16:04:40+00:00","og_image":[{"url":"https:\/\/medicblood.org\/wp-content\/uploads\/2025\/10\/medicpass-1-1024x1024.png","type":"","width":"","height":""}],"twitter_card":"summary_large_image","twitter_site":"@MEDICblood","schema":{"@context":"https:\/\/schema.org","@graph":[{"@type":"WebPage","@id":"https:\/\/medicblood.org\/donate\/medicpass\/","url":"https:\/\/medicblood.org\/donate\/medicpass\/","name":"MEDICPASS - Medic Blood","isPartOf":{"@id":"https:\/\/medicblood.org\/#website"},"primaryImageOfPage":{"@id":"https:\/\/medicblood.org\/donate\/medicpass\/#primaryimage"},"image":{"@id":"https:\/\/medicblood.org\/donate\/medicpass\/#primaryimage"},"thumbnailUrl":"https:\/\/medicblood.org\/wp-content\/uploads\/2025\/10\/medicpass-1-1024x1024.png","datePublished":"2025-10-03T22:19:11+00:00","dateModified":"2025-10-27T16:04:40+00:00","breadcrumb":{"@id":"https:\/\/medicblood.org\/donate\/medicpass\/#breadcrumb"},"inLanguage":"es","potentialAction":[{"@type":"ReadAction","target":["https:\/\/medicblood.org\/donate\/medicpass\/"]}]},{"@type":"ImageObject","inLanguage":"es","@id":"https:\/\/medicblood.org\/donate\/medicpass\/#primaryimage","url":"https:\/\/medicblood.org\/wp-content\/uploads\/2025\/10\/medicpass-1-1024x1024.png","contentUrl":"https:\/\/medicblood.org\/wp-content\/uploads\/2025\/10\/medicpass-1-1024x1024.png"},{"@type":"BreadcrumbList","@id":"https:\/\/medicblood.org\/donate\/medicpass\/#breadcrumb","itemListElement":[{"@type":"ListItem","position":1,"name":"Home","item":"https:\/\/medicblood.org\/"},{"@type":"ListItem","position":2,"name":"Donate","item":"https:\/\/medicblood.org\/donate\/"},{"@type":"ListItem","position":3,"name":"MEDICPASS"}]},{"@type":"WebSite","@id":"https:\/\/medicblood.org\/#website","url":"https:\/\/medicblood.org\/","name":"Sangre medicinal","description":"Centro Regional de Sangre MEDIC","publisher":{"@id":"https:\/\/medicblood.org\/#organization"},"potentialAction":[{"@type":"SearchAction","target":{"@type":"EntryPoint","urlTemplate":"https:\/\/medicblood.org\/?s={search_term_string}"},"query-input":{"@type":"PropertyValueSpecification","valueRequired":true,"valueName":"search_term_string"}}],"inLanguage":"es"},{"@type":"Organization","@id":"https:\/\/medicblood.org\/#organization","name":"Sangre medicinal","url":"https:\/\/medicblood.org\/","logo":{"@type":"ImageObject","inLanguage":"es","@id":"https:\/\/medicblood.org\/#\/schema\/logo\/image\/","url":"https:\/\/medicblood.org\/wp-content\/uploads\/2025\/06\/medic_blood_logo_transparent.png","contentUrl":"https:\/\/medicblood.org\/wp-content\/uploads\/2025\/06\/medic_blood_logo_transparent.png","width":350,"height":114,"caption":"Medic Blood"},"image":{"@id":"https:\/\/medicblood.org\/#\/schema\/logo\/image\/"},"sameAs":["https:\/\/www.facebook.com\/medicblood\/","https:\/\/x.com\/MEDICblood","https:\/\/www.instagram.com\/medicbloodcenter\/"]}]}},"_links":{"self":[{"href":"https:\/\/medicblood.org\/es\/wp-json\/wp\/v2\/pages\/10040","targetHints":{"allow":["GET"]}}],"collection":[{"href":"https:\/\/medicblood.org\/es\/wp-json\/wp\/v2\/pages"}],"about":[{"href":"https:\/\/medicblood.org\/es\/wp-json\/wp\/v2\/types\/page"}],"author":[{"embeddable":true,"href":"https:\/\/medicblood.org\/es\/wp-json\/wp\/v2\/users\/3"}],"replies":[{"embeddable":true,"href":"https:\/\/medicblood.org\/es\/wp-json\/wp\/v2\/comments?post=10040"}],"version-history":[{"count":6,"href":"https:\/\/medicblood.org\/es\/wp-json\/wp\/v2\/pages\/10040\/revisions"}],"predecessor-version":[{"id":10080,"href":"https:\/\/medicblood.org\/es\/wp-json\/wp\/v2\/pages\/10040\/revisions\/10080"}],"up":[{"embeddable":true,"href":"https:\/\/medicblood.org\/es\/wp-json\/wp\/v2\/pages\/8263"}],"wp:attachment":[{"href":"https:\/\/medicblood.org\/es\/wp-json\/wp\/v2\/media?parent=10040"}],"curies":[{"name":"wp","href":"https:\/\/api.w.org\/{rel}","templated":true}]}}